{"id":30730,"date":"2025-07-25T18:04:21","date_gmt":"2025-07-25T16:04:21","guid":{"rendered":"https:\/\/alessiom160.sg-host.com\/?page_id=30730"},"modified":"2025-11-24T17:51:15","modified_gmt":"2025-11-24T16:51:15","slug":"oem","status":"publish","type":"page","link":"https:\/\/blackbird.store360.it\/de\/oem\/","title":{"rendered":"OEM"},"content":{"rendered":"<div data-elementor-type=\"wp-page\" data-elementor-id=\"30730\" class=\"elementor elementor-30730\" data-elementor-post-type=\"page\">\n\t\t\t\t<section class=\"elementor-element elementor-element-bba599f e-con-full section-s e-flex e-con e-parent\" data-id=\"bba599f\" data-element_type=\"container\">\n\t\t<div class=\"elementor-element elementor-element-29438d7 e-con-full e-flex e-con e-child\" data-id=\"29438d7\" data-element_type=\"container\">\n\t\t\t\t<div class=\"elementor-element elementor-element-2a845a6 elementor-widget elementor-widget-heading\" data-id=\"2a845a6\" data-element_type=\"widget\" data-widget_type=\"heading.default\">\n\t\t\t\t\t<h2 class=\"elementor-heading-title elementor-size-default\">Aufgabe<\/h2>\t\t\t\t<\/div>\n\t\t\t\t<div class=\"elementor-element elementor-element-b5428bc elementor-widget elementor-widget-text-editor\" data-id=\"b5428bc\" data-element_type=\"widget\" data-widget_type=\"text-editor.default\">\n\t\t\t\t\t\t\t\t\t<p>BBr o.e.m. m\u00f6chte einen kompletten und qualifizierten Service anbieten, der den Bed\u00fcrfnissen jedes Kunden sowohl in der Planungs- als auch in der Produktionsphase f\u00fcr die Dekoration von zweir\u00e4drigen und vierr\u00e4drigen Fahrzeugen durch Aufkleber entspricht.<\/p><p>Von der Industrialisierung der grafischen Dateien bis hin zur Verpackung und zum Versand der Produkte verwaltet die BBr o.e.m. intern alle Zwischenbearbeitungen.<br \/>Dies garantiert uns immer eine volle Kontrolle \u00fcber die Qualit\u00e4t und Produktivit\u00e4t jedes produzierten Artikels.<\/p>\t\t\t\t\t\t\t\t<\/div>\n\t\t<section class=\"elementor-element elementor-element-acca076 e-con-full e-flex e-con e-child\" data-id=\"acca076\" data-element_type=\"container\">\n\t\t<div class=\"elementor-element elementor-element-8ff7438 e-con-full section-left-s e-flex e-con e-child\" data-id=\"8ff7438\" data-element_type=\"container\" data-settings=\"{&quot;background_background&quot;:&quot;classic&quot;}\">\n\t\t<div class=\"elementor-element elementor-element-202c580 e-con-full e-flex e-con e-child\" data-id=\"202c580\" data-element_type=\"container\">\n\t\t\t\t<div class=\"elementor-element elementor-element-27621b4 elementor-widget elementor-widget-heading\" data-id=\"27621b4\" data-element_type=\"widget\" data-widget_type=\"heading.default\">\n\t\t\t\t\t<h3 class=\"elementor-heading-title elementor-size-default\">Ziele<\/h3>\t\t\t\t<\/div>\n\t\t\t\t<\/div>\n\t\t\t\t<div class=\"elementor-element elementor-element-a9cf205 elementor-widget elementor-widget-text-editor\" data-id=\"a9cf205\" data-element_type=\"widget\" data-widget_type=\"text-editor.default\">\n\t\t\t\t\t\t\t\t\t<p>Wir fassen unsere Ziele gerne mit dem Wort <strong>RISS<\/strong><\/p><ul><li class=\"translation-block\"><strong>F<\/strong>orschung Auf unsere Produkte triff<\/li><li><strong>I<\/strong>ndustrializzazione, della produzione mediante la continua ricerca di attrezzature tecnologicamente avanzate.<\/li><li><strong>S<\/strong>viluppo, di nuovi materiali in collaborazione con i clienti stessi.<\/li><li><strong>S<\/strong>oddisfazione del cliente.<\/li><\/ul>\t\t\t\t\t\t\t\t<\/div>\n\t\t\t\t<\/div>\n\t\t<div class=\"elementor-element elementor-element-d1d5e49 e-con-full section-right-s e-flex e-con e-child\" data-id=\"d1d5e49\" data-element_type=\"container\" data-settings=\"{&quot;background_background&quot;:&quot;classic&quot;}\">\n\t\t\t\t<\/div>\n\t\t\t\t<\/section>\n\t\t\t\t<\/div>\n\t\t<div class=\"elementor-element elementor-element-a6b64ce e-con-full e-flex e-con e-child\" data-id=\"a6b64ce\" data-element_type=\"container\">\n\t\t\t\t<div class=\"elementor-element elementor-element-8be531b elementor-widget elementor-widget-heading\" data-id=\"8be531b\" data-element_type=\"widget\" data-widget_type=\"heading.default\">\n\t\t\t\t\t<h2 class=\"elementor-heading-title elementor-size-default\">BBR O.E.M. Herstellung von Klebstoff-Kits<\/h2>\t\t\t\t<\/div>\n\t\t<div class=\"elementor-element elementor-element-2cf3298 e-con-full e-flex e-con e-child\" data-id=\"2cf3298\" data-element_type=\"container\">\n\t\t\t\t<div class=\"elementor-element elementor-element-55c0dda elementor-widget elementor-widget-heading\" data-id=\"55c0dda\" data-element_type=\"widget\" data-widget_type=\"heading.default\">\n\t\t\t\t\t<h3 class=\"elementor-heading-title elementor-size-default\">Progettazione ed elaborazione file\n<\/h3>\t\t\t\t<\/div>\n\t\t\t\t<div class=\"elementor-element elementor-element-3e7dc02 elementor-widget elementor-widget-text-editor\" data-id=\"3e7dc02\" data-element_type=\"widget\" data-widget_type=\"text-editor.default\">\n\t\t\t\t\t\t\t\t\t<p>BBr o.e.m., in Zusammenarbeit mit Stylezentren und\/oder Grafikagenturen besch\u00e4ftigt sich mit:<\/p><ul><li>Untersuchung und Auswahl des am besten geeigneten Materials auf der Grundlage der Art des Mediums, auf dem die Anwendung erfolgt.<\/li><li>Die Umrisse der Stempel werden direkt auf das Fahrzeug gezeichnet, wobei die Abst\u00e4nde in Bezug auf die bestm\u00f6gliche Anwendbarkeit berechnet werden.<\/li><li>Geben Sie eine vorgeformte Vorserie an, um die Anwendbarkeit zu \u00fcberpr\u00fcfen.<\/li><li>Die \u00dcberlappungen auf den Ausf\u00fchrungsdateien bearbeiten und herstellen, um sie industrialisierbar zu machen, je nach der Art des Drucks und den gew\u00e4hlten Materialien.<\/li><li>Herstellung der f\u00fcr den endg\u00fcltigen Siebdruck erforderlichen Anlagen.<\/li><\/ul>\t\t\t\t\t\t\t\t<\/div>\n\t\t\t\t<\/div>\n\t\t<div class=\"elementor-element elementor-element-ad8bff6 e-con-full e-flex e-con e-child\" data-id=\"ad8bff6\" data-element_type=\"container\">\n\t\t\t\t<div class=\"elementor-element elementor-element-da7734f elementor-widget elementor-widget-heading\" data-id=\"da7734f\" data-element_type=\"widget\" data-widget_type=\"heading.default\">\n\t\t\t\t\t<h3 class=\"elementor-heading-title elementor-size-default\">Erstellung von Prototypen f\u00fcr Messen oder Pr\u00e4sentationen<\/h3>\t\t\t\t<\/div>\n\t\t\t\t<div class=\"elementor-element elementor-element-966bc34 elementor-widget elementor-widget-text-editor\" data-id=\"966bc34\" data-element_type=\"widget\" data-widget_type=\"text-editor.default\">\n\t\t\t\t\t\t\t\t\t<p>BBr o.e.m besch\u00e4ftigt sich mit dem Drucken, dem Schneiden und der Anwendung jeder Art von Prototypen f\u00fcr Messen, Veranstaltungen, Fotoshootings oder auch nur f\u00fcr die vollst\u00e4ndige Ansicht des fertigen Produkts.<br \/>Diese Prototypen werden von uns mit den besten auf dem Markt verf\u00fcgbaren Digitaldrucktechnologien hergestellt.<\/p>\t\t\t\t\t\t\t\t<\/div>\n\t\t\t\t<\/div>\n\t\t<div class=\"elementor-element elementor-element-0984d51 e-con-full e-flex e-con e-child\" data-id=\"0984d51\" data-element_type=\"container\">\n\t\t\t\t<div class=\"elementor-element elementor-element-e663f2d elementor-widget elementor-widget-heading\" data-id=\"e663f2d\" data-element_type=\"widget\" data-widget_type=\"heading.default\">\n\t\t\t\t\t<h3 class=\"elementor-heading-title elementor-size-default\">Produktion der Sticker<\/h3>\t\t\t\t<\/div>\n\t\t\t\t<div class=\"elementor-element elementor-element-a1d6bc9 elementor-widget elementor-widget-text-editor\" data-id=\"a1d6bc9\" data-element_type=\"widget\" data-widget_type=\"text-editor.default\">\n\t\t\t\t\t\t\t\t\t<p>BBr o.e.m f\u00fchrt 100% der Arbeiten in seiner Produktionsst\u00e4tte in Genua durch, wobei es sich um hochspezialisiertes Personal mit ausgezeichneter Erfahrung im Sektor und den besten automatisierten Siebdrucksystemen handelt.<\/p>\t\t\t\t\t\t\t\t<\/div>\n\t\t<div class=\"elementor-element elementor-element-733713e e-con-full e-flex e-con e-child\" data-id=\"733713e\" data-element_type=\"container\" data-settings=\"{&quot;background_background&quot;:&quot;classic&quot;}\">\n\t\t\t\t<div class=\"elementor-element elementor-element-54a9783 elementor-widget elementor-widget-heading\" data-id=\"54a9783\" data-element_type=\"widget\" data-widget_type=\"heading.default\">\n\t\t\t\t\t<h4 class=\"elementor-heading-title elementor-size-default\">BBR O.E.M. Herstellung von Satteldecken<\/h4>\t\t\t\t<\/div>\n\t\t\t\t<div class=\"elementor-element elementor-element-9291d66 elementor-widget elementor-widget-text-editor\" data-id=\"9291d66\" data-element_type=\"widget\" data-widget_type=\"text-editor.default\">\n\t\t\t\t\t\t\t\t\t<div>Eine weitere Dienstleistung, die BBr o.e.m seinen Kunden zur Verf\u00fcgung stellt, ist das Design und die Industrialisierung der Sattelabdeckungen.<br \/>Die Forschungs- und Entwicklungsabteilung dieses Sektors arbeitet st\u00e4ndig mit allen von uns unterst\u00fctzten Racing-Teams zusammen, um die f\u00fcr die Herstellung des Endprodukts erforderlichen Materialien zu verbessern und zu innovieren.<br \/>In collaborazione con tutte le pi\u00f9 prestigiose societ\u00e0 che si occupano della produzione delle selle complete, BBr o.e.m. si pu\u00f2 occupare della personalizzazione fornendo le parti laterali stampate sia in materiale antiscivolo che in materiale lucido. Un servizio veramente innovativo che sfrutta le conoscenze tecniche di una azienda grafica applicate ad un prodotto tecnico.<\/div>\t\t\t\t\t\t\t\t<\/div>\n\t\t\t\t<div class=\"elementor-element elementor-element-e84c835 elementor-widget elementor-widget-heading\" data-id=\"e84c835\" data-element_type=\"widget\" data-widget_type=\"heading.default\">\n\t\t\t\t\t<h4 class=\"elementor-heading-title elementor-size-default\">Packaging e controllo qualit\u00e0<\/h4>\t\t\t\t<\/div>\n\t\t\t\t<div class=\"elementor-element elementor-element-9a0ac47 elementor-widget elementor-widget-text-editor\" data-id=\"9a0ac47\" data-element_type=\"widget\" data-widget_type=\"text-editor.default\">\n\t\t\t\t\t\t\t\t\t<div>BBr o.e.m pu\u00f2 confezionare, anche singolarmente in blister, tutti gli stickers.<br \/>I blister possono essere standard o personalizzati, possono essere dotati di etichette con qualsiasi sistema di riconoscimento richiesto dal cliente.<br \/>Tutti gli stickers da noi prodotti passano dal reparto controllo qualit\u00e0 e vengono controllati singolarmente, scartando tutti quelli ritenuto non idonei.<\/div>\t\t\t\t\t\t\t\t<\/div>\n\t\t\t\t<div class=\"elementor-element elementor-element-6a349da elementor-widget elementor-widget-heading\" data-id=\"6a349da\" data-element_type=\"widget\" data-widget_type=\"heading.default\">\n\t\t\t\t\t<h4 class=\"elementor-heading-title elementor-size-default\">Ricerca e sviluppo<\/h4>\t\t\t\t<\/div>\n\t\t\t\t<div class=\"elementor-element elementor-element-6575ac6 elementor-widget elementor-widget-text-editor\" data-id=\"6575ac6\" data-element_type=\"widget\" data-widget_type=\"text-editor.default\">\n\t\t\t\t\t\t\t\t\t<div>Cervello e cuore della BBr o.e.m. \u00e8 certamente il reparto di Ricerca e Sviluppo strutturato per rispondere in tempo reale a tutte le richieste ed esigenze dei clienti.<br \/>Il reparto mantiene stretti contatti con tutti i nostri principali fornitori di materie prime oltre ad essere dotato di tutte quelle attrezzature che permettono l\u2019invecchiamento accelerato dei prodotti finiti per poter, in seguito, certificare una garanzia.<br \/>Il reparto ricerca e sviluppo \u00e8 la vera anima del Gruppo Blackbird, il fiore all\u2019occhiello di un\u2019azienda che ha fatto dell\u2019innovazione il proprio marchio di fabbrica.<\/div>\t\t\t\t\t\t\t\t<\/div>\n\t\t\t\t<\/div>\n\t\t\t\t<\/div>\n\t\t\t\t<\/div>\n\t\t\t\t<\/section>\n\t\t\t\t<\/div>","protected":false},"excerpt":{"rendered":"<p>Mission BBr o.e.m. vuole offrire un servizio completo e qualificato adatto alle esigenze di ogni cliente sia nella fase di progettazione che in quella di produzione per la decorazione, tramite stickers, dei veicoli a due e quattro ruote. Partendo dall\u2019industrializzazione dei file grafici fino ad arrivare alla confezione e spedizione dei prodotti, la BBr o.e.m. [&hellip;]<\/p>","protected":false},"author":1,"featured_media":77138,"parent":0,"menu_order":0,"comment_status":"closed","ping_status":"closed","template":"","meta":{"_acf_changed":false,"footnotes":""},"class_list":["post-30730","page","type-page","status-publish","has-post-thumbnail","hentry"],"acf":[],"_links":{"self":[{"href":"https:\/\/blackbird.store360.it\/de\/wp-json\/wp\/v2\/pages\/30730","targetHints":{"allow":["GET"]}}],"collection":[{"href":"https:\/\/blackbird.store360.it\/de\/wp-json\/wp\/v2\/pages"}],"about":[{"href":"https:\/\/blackbird.store360.it\/de\/wp-json\/wp\/v2\/types\/page"}],"author":[{"embeddable":true,"href":"https:\/\/blackbird.store360.it\/de\/wp-json\/wp\/v2\/users\/1"}],"replies":[{"embeddable":true,"href":"https:\/\/blackbird.store360.it\/de\/wp-json\/wp\/v2\/comments?post=30730"}],"version-history":[{"count":10,"href":"https:\/\/blackbird.store360.it\/de\/wp-json\/wp\/v2\/pages\/30730\/revisions"}],"predecessor-version":[{"id":31159,"href":"https:\/\/blackbird.store360.it\/de\/wp-json\/wp\/v2\/pages\/30730\/revisions\/31159"}],"wp:featuredmedia":[{"embeddable":true,"href":"https:\/\/blackbird.store360.it\/de\/wp-json\/wp\/v2\/media\/77138"}],"wp:attachment":[{"href":"https:\/\/blackbird.store360.it\/de\/wp-json\/wp\/v2\/media?parent=30730"}],"curies":[{"name":"wp","href":"https:\/\/api.w.org\/{rel}","templated":true}]}}