{"id":81019,"date":"2025-11-28T09:39:24","date_gmt":"2025-11-28T08:39:24","guid":{"rendered":"https:\/\/blackbird.store360.it\/?page_id=81019"},"modified":"2025-12-01T10:20:53","modified_gmt":"2025-12-01T09:20:53","slug":"registrazione","status":"publish","type":"page","link":"https:\/\/blackbird.store360.it\/de\/registrazione\/","title":{"rendered":"Registrazione"},"content":{"rendered":"<div data-elementor-type=\"wp-page\" data-elementor-id=\"81019\" class=\"elementor elementor-81019\" data-elementor-post-type=\"page\">\n\t\t\t\t<section class=\"elementor-element elementor-element-4753185 e-con-full e-flex e-con e-parent\" data-id=\"4753185\" data-element_type=\"container\">\n\t\t<div class=\"elementor-element elementor-element-fb4f441 e-con-full section-left-s elementor-hidden-tablet elementor-hidden-mobile e-flex e-con e-child\" data-id=\"fb4f441\" data-element_type=\"container\" data-settings=\"{&quot;background_background&quot;:&quot;classic&quot;}\">\n\t\t\t\t<\/div>\n\t\t<div class=\"elementor-element elementor-element-e5a336b e-con-full section-right-s e-flex e-con e-child\" data-id=\"e5a336b\" data-element_type=\"container\" data-settings=\"{&quot;background_background&quot;:&quot;classic&quot;}\">\n\t\t\t\t<div class=\"elementor-element elementor-element-1eebf4c elementor-widget elementor-widget-heading\" data-id=\"1eebf4c\" data-element_type=\"widget\" data-widget_type=\"heading.default\">\n\t\t\t\t\t<h1 class=\"elementor-heading-title elementor-size-default\">Registrati<\/h1>\t\t\t\t<\/div>\n\t\t<div class=\"elementor-element elementor-element-9f33761 e-con-full e-flex e-con e-child\" data-id=\"9f33761\" data-element_type=\"container\">\n\t\t\t\t<div class=\"elementor-element elementor-element-31016e6 elementor-widget elementor-widget-heading\" data-id=\"31016e6\" data-element_type=\"widget\" data-widget_type=\"heading.default\">\n\t\t\t\t\t<div class=\"elementor-heading-title elementor-size-default\">Hai gi\u00e0 un account?<\/div>\t\t\t\t<\/div>\n\t\t\t\t<div class=\"elementor-element elementor-element-0de5054 elementor-hidden-mobile elementor-widget elementor-widget-button\" data-id=\"0de5054\" data-element_type=\"widget\" data-widget_type=\"button.default\">\n\t\t\t\t\t\t\t\t\t\t<a class=\"elementor-button elementor-button-link elementor-size-sm\" href=\"https:\/\/blackbird.store360.it\/de\/login\/\">\n\t\t\t\t\t\t<span class=\"elementor-button-content-wrapper\">\n\t\t\t\t\t\t\t\t\t<span class=\"elementor-button-text\">Accedi<\/span>\n\t\t\t\t\t<\/span>\n\t\t\t\t\t<\/a>\n\t\t\t\t\t\t\t\t<\/div>\n\t\t\t\t<div class=\"elementor-element elementor-element-b71eb91 elementor-mobile-align-justify elementor-hidden-desktop elementor-hidden-laptop elementor-hidden-tablet elementor-widget elementor-widget-button\" data-id=\"b71eb91\" data-element_type=\"widget\" data-widget_type=\"button.default\">\n\t\t\t\t\t\t\t\t\t\t<a class=\"elementor-button elementor-button-link elementor-size-sm\" href=\"https:\/\/blackbird.store360.it\/de\/login\/\">\n\t\t\t\t\t\t<span class=\"elementor-button-content-wrapper\">\n\t\t\t\t\t\t\t\t\t<span class=\"elementor-button-text\">Accedi<\/span>\n\t\t\t\t\t<\/span>\n\t\t\t\t\t<\/a>\n\t\t\t\t\t\t\t\t<\/div>\n\t\t\t\t<\/div>\n\t\t\t\t<div class=\"elementor-element elementor-element-06e11df elementor-widget elementor-widget-shortcode\" data-id=\"06e11df\" data-element_type=\"widget\" data-widget_type=\"shortcode.default\">\n\t\t\t\t\t\t\t<div class=\"elementor-shortcode\">    \n    <form method=\"post\" class=\"woocommerce-form woocommerce-form-register register\" action=\"\" >\n\n                \n        <p class=\"form-row client-type\">\n            <label>\n                <input type=\"radio\" name=\"_billing_tipo_di_cliente\" value=\"privato\"  checked='checked' \/>\n                <span class=\"ui\">Privato<\/span>\n            <\/label>\n            <label>\n                <input type=\"radio\" name=\"_billing_tipo_di_cliente\" value=\"azienda\"  \/>\n                <span class=\"ui\">Unternehmen<\/span>\n            <\/label>\n        <\/p>\n\n        <div id=\"bb-company-fields\" style=\"display:none;\">\n            <p class=\"form-row\">\n                <label for=\"_billing_nome_azienda\">Nome dell&#039;azienda <span class=\"required\">*<\/span><\/label>\n                <input type=\"text\" class=\"input-text\" name=\"_billing_nome_azienda\" id=\"_billing_nome_azienda\" value=\"\" \/>\n            <\/p>\n            <p class=\"form-row form-row-first\">\n                <label for=\"_billing_piva\">P.IVA <span class=\"required\">*<\/span><\/label>\n                <input type=\"text\" class=\"input-text\" name=\"_billing_piva\" id=\"_billing_piva\" value=\"\" \/>\n            <\/p>\n            <p class=\"form-row form-row-last\">\n                <label for=\"_billing_sdi\">Codice SDI (per fatturazione elettronica) <span class=\"required\">*<\/span><\/label>\n                <input type=\"text\" class=\"input-text\" name=\"_billing_sdi\" id=\"_billing_sdi\" value=\"\" \/>\n            <\/p>\n        <\/div>\n\n        <div class=\"form-row-flex\">\n            <p class=\"form-row form-row-first\">\n                <label for=\"billing_first_name\">Vorname <span class=\"required\">*<\/span><\/label>\n                <input type=\"text\" class=\"input-text\" name=\"billing_first_name\" id=\"billing_first_name\" value=\"\" required \/>\n            <\/p>\n            <p class=\"form-row form-row-last\">\n                <label for=\"billing_last_name\">Nachname <span class=\"required\">*<\/span><\/label>\n                <input type=\"text\" class=\"input-text\" name=\"billing_last_name\" id=\"billing_last_name\" value=\"\" required \/>\n            <\/p>\n        <\/div>\n\n        <p class=\"form-row\">\n            <label for=\"billing_phone\" data-no-translation=\"\" data-trp-gettext=\"\">Telefon<\/label>\n            <input type=\"tel\" class=\"input-text\" name=\"billing_phone\" id=\"billing_phone\" value=\"\" \/>\n            \n            <input type=\"text\" name=\"bb_hp\" id=\"bb_hp\" value=\"\" style=\"display:none!important\" tabindex=\"-1\" autocomplete=\"off\" \/>\n            <input type=\"hidden\" name=\"bb_ts\" value=\"1776732478\" \/>\n        <\/p>\n\n        <p class=\"form-row\">\n            <label for=\"_billing_codice_fiscale\">Codice Fiscale<\/label>\n            <input type=\"text\" class=\"input-text\" name=\"_billing_codice_fiscale\" id=\"_billing_codice_fiscale\" value=\"\" \/>\n        <\/p>\n\n        <div id=\"bb-login-details\">\n            <h4 class=\"box-title\">Dettagli login<\/h4>\n            <p class=\"form-row form-row-wide\">\n                <label for=\"reg_email\">E-Mail-Adresse <span class=\"required\">*<\/span><\/label>\n                <input type=\"email\" class=\"input-text\" name=\"email\" id=\"reg_email\" autocomplete=\"email\"\n                    value=\"\" required \/>\n            <\/p>\n\n            <p class=\"form-row form-row-wide\">\n                <label for=\"bb_password\">Password <span class=\"required\">*<\/span><\/label>\n                <div class=\"bb-pass-wrap\" style=\"position:relative\">\n                    <input type=\"password\" class=\"input-text\" name=\"bb_password\" id=\"bb_password\" required\n minlength=\"10\" autocomplete=\"new-password\" \/>\n                    <button type=\"button\" class=\"button\" id=\"bb_pw_toggle\" tabindex=\"-1\">\n                        <svg aria-hidden=\"true\" class=\"e-font-icon-svg e-far-eye bb-pass-show\" viewbox=\"0 0 576 512\" xmlns=\"http:\/\/www.w3.org\/2000\/svg\"><path d=\"M288 144a110.94 110.94 0 0 0-31.24 5 55.4 55.4 0 0 1 7.24 27 56 56 0 0 1-56 56 55.4 55.4 0 0 1-27-7.24A111.71 111.71 0 1 0 288 144zm284.52 97.4C518.29 135.59 410.93 64 288 64S57.68 135.64 3.48 241.41a32.35 32.35 0 0 0 0 29.19C57.71 376.41 165.07 448 288 448s230.32-71.64 284.52-177.41a32.35 32.35 0 0 0 0-29.19zM288 400c-98.65 0-189.09-55-237.93-144C98.91 167 189.34 112 288 112s189.09 55 237.93 144C477.1 345 386.66 400 288 400z\"><\/path><\/svg>\n                        <svg aria-hidden=\"true\" class=\"e-font-icon-svg e-far-eye-slash bb-pass-hide\" viewbox=\"0 0 640 512\" xmlns=\"http:\/\/www.w3.org\/2000\/svg\"><path d=\"M634 471L36 3.51A16 16 0 0 0 13.51 6l-10 12.49A16 16 0 0 0 6 41l598 467.49a16 16 0 0 0 22.49-2.49l10-12.49A16 16 0 0 0 634 471zM296.79 146.47l134.79 105.38C429.36 191.91 380.48 144 320 144a112.26 112.26 0 0 0-23.21 2.47zm46.42 219.07L208.42 260.16C210.65 320.09 259.53 368 320 368a113 113 0 0 0 23.21-2.46zM320 112c98.65 0 189.09 55 237.93 144a285.53 285.53 0 0 1-44 60.2l37.74 29.5a333.7 333.7 0 0 0 52.9-75.11 32.35 32.35 0 0 0 0-29.19C550.29 135.59 442.93 64 320 64c-36.7 0-71.71 7-104.63 18.81l46.41 36.29c18.94-4.3 38.34-7.1 58.22-7.1zm0 288c-98.65 0-189.08-55-237.93-144a285.47 285.47 0 0 1 44.05-60.19l-37.74-29.5a333.6 333.6 0 0 0-52.89 75.1 32.35 32.35 0 0 0 0 29.19C89.72 376.41 197.08 448 320 448c36.7 0 71.71-7.05 104.63-18.81l-46.41-36.28C359.28 397.2 339.89 400 320 400z\"><\/path><\/svg>\n                    <\/button>\n                <\/div>\n                <!-- Password rules -->\n                <ul id=\"bb_pw_rules\" class=\"bb-pw-rules\" style=\"list-style: none;\">\n                    <li data-rule=\"len\">Almeno 10 caratteri<\/li>\n                    <li data-rule=\"num\">Almeno un numero<\/li>                    <li data-rule=\"sym\">Almeno un simbolo<\/li>                <\/ul>\n            <\/p>\n            <p class=\"form-row form-row-wide\">\n                <label for=\"bb_password_confirm\">Conferma password <span class=\"required\">*<\/span><\/label>\n                <input type=\"password\" class=\"input-text\" name=\"bb_password_confirm\" id=\"bb_password_confirm\" required autocomplete=\"new-password\" \/>\n                <small id=\"bb_pw_match_msg\" style=\"display:block;\"><\/small>\n            <\/p>\n        <\/div>\n\n        <wc-order-attribution-inputs><\/wc-order-attribution-inputs><div class=\"woocommerce-privacy-policy-text\"><p>I tuoi dati personali verranno utilizzati per supportare la tua esperienza su questo sito web, per gestire l'accesso al tuo account e per altri scopi descritti nella nostra <a href=\"\" class=\"woocommerce-privacy-policy-link\" target=\"_blank\" data-no-translation=\"\" data-trp-gettext=\"\">Datenschutzerkl\u00e4rung<\/a>.<\/p>\n<\/div>\n        <input type=\"hidden\" id=\"woocommerce-register-nonce\" name=\"woocommerce-register-nonce\" value=\"c155e77731\" \/><input type=\"hidden\" name=\"_wp_http_referer\" value=\"\/de\/wp-json\/wp\/v2\/pages\/81019\" \/>        <input type=\"hidden\" id=\"bb_reg_nonce\" name=\"bb_reg_nonce\" value=\"9396641b0b\" \/><input type=\"hidden\" name=\"_wp_http_referer\" value=\"\/de\/wp-json\/wp\/v2\/pages\/81019\" \/>        <button type=\"submit\" class=\"woocommerce-Button button\" name=\"bb_register\" value=\"Registrieren\" data-no-translation-value=\"\">\n            Registrieren        <\/button>\n\n            <input type=\"hidden\" name=\"trp-form-language\" value=\"de\"\/><\/form>\n\n    <script>\n    (function(){\n        const radios = document.querySelectorAll('input[name=\"_billing_tipo_di_cliente\"]');\n        const blocco = document.getElementById('bb-company-fields');\n        function toggleBlock(){\n            const sel = document.querySelector('input[name=\"_billing_tipo_di_cliente\"]:checked');\n            if(!sel) return;\n            const azienda = sel.value === 'azienda';\n            blocco.style.display = azienda ? '' : 'none';\n            ['_billing_nome_azienda','_billing_piva','_billing_sdi'].forEach(id=>{\n                const el = document.getElementById(id);\n                if (el) el.required = azienda;\n            });\n        }\n        radios.forEach(r=>r.addEventListener('change', toggleBlock));\n        toggleBlock();\n\n        const minLen = 10;\n        const needNum = true;\n        const needSym = true;\n\n        const pw   = document.getElementById('bb_password');\n        const pwc  = document.getElementById('bb_password_confirm');\n        const list = document.getElementById('bb_pw_rules');\n        const msg  = document.getElementById('bb_pw_match_msg');\n        const tog  = document.getElementById('bb_pw_toggle');\n        const showIcon = tog.querySelector('.bb-pass-show');\n        const hideIcon = tog.querySelector('.bb-pass-hide');\n\n        showIcon.style.display = 'inline';\n        hideIcon.style.display = 'none';\n\n        function updateRules(){\n            const v = pw.value || '';\n            const okLen = v.length >= minLen;\n            const okNum = \/\\d\/.test(v);\n            const okSym = \/[^A-Za-z0-9]\/.test(v);\n\n            list.querySelector('[data-rule=\"len\"]')?.classList.toggle('passed', okLen);\n            if(needNum) list.querySelector('[data-rule=\"num\"]')?.classList.toggle('passed', okNum);\n            if(needSym) list.querySelector('[data-rule=\"sym\"]')?.classList.toggle('passed', okSym);\n        }\n        function updateMatch(){\n            if (!pwc.value) { msg.textContent=''; return; }\n            if (pwc.value === pw.value) {\n            msg.textContent = 'Le password coincidono';\n            msg.style.color = '#0b9e1c';\n            } else {\n            msg.textContent = 'Le password non coincidono';\n            msg.style.color = '#b81111';\n            }\n        }\n        pw.addEventListener('input', updateRules);\n        pwc.addEventListener('input', updateMatch);\n\n        tog.addEventListener('click', function(){\n            const isHidden = pw.type === 'password';\n            pw.type = isHidden ? 'text' : 'password';\n            showIcon.style.display = isHidden ? 'none' : 'inline';\n            hideIcon.style.display = isHidden ? 'inline' : 'none';\n        });\n\n        updateRules();\n    })();\n    <\/script>\n    <\/div>\n\t\t\t\t\t\t<\/div>\n\t\t\t\t<\/div>\n\t\t\t\t<\/section>\n\t\t<section class=\"elementor-element elementor-element-3185e21 e-con-full e-flex e-con e-parent\" data-id=\"3185e21\" data-element_type=\"container\">\n\t\t<div class=\"elementor-element elementor-element-fb870cb e-con-full section-left-s e-flex e-con e-child\" data-id=\"fb870cb\" data-element_type=\"container\" data-settings=\"{&quot;background_background&quot;:&quot;classic&quot;}\">\n\t\t<div class=\"elementor-element elementor-element-f583cb3 e-con-full e-flex e-con e-child\" data-id=\"f583cb3\" data-element_type=\"container\">\n\t\t\t\t<div class=\"elementor-element elementor-element-196bd82 elementor-widget elementor-widget-heading\" data-id=\"196bd82\" data-element_type=\"widget\" data-widget_type=\"heading.default\">\n\t\t\t\t\t<h4 class=\"elementor-heading-title elementor-size-default\">Reservierter Bereich B2B<\/h4>\t\t\t\t<\/div>\n\t\t\t\t<div class=\"elementor-element elementor-element-4002ef5 elementor-widget elementor-widget-heading\" data-id=\"4002ef5\" data-element_type=\"widget\" data-widget_type=\"heading.default\">\n\t\t\t\t\t<h3 class=\"elementor-heading-title elementor-size-default\">Sie sind H\u00e4ndler?<\/h3>\t\t\t\t<\/div>\n\t\t\t\t<\/div>\n\t\t\t\t<div class=\"elementor-element elementor-element-63e4607 elementor-widget elementor-widget-text-editor\" data-id=\"63e4607\" data-element_type=\"widget\" data-widget_type=\"text-editor.default\">\n\t\t\t\t\t\t\t\t\t<p data-start=\"130\" data-end=\"375\">Ob Sie einen physischen oder Online-Shop im Motorradbereich haben, die Produkte von Blackbird helfen Ihnen, das Angebot mit hochwertigen Artikeln zu erweitern, die von professionellen Fahrern ausgew\u00e4hlt wurden.<\/p><p data-start=\"377\" data-end=\"601\">Unser Partner zu werden bedeutet, auf einen kompletten Katalog von personalisierten Grafiken, Sattelabdeckungen, Sticker-Kits und Zubeh\u00f6r zuzugreifen, die f\u00fcr jeden Fahrstil geeignet sind und den extremsten Bedingungen standhalten. Sie k\u00f6nnen aus der gr\u00f6\u00dften Anzahl von Kombinationen auf dem Markt w\u00e4hlen und sich auf schnelle Lieferungen, auch innerhalb von 24 Stunden, verlassen, um einen einwandfreien Service f\u00fcr Ihre Kunden zu gew\u00e4hrleisten.<\/p>\t\t\t\t\t\t\t\t<\/div>\n\t\t<div class=\"elementor-element elementor-element-6182528 e-con-full e-flex e-con e-child\" data-id=\"6182528\" data-element_type=\"container\">\n\t\t\t\t<div class=\"elementor-element elementor-element-60ab38c elementor-mobile-align-justify elementor-widget elementor-widget-button\" data-id=\"60ab38c\" data-element_type=\"widget\" data-widget_type=\"button.default\">\n\t\t\t\t\t\t\t\t\t\t<a class=\"elementor-button elementor-button-link elementor-size-sm\" href=\"https:\/\/blackbird.store360.it\/de\/area-rivenditori\/\">\n\t\t\t\t\t\t<span class=\"elementor-button-content-wrapper\">\n\t\t\t\t\t\t\t\t\t<span class=\"elementor-button-text\">H\u00e4ndlerbereich<\/span>\n\t\t\t\t\t<\/span>\n\t\t\t\t\t<\/a>\n\t\t\t\t\t\t\t\t<\/div>\n\t\t\t\t<\/div>\n\t\t\t\t<\/div>\n\t\t<div class=\"elementor-element elementor-element-964183f e-con-full section-right-s e-flex e-con e-child\" data-id=\"964183f\" data-element_type=\"container\" data-settings=\"{&quot;background_background&quot;:&quot;classic&quot;}\">\n\t\t\t\t<\/div>\n\t\t\t\t<\/section>\n\t\t\t\t<\/div>","protected":false},"excerpt":{"rendered":"<p>Registrati Hai gi\u00e0 un account? Accedi Accedi Area riservata B2B Sei un rivenditore? Se hai un negozio fisico o online nel settore moto, i prodotti Blackbird ti aiutano ad ampliare l\u2019offerta con articoli di alta qualit\u00e0 scelti da piloti professionisti. Diventare nostro partner vuol dire accedere a un catalogo completo di grafiche personalizzate, copertine sella, [&hellip;]<\/p>","protected":false},"author":1,"featured_media":0,"parent":0,"menu_order":0,"comment_status":"closed","ping_status":"open","template":"","meta":{"_acf_changed":false,"footnotes":""},"class_list":["post-81019","page","type-page","status-publish","hentry"],"acf":[],"_links":{"self":[{"href":"https:\/\/blackbird.store360.it\/de\/wp-json\/wp\/v2\/pages\/81019","targetHints":{"allow":["GET"]}}],"collection":[{"href":"https:\/\/blackbird.store360.it\/de\/wp-json\/wp\/v2\/pages"}],"about":[{"href":"https:\/\/blackbird.store360.it\/de\/wp-json\/wp\/v2\/types\/page"}],"author":[{"embeddable":true,"href":"https:\/\/blackbird.store360.it\/de\/wp-json\/wp\/v2\/users\/1"}],"replies":[{"embeddable":true,"href":"https:\/\/blackbird.store360.it\/de\/wp-json\/wp\/v2\/comments?post=81019"}],"version-history":[{"count":28,"href":"https:\/\/blackbird.store360.it\/de\/wp-json\/wp\/v2\/pages\/81019\/revisions"}],"predecessor-version":[{"id":81414,"href":"https:\/\/blackbird.store360.it\/de\/wp-json\/wp\/v2\/pages\/81019\/revisions\/81414"}],"wp:attachment":[{"href":"https:\/\/blackbird.store360.it\/de\/wp-json\/wp\/v2\/media?parent=81019"}],"curies":[{"name":"wp","href":"https:\/\/api.w.org\/{rel}","templated":true}]}}