{"id":81420,"date":"2025-12-01T16:37:19","date_gmt":"2025-12-01T15:37:19","guid":{"rendered":"https:\/\/blackbird.store360.it\/?page_id=81420"},"modified":"2025-12-01T16:43:42","modified_gmt":"2025-12-01T15:43:42","slug":"condizioni-di-vendita","status":"publish","type":"page","link":"https:\/\/blackbird.store360.it\/de\/condizioni-di-vendita\/","title":{"rendered":"Verkaufsbedingungen"},"content":{"rendered":"<div data-elementor-type=\"wp-page\" data-elementor-id=\"81420\" class=\"elementor elementor-81420\" data-elementor-post-type=\"page\">\n\t\t\t\t<section class=\"elementor-element elementor-element-7ced07c e-con-full section-s e-flex e-con e-parent\" data-id=\"7ced07c\" data-element_type=\"container\">\n\t\t\t\t<div class=\"elementor-element elementor-element-d5d30a7 elementor-widget elementor-widget-text-editor\" data-id=\"d5d30a7\" data-element_type=\"widget\" data-widget_type=\"text-editor.default\">\n\t\t\t\t\t\t\t\t\t<p>Gli articoli presenti nel catalogo virtuale del sito internet www.blackbirdracing.com potranno essere acquistati alle seguenti condizioni da Nuova Algis con sede a Genova, via G.Morasso 21\/5, P.Iva 01804330999 &#8211; SDI RR66BDG.<\/p><p>L&#8217;acquisto di quanto richiesto si perfezioner\u00e0 attraverso le seguenti fasi:<\/p><ul><li>Con l&#8217;invio dell&#8217;ordine, il cliente trasmette ad Nuova Algis una proposta di acquisto del prodotto o dei prodotti selezionati. L&#8217;invio dell&#8217;ordine di acquisto implica il consenso (ai sensi dell&#8217;art. 10 DL 185\/1999) a ricevere da parte di Nuova Algis, le successive comunicazioni, finalizzate esclusivamente alla conclusione e all&#8217;esecuzione del contratto di vendita<\/li><li>Nuova Algis si riserva la insindacabile facolt\u00e0 di accettare la proposta di acquisto del cliente.<\/li><li>Nuova Algis verifica giornalmente la disponibilit\u00e0 di tutti i prodotti. Se un prodotto non \u00e8 disponibile il software automaticamente fa in modo che non si possa aggiungere al carrello. Poich\u00e9 la possibilit\u00e0 di inoltrare ordini &#8220;on line&#8221;, modifica in tempo reale la disponibilit\u00e0 del prodotto, Nuova Algis non garantisce la certezza di assegnazione della merce ordinata. In questo caso siamo assolutamente disponibili a sostituire la merce con altra di tipo analogo (a scelta del cliente) o a restituire interamente entro 3 giorni lavorativi l\u2019importo versato. Tutte le eventuali comunicazioni in merito saranno trasmesse via e-mail.<\/li><li>Nuova Algis, provveder\u00e0 quindi a consegnare quanto richiesto al corriere scelto per eseguire il recapito all&#8217;indirizzo indicato.<\/li><\/ul>\t\t\t\t\t\t\t\t<\/div>\n\t\t\t\t<div class=\"elementor-element elementor-element-d0c1655 elementor-widget elementor-widget-heading\" data-id=\"d0c1655\" data-element_type=\"widget\" data-widget_type=\"heading.default\">\n\t\t\t\t\t<h2 class=\"elementor-heading-title elementor-size-default\">Modalit\u00e0 di pagamento<\/h2>\t\t\t\t<\/div>\n\t\t\t\t<div class=\"elementor-element elementor-element-6238e76 elementor-widget elementor-widget-text-editor\" data-id=\"6238e76\" data-element_type=\"widget\" data-widget_type=\"text-editor.default\">\n\t\t\t\t\t\t\t\t\t<h4>Contrassegno<\/h4><p>Pagherete la merce al corriere al momento del ricevimento della stessa.<\/p><h4>Carta di credito<\/h4><p>Nuova Algis si appoggia al sistema sicuro per pagare online Xpay. Efficaci strumenti di prevenzione delle frodi e la capacit\u00e0 di fare acquisti senza condividere le tue informazioni finanziarie contribuiscono alla tua sicurezza. Vengono accettate le seguenti carte: Master Card &#8211; Maestro &#8211; Carta Si &#8211; Visa &#8211; Visa Electron &#8211; Pago Bancomat JBC &#8211; Union Pay &#8211; V pay<\/p><h4>PayPal<\/h4><p>Nuova Algis si appoggia al sistema sicuro per pagare online PayPal. Con PayPal, beneficerai inoltre di vantaggiosi programmi di protezione degli acquisti e di un&#8217;assistenza clienti specializzata.<\/p><h4>Pagamenti sicuri<\/h4><p>Per le transazioni tramite Carta di Credito, utilizziamo il sistema di pagamento sicuro Xpay.<\/p><h4>Come riconoscere un server SSL (Sicuro)<\/h4><p>Un server sicuro lo si riconosce quando l&#8217;inizio della richiesta della pagina web inizia con https:\/\/ Normalmente l&#8217;inizio della richiesta \u00e8 http:\/\/<\/p>\t\t\t\t\t\t\t\t<\/div>\n\t\t\t\t<div class=\"elementor-element elementor-element-08a1518 elementor-widget elementor-widget-heading\" data-id=\"08a1518\" data-element_type=\"widget\" data-widget_type=\"heading.default\">\n\t\t\t\t\t<h2 class=\"elementor-heading-title elementor-size-default\">Annullamento ordini<\/h2>\t\t\t\t<\/div>\n\t\t\t\t<div class=\"elementor-element elementor-element-583c6ea elementor-widget elementor-widget-text-editor\" data-id=\"583c6ea\" data-element_type=\"widget\" data-widget_type=\"text-editor.default\">\n\t\t\t\t\t\t\t\t\t<p>L&#8217;ordine pu\u00f2 essere annullato in qualsiasi momento nello stato di lavorazione. Per comunicarlo occorre telefonare al numero +39 010 7172118 o inviare una e-mail a:\u00a0<a title=\"Blackbird Racing\" href=\"mailto:orders@blackbirdracing.com\">orders@blackbirdracing.com<\/a><\/p>\t\t\t\t\t\t\t\t<\/div>\n\t\t\t\t<div class=\"elementor-element elementor-element-3b214d9 elementor-widget elementor-widget-heading\" data-id=\"3b214d9\" data-element_type=\"widget\" data-widget_type=\"heading.default\">\n\t\t\t\t\t<h2 class=\"elementor-heading-title elementor-size-default\">Consegna merce<\/h2>\t\t\t\t<\/div>\n\t\t\t\t<div class=\"elementor-element elementor-element-a030707 elementor-widget elementor-widget-text-editor\" data-id=\"a030707\" data-element_type=\"widget\" data-widget_type=\"text-editor.default\">\n\t\t\t\t\t\t\t\t\t<p>All&#8217;atto della consegna del materiale da parte del corriere verificare che:<\/p><ul><li>Il numero dei colli in consegna corrisponda a quello indicato nel documento di accompagnamento.<\/li><li>L&#8217;imballo risulti integro, non danneggiato ne&#8217; bagnato o altrimenti alterato.<\/li><li>Il documento di trasporto, contenuto nell&#8217;apposita busta applicata all&#8217;esterno di uno dei colli, o consegnato dal corriere, va conservato.<\/li><li>La mancata corrispondenza del numero dei colli o delle indicazioni, cos\u00ec come la perdita o eventuali danni, devono essere immediatamente contestati al vettore.<\/li><li>In caso di non congruit\u00e0 della merce tutti gli eventuali costi per il reintegro e\/o la sostituzione sono a carico di Nuova Algis.<\/li><\/ul>\t\t\t\t\t\t\t\t<\/div>\n\t\t\t\t<div class=\"elementor-element elementor-element-d01e8ef elementor-widget elementor-widget-heading\" data-id=\"d01e8ef\" data-element_type=\"widget\" data-widget_type=\"heading.default\">\n\t\t\t\t\t<h2 class=\"elementor-heading-title elementor-size-default\">Tempi di consegna<\/h2>\t\t\t\t<\/div>\n\t\t\t\t<div class=\"elementor-element elementor-element-a3ab564 elementor-widget elementor-widget-text-editor\" data-id=\"a3ab564\" data-element_type=\"widget\" data-widget_type=\"text-editor.default\">\n\t\t\t\t\t\t\t\t\t<ul>\n \t<li>I prodotti di catalogo verranno spediti entro 2 giorni dalla data dell&#8217;ordine.<\/li>\n \t<li>I prodotti personalizzati (portanumero con nome e numero, copertine sella con nome) verranno spediti entro 5 giorni a partire dalla data dell&#8217;ordine.<\/li>\n<\/ul>\t\t\t\t\t\t\t\t<\/div>\n\t\t\t\t<\/section>\n\t\t\t\t<\/div>","protected":false},"excerpt":{"rendered":"<p>Gli articoli presenti nel catalogo virtuale del sito internet www.blackbirdracing.com potranno essere acquistati alle seguenti condizioni da Nuova Algis con sede a Genova, via G.Morasso 21\/5, P.Iva 01804330999 &#8211; SDI RR66BDG. L&#8217;acquisto di quanto richiesto si perfezioner\u00e0 attraverso le seguenti fasi: Con l&#8217;invio dell&#8217;ordine, il cliente trasmette ad Nuova Algis una proposta di acquisto del [&hellip;]<\/p>","protected":false},"author":1,"featured_media":0,"parent":0,"menu_order":0,"comment_status":"closed","ping_status":"closed","template":"","meta":{"footnotes":""},"class_list":["post-81420","page","type-page","status-publish","hentry"],"_links":{"self":[{"href":"https:\/\/blackbird.store360.it\/de\/wp-json\/wp\/v2\/pages\/81420","targetHints":{"allow":["GET"]}}],"collection":[{"href":"https:\/\/blackbird.store360.it\/de\/wp-json\/wp\/v2\/pages"}],"about":[{"href":"https:\/\/blackbird.store360.it\/de\/wp-json\/wp\/v2\/types\/page"}],"author":[{"embeddable":true,"href":"https:\/\/blackbird.store360.it\/de\/wp-json\/wp\/v2\/users\/1"}],"replies":[{"embeddable":true,"href":"https:\/\/blackbird.store360.it\/de\/wp-json\/wp\/v2\/comments?post=81420"}],"version-history":[{"count":7,"href":"https:\/\/blackbird.store360.it\/de\/wp-json\/wp\/v2\/pages\/81420\/revisions"}],"predecessor-version":[{"id":81427,"href":"https:\/\/blackbird.store360.it\/de\/wp-json\/wp\/v2\/pages\/81420\/revisions\/81427"}],"wp:attachment":[{"href":"https:\/\/blackbird.store360.it\/de\/wp-json\/wp\/v2\/media?parent=81420"}],"curies":[{"name":"wp","href":"https:\/\/api.w.org\/{rel}","templated":true}]}}