{"id":67094,"date":"2025-10-15T19:27:18","date_gmt":"2025-10-15T17:27:18","guid":{"rendered":"https:\/\/blackbird.store360.it\/it\/prodotto\/copertina-sella-replica-team-hrc-honda-2\/"},"modified":"2025-10-21T17:45:18","modified_gmt":"2025-10-21T15:45:18","slug":"copertina-sella-replica-team-hrc-honda-2","status":"publish","type":"product","link":"https:\/\/blackbird.store360.it\/de\/produkt\/copertina-sella-replica-team-hrc-honda-2\/","title":{"rendered":"Sitzbank\u00fcberzug Replica Team HRC Honda"},"content":{"rendered":"<p>Mit den besten auf dem Markt anwesenden Technologien hergestellte Satteldecke, um die original zu ersetzen. Sie passt perfekt zu den Profilen des Motorrads, auch zu h\u00f6heren Frottees bis ca. 2cm. Die speziellen N\u00e4hte dieser Decke wurden ausgedacht, um den Fahrer w\u00e4hrend der Beschleunigung zur\u00fcckzuhalten und zur gleichen Zeit ihm zu erlaubern, nach vorne problemlos zu rutschen, wenn n\u00f6tig. Direkt aus dem Motocross-Weltmeisterschaft.<\/p>","protected":false},"excerpt":{"rendered":"<p>Sitzbank\u00fcberzug Replica Team HRC Honda<\/p>","protected":false},"featured_media":67092,"comment_status":"open","ping_status":"closed","template":"","meta":{"_acf_changed":false},"product_brand":[],"product_cat":[29,34,36,35,30],"product_tag":[26],"class_list":{"0":"post-67094","1":"product","2":"type-product","3":"status-publish","4":"has-post-thumbnail","6":"product_cat-copertine-sella","7":"product_cat-crf-250-cs","8":"product_cat-crf-250x-cs","9":"product_cat-crf-450x-cs","10":"product_cat-honda-cs","11":"product_tag-blackbird","13":"first","14":"instock","15":"shipping-taxable","16":"purchasable","17":"product-type-simple"},"acf":[],"_links":{"self":[{"href":"https:\/\/blackbird.store360.it\/de\/wp-json\/wp\/v2\/product\/67094","targetHints":{"allow":["GET"]}}],"collection":[{"href":"https:\/\/blackbird.store360.it\/de\/wp-json\/wp\/v2\/product"}],"about":[{"href":"https:\/\/blackbird.store360.it\/de\/wp-json\/wp\/v2\/types\/product"}],"replies":[{"embeddable":true,"href":"https:\/\/blackbird.store360.it\/de\/wp-json\/wp\/v2\/comments?post=67094"}],"wp:featuredmedia":[{"embeddable":true,"href":"https:\/\/blackbird.store360.it\/de\/wp-json\/wp\/v2\/media\/67092"}],"wp:attachment":[{"href":"https:\/\/blackbird.store360.it\/de\/wp-json\/wp\/v2\/media?parent=67094"}],"wp:term":[{"taxonomy":"product_brand","embeddable":true,"href":"https:\/\/blackbird.store360.it\/de\/wp-json\/wp\/v2\/product_brand?post=67094"},{"taxonomy":"product_cat","embeddable":true,"href":"https:\/\/blackbird.store360.it\/de\/wp-json\/wp\/v2\/product_cat?post=67094"},{"taxonomy":"product_tag","embeddable":true,"href":"https:\/\/blackbird.store360.it\/de\/wp-json\/wp\/v2\/product_tag?post=67094"}],"curies":[{"name":"wp","href":"https:\/\/api.w.org\/{rel}","templated":true}]}}