{"id":67584,"date":"2025-10-15T19:58:33","date_gmt":"2025-10-15T17:58:33","guid":{"rendered":"https:\/\/blackbird.store360.it\/it\/prodotto\/copertina-sella-zebra-23-kawasaki-2\/"},"modified":"2025-10-21T17:46:47","modified_gmt":"2025-10-21T15:46:47","slug":"copertina-sella-zebra-23-kawasaki-2","status":"publish","type":"product","link":"https:\/\/blackbird.store360.it\/de\/produkt\/copertina-sella-zebra-23-kawasaki-2\/","title":{"rendered":"Sitzbank\u00fcberzug Zebra KAWASAKI"},"content":{"rendered":"<p>Mit den besten auf dem Markt anwesenden Technologien hergestellte Satteldecke, um die original zu ersetzen. Sie passt perfekt zu den Profilen des Motorrads, auch zu h\u00f6heren Frottees bis ca. 2cm. Ausgedacht, um mehr Griff mit der Motosettel  w\u00e4hrend der Beschleunigung zu haben. Die speziellen B\u00e4nder ''''Zebra'''' wurde auf dem Sitzungsteil gen\u00e4ht und sie sind im Relief.  Unsere test rider im Weltmeisterschaft haben die folgenden Charakteristika hervorgehoben:  - hohe rutschfeste Kraft - lange Dauerhaftigkeit in der Zeit - aggressiver und Modelook<\/p>","protected":false},"excerpt":{"rendered":"<p>Sitzbank\u00fcberzug Zebra KAWASAKI<\/p>","protected":false},"featured_media":67582,"comment_status":"open","ping_status":"closed","template":"","meta":[],"product_brand":[],"product_cat":[29,89,93],"product_tag":[26],"class_list":{"0":"post-67584","1":"product","2":"type-product","3":"status-publish","4":"has-post-thumbnail","6":"product_cat-copertine-sella","7":"product_cat-kawasaki-cs","8":"product_cat-kx-85-cs","9":"product_tag-blackbird","11":"first","12":"instock","13":"shipping-taxable","14":"purchasable","15":"product-type-simple"},"_links":{"self":[{"href":"https:\/\/blackbird.store360.it\/de\/wp-json\/wp\/v2\/product\/67584","targetHints":{"allow":["GET"]}}],"collection":[{"href":"https:\/\/blackbird.store360.it\/de\/wp-json\/wp\/v2\/product"}],"about":[{"href":"https:\/\/blackbird.store360.it\/de\/wp-json\/wp\/v2\/types\/product"}],"replies":[{"embeddable":true,"href":"https:\/\/blackbird.store360.it\/de\/wp-json\/wp\/v2\/comments?post=67584"}],"wp:featuredmedia":[{"embeddable":true,"href":"https:\/\/blackbird.store360.it\/de\/wp-json\/wp\/v2\/media\/67582"}],"wp:attachment":[{"href":"https:\/\/blackbird.store360.it\/de\/wp-json\/wp\/v2\/media?parent=67584"}],"wp:term":[{"taxonomy":"product_brand","embeddable":true,"href":"https:\/\/blackbird.store360.it\/de\/wp-json\/wp\/v2\/product_brand?post=67584"},{"taxonomy":"product_cat","embeddable":true,"href":"https:\/\/blackbird.store360.it\/de\/wp-json\/wp\/v2\/product_cat?post=67584"},{"taxonomy":"product_tag","embeddable":true,"href":"https:\/\/blackbird.store360.it\/de\/wp-json\/wp\/v2\/product_tag?post=67584"}],"curies":[{"name":"wp","href":"https:\/\/api.w.org\/{rel}","templated":true}]}}