{"id":67996,"date":"2025-10-15T20:26:09","date_gmt":"2025-10-15T18:26:09","guid":{"rendered":"https:\/\/blackbird.store360.it\/it\/prodotto\/copertina-sella-double-grip-3-gas-gas-2\/"},"modified":"2025-11-26T15:24:10","modified_gmt":"2025-11-26T14:24:10","slug":"copertina-sella-double-grip-3-gas-gas-2","status":"publish","type":"product","link":"https:\/\/blackbird.store360.it\/de\/produkt\/copertina-sella-double-grip-3-gas-gas-2\/","title":{"rendered":"Sitzbank\u00fcberzug Double Grip 3 GAS GAS"},"content":{"rendered":"<p>Mit den besten auf dem Markt anwesenden Technologien hergestellte Satteldecke, um die original zu ersetzen. Sie passt perfekt zu den Profilen des Motorrads, auch zu h\u00f6heren Frottees bis ca. 2cm. Ausgedacht, um mehr Griff mit der Motosettel  w\u00e4hrend der Beschleunigung zu haben. Die speziellen B\u00e4nder, mit der selben Farbe des Motos, sind im Relief und rutschfest.   Unsere test rider im Weltmeisterschaft haben die folgenden Charakteristika hervorgehoben:  - hohe rutschfeste Kraft - lange Dauerhaftigkeit in der Zeit - aggressiver und Modelook<\/p>","protected":false},"excerpt":{"rendered":"<p>Sitzbank\u00fcberzug Double Grip 3 GAS GAS<\/p>","protected":false},"featured_media":67994,"comment_status":"open","ping_status":"closed","template":"","meta":[],"product_brand":[],"product_cat":[29,1678,133],"product_tag":[26],"class_list":{"0":"post-67996","1":"product","2":"type-product","3":"status-publish","4":"has-post-thumbnail","6":"product_cat-copertine-sella","7":"product_cat-mc-all-models-gas-cs","8":"product_cat-gas-cs","9":"product_tag-blackbird","11":"first","12":"instock","13":"shipping-taxable","14":"purchasable","15":"product-type-simple"},"_links":{"self":[{"href":"https:\/\/blackbird.store360.it\/de\/wp-json\/wp\/v2\/product\/67996","targetHints":{"allow":["GET"]}}],"collection":[{"href":"https:\/\/blackbird.store360.it\/de\/wp-json\/wp\/v2\/product"}],"about":[{"href":"https:\/\/blackbird.store360.it\/de\/wp-json\/wp\/v2\/types\/product"}],"replies":[{"embeddable":true,"href":"https:\/\/blackbird.store360.it\/de\/wp-json\/wp\/v2\/comments?post=67996"}],"wp:featuredmedia":[{"embeddable":true,"href":"https:\/\/blackbird.store360.it\/de\/wp-json\/wp\/v2\/media\/67994"}],"wp:attachment":[{"href":"https:\/\/blackbird.store360.it\/de\/wp-json\/wp\/v2\/media?parent=67996"}],"wp:term":[{"taxonomy":"product_brand","embeddable":true,"href":"https:\/\/blackbird.store360.it\/de\/wp-json\/wp\/v2\/product_brand?post=67996"},{"taxonomy":"product_cat","embeddable":true,"href":"https:\/\/blackbird.store360.it\/de\/wp-json\/wp\/v2\/product_cat?post=67996"},{"taxonomy":"product_tag","embeddable":true,"href":"https:\/\/blackbird.store360.it\/de\/wp-json\/wp\/v2\/product_tag?post=67996"}],"curies":[{"name":"wp","href":"https:\/\/api.w.org\/{rel}","templated":true}]}}