{"id":68189,"date":"2025-10-15T20:35:55","date_gmt":"2025-10-15T18:35:55","guid":{"rendered":"https:\/\/blackbird.store360.it\/it\/prodotto\/kit-adesivi-dream-5-honda-10\/"},"modified":"2025-10-21T17:48:38","modified_gmt":"2025-10-21T15:48:38","slug":"kit-adesivi-dream-5-honda-10","status":"publish","type":"product","link":"https:\/\/blackbird.store360.it\/de\/produkt\/kit-adesivi-dream-5-honda-10\/","title":{"rendered":"Aufkleber Kit Dream 5 HONDA"},"content":{"rendered":"<p>Il kit adesivi include: coppia serbatoio, coppia convogliatori, parafango anteriore e parafango posteriore. I vari pezzi che compongono il kit non possono esser venduti separatamente. Gli adesivi serbatoio sono forati per lasciare traspirare i gas della benzina. Per i serbatoi usurati questo non \u00e8 sempre sufficiente a non provocare leggeri distacchi. Per modelli 92-93-94 l&#8217;adattabilit\u00e0 \u00e8 solamente montando i convogliatori modello 95-96-97.<\/p>","protected":false},"excerpt":{"rendered":"<p>Aufkleber Kit Dream 5 HONDA<\/p>","protected":false},"featured_media":68187,"comment_status":"open","ping_status":"closed","template":"","meta":[],"product_brand":[],"product_cat":[1146,1159,1158,1147],"product_tag":[26],"class_list":{"0":"post-68189","1":"product","2":"type-product","3":"status-publish","4":"has-post-thumbnail","6":"product_cat-kit-adesivi-moto","7":"product_cat-cr-125-ka","8":"product_cat-cr-250-ka","9":"product_cat-honda-ka","10":"product_tag-blackbird","12":"first","13":"instock","14":"shipping-taxable","15":"purchasable","16":"product-type-simple"},"_links":{"self":[{"href":"https:\/\/blackbird.store360.it\/de\/wp-json\/wp\/v2\/product\/68189","targetHints":{"allow":["GET"]}}],"collection":[{"href":"https:\/\/blackbird.store360.it\/de\/wp-json\/wp\/v2\/product"}],"about":[{"href":"https:\/\/blackbird.store360.it\/de\/wp-json\/wp\/v2\/types\/product"}],"replies":[{"embeddable":true,"href":"https:\/\/blackbird.store360.it\/de\/wp-json\/wp\/v2\/comments?post=68189"}],"wp:featuredmedia":[{"embeddable":true,"href":"https:\/\/blackbird.store360.it\/de\/wp-json\/wp\/v2\/media\/68187"}],"wp:attachment":[{"href":"https:\/\/blackbird.store360.it\/de\/wp-json\/wp\/v2\/media?parent=68189"}],"wp:term":[{"taxonomy":"product_brand","embeddable":true,"href":"https:\/\/blackbird.store360.it\/de\/wp-json\/wp\/v2\/product_brand?post=68189"},{"taxonomy":"product_cat","embeddable":true,"href":"https:\/\/blackbird.store360.it\/de\/wp-json\/wp\/v2\/product_cat?post=68189"},{"taxonomy":"product_tag","embeddable":true,"href":"https:\/\/blackbird.store360.it\/de\/wp-json\/wp\/v2\/product_tag?post=68189"}],"curies":[{"name":"wp","href":"https:\/\/api.w.org\/{rel}","templated":true}]}}