{"id":68240,"date":"2025-10-15T20:37:13","date_gmt":"2025-10-15T18:37:13","guid":{"rendered":"https:\/\/blackbird.store360.it\/it\/prodotto\/kit-adesivi-retro-honda-4\/"},"modified":"2025-10-21T17:48:48","modified_gmt":"2025-10-21T15:48:48","slug":"kit-adesivi-retro-honda-4","status":"publish","type":"product","link":"https:\/\/blackbird.store360.it\/de\/produkt\/kit-adesivi-retro-honda-4\/","title":{"rendered":"Aufkleber Kit Retr\u00f2 HONDA"},"content":{"rendered":"<p>Das Aufkleber Set enth\u00e4lt: Paar K\u00fchlerverkleidungen, Paar Luftfilterkasten, Paar Gabelschutz, Paar Schwinge, Vorderschutzblech, Hinterschutzblech und Enduro und Motocross Startnummerfelder.<\/p>","protected":false},"excerpt":{"rendered":"<p>Aufkleber Kit Retr\u00f2 HONDA<\/p>","protected":false},"featured_media":68238,"comment_status":"open","ping_status":"closed","template":"","meta":{"_acf_changed":false},"product_brand":[],"product_cat":[1146,1155,1154,1147],"product_tag":[26],"class_list":{"0":"post-68240","1":"product","2":"type-product","3":"status-publish","4":"has-post-thumbnail","6":"product_cat-kit-adesivi-moto","7":"product_cat-crf-250-ka","8":"product_cat-crf-450-ka","9":"product_cat-honda-ka","10":"product_tag-blackbird","12":"first","13":"instock","14":"shipping-taxable","15":"purchasable","16":"product-type-simple"},"acf":[],"_links":{"self":[{"href":"https:\/\/blackbird.store360.it\/de\/wp-json\/wp\/v2\/product\/68240","targetHints":{"allow":["GET"]}}],"collection":[{"href":"https:\/\/blackbird.store360.it\/de\/wp-json\/wp\/v2\/product"}],"about":[{"href":"https:\/\/blackbird.store360.it\/de\/wp-json\/wp\/v2\/types\/product"}],"replies":[{"embeddable":true,"href":"https:\/\/blackbird.store360.it\/de\/wp-json\/wp\/v2\/comments?post=68240"}],"wp:featuredmedia":[{"embeddable":true,"href":"https:\/\/blackbird.store360.it\/de\/wp-json\/wp\/v2\/media\/68238"}],"wp:attachment":[{"href":"https:\/\/blackbird.store360.it\/de\/wp-json\/wp\/v2\/media?parent=68240"}],"wp:term":[{"taxonomy":"product_brand","embeddable":true,"href":"https:\/\/blackbird.store360.it\/de\/wp-json\/wp\/v2\/product_brand?post=68240"},{"taxonomy":"product_cat","embeddable":true,"href":"https:\/\/blackbird.store360.it\/de\/wp-json\/wp\/v2\/product_cat?post=68240"},{"taxonomy":"product_tag","embeddable":true,"href":"https:\/\/blackbird.store360.it\/de\/wp-json\/wp\/v2\/product_tag?post=68240"}],"curies":[{"name":"wp","href":"https:\/\/api.w.org\/{rel}","templated":true}]}}