{"id":68662,"date":"2025-10-15T20:51:47","date_gmt":"2025-10-15T18:51:47","guid":{"rendered":"https:\/\/blackbird.store360.it\/it\/prodotto\/kit-adesivi-replica-oem-kawasaki-2000\/"},"modified":"2025-10-21T17:50:09","modified_gmt":"2025-10-21T15:50:09","slug":"kit-adesivi-replica-oem-kawasaki-2000","status":"publish","type":"product","link":"https:\/\/blackbird.store360.it\/de\/produkt\/kit-adesivi-replica-oem-kawasaki-2000\/","title":{"rendered":"Aufkleber Kit Replica OEM Kawasaki 2000"},"content":{"rendered":"<p>Das Aufkleber Set enth\u00e4lt: Paar Tank, Paar K\u00fchlerverkleidungen,  Paar Gabelschutz, Paar Schwinge, Vorderschutzblech und Hinterschutzblech. Die im Set enthaltenen Teile werden nicht getrennt verkauft. Die Tank Aufkleber sind mit L\u00f6chern, damit die Benzingase austreten k\u00f6nnen. Falls die Tanks abgenutzt sind, k\u00f6nnen die Aufkleber manchmal leicht sich abl\u00f6sen.<\/p>","protected":false},"excerpt":{"rendered":"<p>Aufkleber Kit Replica OEM Kawasaki 2000<\/p>","protected":false},"featured_media":68660,"comment_status":"open","ping_status":"closed","template":"","meta":[],"product_brand":[],"product_cat":[1146,1190,1194],"product_tag":[27],"class_list":{"0":"post-68662","1":"product","2":"type-product","3":"status-publish","4":"has-post-thumbnail","6":"product_cat-kit-adesivi-moto","7":"product_cat-kawasaki-ka","8":"product_cat-kx-125-250-ka","9":"product_tag-vintage-tecnosel","11":"first","12":"instock","13":"shipping-taxable","14":"purchasable","15":"product-type-simple"},"_links":{"self":[{"href":"https:\/\/blackbird.store360.it\/de\/wp-json\/wp\/v2\/product\/68662","targetHints":{"allow":["GET"]}}],"collection":[{"href":"https:\/\/blackbird.store360.it\/de\/wp-json\/wp\/v2\/product"}],"about":[{"href":"https:\/\/blackbird.store360.it\/de\/wp-json\/wp\/v2\/types\/product"}],"replies":[{"embeddable":true,"href":"https:\/\/blackbird.store360.it\/de\/wp-json\/wp\/v2\/comments?post=68662"}],"wp:featuredmedia":[{"embeddable":true,"href":"https:\/\/blackbird.store360.it\/de\/wp-json\/wp\/v2\/media\/68660"}],"wp:attachment":[{"href":"https:\/\/blackbird.store360.it\/de\/wp-json\/wp\/v2\/media?parent=68662"}],"wp:term":[{"taxonomy":"product_brand","embeddable":true,"href":"https:\/\/blackbird.store360.it\/de\/wp-json\/wp\/v2\/product_brand?post=68662"},{"taxonomy":"product_cat","embeddable":true,"href":"https:\/\/blackbird.store360.it\/de\/wp-json\/wp\/v2\/product_cat?post=68662"},{"taxonomy":"product_tag","embeddable":true,"href":"https:\/\/blackbird.store360.it\/de\/wp-json\/wp\/v2\/product_tag?post=68662"}],"curies":[{"name":"wp","href":"https:\/\/api.w.org\/{rel}","templated":true}]}}