{"id":68840,"date":"2025-10-15T20:58:43","date_gmt":"2025-10-15T18:58:43","guid":{"rendered":"https:\/\/blackbird.store360.it\/it\/prodotto\/kit-adesivi-dream-5-husqvarna-5\/"},"modified":"2025-10-21T17:50:47","modified_gmt":"2025-10-21T15:50:47","slug":"kit-adesivi-dream-5-husqvarna-5","status":"publish","type":"product","link":"https:\/\/blackbird.store360.it\/de\/produkt\/kit-adesivi-dream-5-husqvarna-5\/","title":{"rendered":"Aufkleber Kit Dream 5 HUSQVARNA"},"content":{"rendered":"<p>Das Aufkleber Set enth\u00e4lt: Paar K\u00fchlerverkleidungen, Vorderschutzblech und Hinterschutzblech. Die im Set enthaltenen Teile werden nicht getrennt verkauft. Die K\u00fchlersch\u00fctze m\u00fcssen zum entsprechenden Profil angepasst werden.<\/p>","protected":false},"excerpt":{"rendered":"<p>Aufkleber Kit Dream 5 HUSQVARNA<\/p>","protected":false},"featured_media":68838,"comment_status":"open","ping_status":"closed","template":"","meta":[],"product_brand":[],"product_cat":[1146,1224,1218,1223,1221],"product_tag":[26],"class_list":{"0":"post-68840","1":"product","2":"type-product","3":"status-publish","4":"has-post-thumbnail","6":"product_cat-kit-adesivi-moto","7":"product_cat-cr-wr-125-ka","8":"product_cat-husqvarna-ka","9":"product_cat-te-tc-250-310-ka","10":"product_cat-te-tc-250-450-510-ka","11":"product_tag-blackbird","13":"first","14":"instock","15":"shipping-taxable","16":"purchasable","17":"product-type-simple"},"_links":{"self":[{"href":"https:\/\/blackbird.store360.it\/de\/wp-json\/wp\/v2\/product\/68840","targetHints":{"allow":["GET"]}}],"collection":[{"href":"https:\/\/blackbird.store360.it\/de\/wp-json\/wp\/v2\/product"}],"about":[{"href":"https:\/\/blackbird.store360.it\/de\/wp-json\/wp\/v2\/types\/product"}],"replies":[{"embeddable":true,"href":"https:\/\/blackbird.store360.it\/de\/wp-json\/wp\/v2\/comments?post=68840"}],"wp:featuredmedia":[{"embeddable":true,"href":"https:\/\/blackbird.store360.it\/de\/wp-json\/wp\/v2\/media\/68838"}],"wp:attachment":[{"href":"https:\/\/blackbird.store360.it\/de\/wp-json\/wp\/v2\/media?parent=68840"}],"wp:term":[{"taxonomy":"product_brand","embeddable":true,"href":"https:\/\/blackbird.store360.it\/de\/wp-json\/wp\/v2\/product_brand?post=68840"},{"taxonomy":"product_cat","embeddable":true,"href":"https:\/\/blackbird.store360.it\/de\/wp-json\/wp\/v2\/product_cat?post=68840"},{"taxonomy":"product_tag","embeddable":true,"href":"https:\/\/blackbird.store360.it\/de\/wp-json\/wp\/v2\/product_tag?post=68840"}],"curies":[{"name":"wp","href":"https:\/\/api.w.org\/{rel}","templated":true}]}}