{"id":69096,"date":"2025-10-15T21:08:28","date_gmt":"2025-10-15T19:08:28","guid":{"rendered":"https:\/\/blackbird.store360.it\/it\/prodotto\/seat-bump\/"},"modified":"2025-10-21T17:51:39","modified_gmt":"2025-10-21T15:51:39","slug":"seat-bump","status":"publish","type":"product","link":"https:\/\/blackbird.store360.it\/de\/produkt\/seat-bump\/","title":{"rendered":"Seat Bump"},"content":{"rendered":"<p>Das Kit Bump Sella wurde aufgrund zweier immer dringenderer Anforderungen der modernen Fahrweise entwickelt: Der Sitzposition auf dem Sattel und der Gewichtsverlagerung f\u00fcr h\u00f6chste Traktion. Durch die Wahl der f\u00fcr Sie am besten geeigneten H\u00f6he des Bumps werden Sie w\u00e4hrend der Fahrt einen Bezugspunkt f\u00fcr Ihre Sitzposition haben und k\u00f6nnen Ihr ganzes Gewicht auf das Hinterrad verlagern, vor allem beim Start. Von den besten unternehmenseigenen Rennteams der Motocross-Weltmeisterschaft getestet und verwendet.<\/p>","protected":false},"excerpt":{"rendered":"<p>Seat Bump<\/p>","protected":false},"featured_media":69095,"comment_status":"open","ping_status":"closed","template":"","meta":{"_acf_changed":false},"product_brand":[],"product_cat":[221,32],"product_tag":[26],"class_list":{"0":"post-69096","1":"product","2":"type-product","3":"status-publish","4":"has-post-thumbnail","6":"product_cat-accessori-sella","7":"product_cat-prodotti-blackbird","8":"product_tag-blackbird","10":"first","11":"instock","12":"shipping-taxable","13":"purchasable","14":"product-type-simple"},"acf":[],"_links":{"self":[{"href":"https:\/\/blackbird.store360.it\/de\/wp-json\/wp\/v2\/product\/69096","targetHints":{"allow":["GET"]}}],"collection":[{"href":"https:\/\/blackbird.store360.it\/de\/wp-json\/wp\/v2\/product"}],"about":[{"href":"https:\/\/blackbird.store360.it\/de\/wp-json\/wp\/v2\/types\/product"}],"replies":[{"embeddable":true,"href":"https:\/\/blackbird.store360.it\/de\/wp-json\/wp\/v2\/comments?post=69096"}],"wp:featuredmedia":[{"embeddable":true,"href":"https:\/\/blackbird.store360.it\/de\/wp-json\/wp\/v2\/media\/69095"}],"wp:attachment":[{"href":"https:\/\/blackbird.store360.it\/de\/wp-json\/wp\/v2\/media?parent=69096"}],"wp:term":[{"taxonomy":"product_brand","embeddable":true,"href":"https:\/\/blackbird.store360.it\/de\/wp-json\/wp\/v2\/product_brand?post=69096"},{"taxonomy":"product_cat","embeddable":true,"href":"https:\/\/blackbird.store360.it\/de\/wp-json\/wp\/v2\/product_cat?post=69096"},{"taxonomy":"product_tag","embeddable":true,"href":"https:\/\/blackbird.store360.it\/de\/wp-json\/wp\/v2\/product_tag?post=69096"}],"curies":[{"name":"wp","href":"https:\/\/api.w.org\/{rel}","templated":true}]}}