{"id":69366,"date":"2025-10-15T21:17:34","date_gmt":"2025-10-15T19:17:34","guid":{"rendered":"https:\/\/blackbird.store360.it\/it\/prodotto\/paracolpi-man-tradizionale-kawasaki\/"},"modified":"2025-10-21T17:52:27","modified_gmt":"2025-10-21T15:52:27","slug":"paracolpi-man-tradizionale-kawasaki","status":"publish","type":"product","link":"https:\/\/blackbird.store360.it\/de\/produkt\/paracolpi-man-tradizionale-kawasaki\/","title":{"rendered":"Lenkerpolster Trad KAWASAKI"},"content":{"rendered":"<p>Lenkerpolster f\u00fcr traditionellen Lenker, er besteht aus einer in der R\u00fcckseite gedruckten H\u00fclle aus 0,5 mm dickem Crystallstoff, Innenseite aus Polyurethan. Gr\u00f6\u00dfe: 24,5 cm lang und 1,2 cm innerer Durchmesser.<\/p>","protected":false},"excerpt":{"rendered":"<p>Lenkerpolster Trad KAWASAKI<\/p>","protected":false},"featured_media":69365,"comment_status":"open","ping_status":"closed","template":"","meta":[],"product_brand":[],"product_cat":[906,32],"product_tag":[26],"class_list":{"0":"post-69366","1":"product","2":"type-product","3":"status-publish","4":"has-post-thumbnail","6":"product_cat-paracolpi","7":"product_cat-prodotti-blackbird","8":"product_tag-blackbird","10":"first","11":"instock","12":"shipping-taxable","13":"purchasable","14":"product-type-simple"},"_links":{"self":[{"href":"https:\/\/blackbird.store360.it\/de\/wp-json\/wp\/v2\/product\/69366","targetHints":{"allow":["GET"]}}],"collection":[{"href":"https:\/\/blackbird.store360.it\/de\/wp-json\/wp\/v2\/product"}],"about":[{"href":"https:\/\/blackbird.store360.it\/de\/wp-json\/wp\/v2\/types\/product"}],"replies":[{"embeddable":true,"href":"https:\/\/blackbird.store360.it\/de\/wp-json\/wp\/v2\/comments?post=69366"}],"wp:featuredmedia":[{"embeddable":true,"href":"https:\/\/blackbird.store360.it\/de\/wp-json\/wp\/v2\/media\/69365"}],"wp:attachment":[{"href":"https:\/\/blackbird.store360.it\/de\/wp-json\/wp\/v2\/media?parent=69366"}],"wp:term":[{"taxonomy":"product_brand","embeddable":true,"href":"https:\/\/blackbird.store360.it\/de\/wp-json\/wp\/v2\/product_brand?post=69366"},{"taxonomy":"product_cat","embeddable":true,"href":"https:\/\/blackbird.store360.it\/de\/wp-json\/wp\/v2\/product_cat?post=69366"},{"taxonomy":"product_tag","embeddable":true,"href":"https:\/\/blackbird.store360.it\/de\/wp-json\/wp\/v2\/product_tag?post=69366"}],"curies":[{"name":"wp","href":"https:\/\/api.w.org\/{rel}","templated":true}]}}