{"id":69375,"date":"2025-10-15T21:18:33","date_gmt":"2025-10-15T19:18:33","guid":{"rendered":"https:\/\/blackbird.store360.it\/it\/prodotto\/paracolpi-man-tapered-giallo\/"},"modified":"2025-11-04T17:48:16","modified_gmt":"2025-11-04T16:48:16","slug":"paracolpi-man-tapered-giallo","status":"publish","type":"product","link":"https:\/\/blackbird.store360.it\/de\/produkt\/paracolpi-man-tapered-giallo\/","title":{"rendered":"Lenkerpolster Tapered Gelb"},"content":{"rendered":"<p>Lenkerpolster f\u00fcr Lenker Tapered Modell, er besteht aus einer in der R\u00fcckseite gedruckten H\u00fclle aus 0,5 mm dickem Crystallstoff, Innenseite aus Polyurethan. Gr\u00f6\u00dfe: 17 cm lang und 6 cm hoch.<\/p>","protected":false},"excerpt":{"rendered":"<p>Lenkerpolster Tapered Gelb<\/p>","protected":false},"featured_media":69374,"comment_status":"open","ping_status":"closed","template":"","meta":[],"product_brand":[],"product_cat":[32,906],"product_tag":[26],"class_list":{"0":"post-69375","1":"product","2":"type-product","3":"status-publish","4":"has-post-thumbnail","6":"product_cat-prodotti-blackbird","7":"product_cat-paracolpi","8":"product_tag-blackbird","10":"first","11":"instock","12":"shipping-taxable","13":"purchasable","14":"product-type-simple"},"_links":{"self":[{"href":"https:\/\/blackbird.store360.it\/de\/wp-json\/wp\/v2\/product\/69375","targetHints":{"allow":["GET"]}}],"collection":[{"href":"https:\/\/blackbird.store360.it\/de\/wp-json\/wp\/v2\/product"}],"about":[{"href":"https:\/\/blackbird.store360.it\/de\/wp-json\/wp\/v2\/types\/product"}],"replies":[{"embeddable":true,"href":"https:\/\/blackbird.store360.it\/de\/wp-json\/wp\/v2\/comments?post=69375"}],"wp:featuredmedia":[{"embeddable":true,"href":"https:\/\/blackbird.store360.it\/de\/wp-json\/wp\/v2\/media\/69374"}],"wp:attachment":[{"href":"https:\/\/blackbird.store360.it\/de\/wp-json\/wp\/v2\/media?parent=69375"}],"wp:term":[{"taxonomy":"product_brand","embeddable":true,"href":"https:\/\/blackbird.store360.it\/de\/wp-json\/wp\/v2\/product_brand?post=69375"},{"taxonomy":"product_cat","embeddable":true,"href":"https:\/\/blackbird.store360.it\/de\/wp-json\/wp\/v2\/product_cat?post=69375"},{"taxonomy":"product_tag","embeddable":true,"href":"https:\/\/blackbird.store360.it\/de\/wp-json\/wp\/v2\/product_tag?post=69375"}],"curies":[{"name":"wp","href":"https:\/\/api.w.org\/{rel}","templated":true}]}}