{"id":69381,"date":"2025-10-15T21:18:39","date_gmt":"2025-10-15T19:18:39","guid":{"rendered":"https:\/\/blackbird.store360.it\/it\/prodotto\/paracolpi-man-tapered-arancione\/"},"modified":"2026-02-06T17:41:39","modified_gmt":"2026-02-06T16:41:39","slug":"paracolpi-man-tapered-arancione","status":"publish","type":"product","link":"https:\/\/blackbird.store360.it\/de\/produkt\/paracolpi-man-tapered-arancione\/","title":{"rendered":"Lenkerpolster Tapered Orange"},"content":{"rendered":"<p>Lenkerpolster f\u00fcr Lenker Tapered Modell, er besteht aus einer in der R\u00fcckseite gedruckten H\u00fclle aus 0,5 mm dickem Crystallstoff, Innenseite aus Polyurethan. Gr\u00f6\u00dfe: 17 cm lang und 6 cm hoch.<\/p>","protected":false},"excerpt":{"rendered":"<p>Lenkerpolster Tapered Orange<\/p>","protected":false},"featured_media":69380,"comment_status":"open","ping_status":"closed","template":"","meta":[],"product_brand":[],"product_cat":[32,906],"product_tag":[26],"class_list":{"0":"post-69381","1":"product","2":"type-product","3":"status-publish","4":"has-post-thumbnail","6":"product_cat-prodotti-blackbird","7":"product_cat-paracolpi","8":"product_tag-blackbird","10":"first","11":"instock","12":"shipping-taxable","13":"purchasable","14":"product-type-simple"},"_links":{"self":[{"href":"https:\/\/blackbird.store360.it\/de\/wp-json\/wp\/v2\/product\/69381","targetHints":{"allow":["GET"]}}],"collection":[{"href":"https:\/\/blackbird.store360.it\/de\/wp-json\/wp\/v2\/product"}],"about":[{"href":"https:\/\/blackbird.store360.it\/de\/wp-json\/wp\/v2\/types\/product"}],"replies":[{"embeddable":true,"href":"https:\/\/blackbird.store360.it\/de\/wp-json\/wp\/v2\/comments?post=69381"}],"wp:featuredmedia":[{"embeddable":true,"href":"https:\/\/blackbird.store360.it\/de\/wp-json\/wp\/v2\/media\/69380"}],"wp:attachment":[{"href":"https:\/\/blackbird.store360.it\/de\/wp-json\/wp\/v2\/media?parent=69381"}],"wp:term":[{"taxonomy":"product_brand","embeddable":true,"href":"https:\/\/blackbird.store360.it\/de\/wp-json\/wp\/v2\/product_brand?post=69381"},{"taxonomy":"product_cat","embeddable":true,"href":"https:\/\/blackbird.store360.it\/de\/wp-json\/wp\/v2\/product_cat?post=69381"},{"taxonomy":"product_tag","embeddable":true,"href":"https:\/\/blackbird.store360.it\/de\/wp-json\/wp\/v2\/product_tag?post=69381"}],"curies":[{"name":"wp","href":"https:\/\/api.w.org\/{rel}","templated":true}]}}