{"id":69589,"date":"2025-10-15T21:25:20","date_gmt":"2025-10-15T19:25:20","guid":{"rendered":"https:\/\/blackbird.store360.it\/it\/prodotto\/adesivo-termico\/"},"modified":"2025-11-04T17:49:12","modified_gmt":"2025-11-04T16:49:12","slug":"adesivo-termico","status":"publish","type":"product","link":"https:\/\/blackbird.store360.it\/de\/produkt\/adesivo-termico\/","title":{"rendered":"Thermo Aufkleber"},"content":{"rendered":"<p>Das Set besteht aus einem 25X20 cm Blatt aus w\u00e4rmebest\u00e4ndigem Stoff. Es ist dazu geeignet, Kunststoffe und Teile gegen die W\u00e4rme zu sch\u00fctzen. Der Stoff hat einen starken beidseitigen Klebstoff auf der R\u00fcckseite, der man ausschneiden und unterschiedlichen Oberfl\u00e4chen anpassen kann.<\/p>","protected":false},"excerpt":{"rendered":"<p>Thermo Aufkleber<\/p>","protected":false},"featured_media":69588,"comment_status":"open","ping_status":"closed","template":"","meta":{"_acf_changed":false},"product_brand":[],"product_cat":[32,913],"product_tag":[26],"class_list":{"0":"post-69589","1":"product","2":"type-product","3":"status-publish","4":"has-post-thumbnail","6":"product_cat-prodotti-blackbird","7":"product_cat-adesivi-paracalore","8":"product_tag-blackbird","10":"first","11":"instock","12":"shipping-taxable","13":"purchasable","14":"product-type-simple"},"acf":[],"_links":{"self":[{"href":"https:\/\/blackbird.store360.it\/de\/wp-json\/wp\/v2\/product\/69589","targetHints":{"allow":["GET"]}}],"collection":[{"href":"https:\/\/blackbird.store360.it\/de\/wp-json\/wp\/v2\/product"}],"about":[{"href":"https:\/\/blackbird.store360.it\/de\/wp-json\/wp\/v2\/types\/product"}],"replies":[{"embeddable":true,"href":"https:\/\/blackbird.store360.it\/de\/wp-json\/wp\/v2\/comments?post=69589"}],"wp:featuredmedia":[{"embeddable":true,"href":"https:\/\/blackbird.store360.it\/de\/wp-json\/wp\/v2\/media\/69588"}],"wp:attachment":[{"href":"https:\/\/blackbird.store360.it\/de\/wp-json\/wp\/v2\/media?parent=69589"}],"wp:term":[{"taxonomy":"product_brand","embeddable":true,"href":"https:\/\/blackbird.store360.it\/de\/wp-json\/wp\/v2\/product_brand?post=69589"},{"taxonomy":"product_cat","embeddable":true,"href":"https:\/\/blackbird.store360.it\/de\/wp-json\/wp\/v2\/product_cat?post=69589"},{"taxonomy":"product_tag","embeddable":true,"href":"https:\/\/blackbird.store360.it\/de\/wp-json\/wp\/v2\/product_tag?post=69589"}],"curies":[{"name":"wp","href":"https:\/\/api.w.org\/{rel}","templated":true}]}}