{"id":69617,"date":"2025-10-15T21:25:59","date_gmt":"2025-10-15T19:25:59","guid":{"rendered":"https:\/\/blackbird.store360.it\/it\/prodotto\/cinghia-presa-posteriore\/"},"modified":"2025-11-04T17:49:19","modified_gmt":"2025-11-04T16:49:19","slug":"cinghia-presa-posteriore","status":"publish","type":"product","link":"https:\/\/blackbird.store360.it\/de\/produkt\/cinghia-presa-posteriore\/","title":{"rendered":"Riemen Hinten"},"content":{"rendered":"<p>Riemen f\u00fcr hinteren Griff aus super haltbarem Cordura mit speziellen N\u00e4hten und einem rei\u00dffesten Elastik. Um den Riemen festzumachen, locht man den Kunststoff des Hinterschutzbleches mit der Verwendung der beiliegenden Schrauben und der dazu bestimmten \u00d6sen.<\/p>","protected":false},"excerpt":{"rendered":"<p>Riemen Hinten<\/p>","protected":false},"featured_media":69616,"comment_status":"open","ping_status":"closed","template":"","meta":[],"product_brand":[],"product_cat":[32,881],"product_tag":[26],"class_list":{"0":"post-69617","1":"product","2":"type-product","3":"status-publish","4":"has-post-thumbnail","6":"product_cat-prodotti-blackbird","7":"product_cat-accessori-off-road","8":"product_tag-blackbird","10":"first","11":"instock","12":"shipping-taxable","13":"purchasable","14":"product-type-simple"},"_links":{"self":[{"href":"https:\/\/blackbird.store360.it\/de\/wp-json\/wp\/v2\/product\/69617","targetHints":{"allow":["GET"]}}],"collection":[{"href":"https:\/\/blackbird.store360.it\/de\/wp-json\/wp\/v2\/product"}],"about":[{"href":"https:\/\/blackbird.store360.it\/de\/wp-json\/wp\/v2\/types\/product"}],"replies":[{"embeddable":true,"href":"https:\/\/blackbird.store360.it\/de\/wp-json\/wp\/v2\/comments?post=69617"}],"wp:featuredmedia":[{"embeddable":true,"href":"https:\/\/blackbird.store360.it\/de\/wp-json\/wp\/v2\/media\/69616"}],"wp:attachment":[{"href":"https:\/\/blackbird.store360.it\/de\/wp-json\/wp\/v2\/media?parent=69617"}],"wp:term":[{"taxonomy":"product_brand","embeddable":true,"href":"https:\/\/blackbird.store360.it\/de\/wp-json\/wp\/v2\/product_brand?post=69617"},{"taxonomy":"product_cat","embeddable":true,"href":"https:\/\/blackbird.store360.it\/de\/wp-json\/wp\/v2\/product_cat?post=69617"},{"taxonomy":"product_tag","embeddable":true,"href":"https:\/\/blackbird.store360.it\/de\/wp-json\/wp\/v2\/product_tag?post=69617"}],"curies":[{"name":"wp","href":"https:\/\/api.w.org\/{rel}","templated":true}]}}