{"id":69808,"date":"2025-10-15T21:33:57","date_gmt":"2025-10-15T19:33:57","guid":{"rendered":"https:\/\/blackbird.store360.it\/it\/prodotto\/adesivo-carter-frizione-yamaha-2\/"},"modified":"2025-10-21T17:52:57","modified_gmt":"2025-10-21T15:52:57","slug":"adesivo-carter-frizione-yamaha-2","status":"publish","type":"product","link":"https:\/\/blackbird.store360.it\/de\/produkt\/adesivo-carter-frizione-yamaha-2\/","title":{"rendered":"Aufkleber F\u00fcr Kupplungsdeckel  YAMAHA"},"content":{"rendered":"<p>Das Set besteht aus einem Schutz Kupplungsdeckel Aufkleber aus in der R\u00fcckseite gedrucktem, 0,8 mm dickem Crystallstoff,  w\u00e4rmebest\u00e4ndige und abriebfeste Textur Verzierung. Pr\u00e4zises Profil f\u00fcr das Kupplungsdeckel Muster.<\/p>","protected":false},"excerpt":{"rendered":"<p>Aufkleber F\u00fcr Kupplungsdeckel  YAMAHA<\/p>","protected":false},"featured_media":69807,"comment_status":"open","ping_status":"closed","template":"","meta":{"_acf_changed":false},"product_brand":[],"product_cat":[222,223,32,636,638,637,630,631,634,633],"product_tag":[26],"class_list":{"0":"post-69808","1":"product","2":"type-product","3":"status-publish","4":"has-post-thumbnail","6":"product_cat-adesivi-carter-frizione","7":"product_cat-adesivi-vari","8":"product_cat-prodotti-blackbird","9":"product_cat-wrf-250-av","10":"product_cat-wrf-250-400-426-av","11":"product_cat-wrf-250-450-av","12":"product_cat-yamaha-av","13":"product_cat-yzf-250-av","14":"product_cat-yzf-250-400-426-av","15":"product_cat-yzf-250-450-av","16":"product_tag-blackbird","18":"first","19":"instock","20":"shipping-taxable","21":"purchasable","22":"product-type-simple"},"acf":[],"_links":{"self":[{"href":"https:\/\/blackbird.store360.it\/de\/wp-json\/wp\/v2\/product\/69808","targetHints":{"allow":["GET"]}}],"collection":[{"href":"https:\/\/blackbird.store360.it\/de\/wp-json\/wp\/v2\/product"}],"about":[{"href":"https:\/\/blackbird.store360.it\/de\/wp-json\/wp\/v2\/types\/product"}],"replies":[{"embeddable":true,"href":"https:\/\/blackbird.store360.it\/de\/wp-json\/wp\/v2\/comments?post=69808"}],"wp:featuredmedia":[{"embeddable":true,"href":"https:\/\/blackbird.store360.it\/de\/wp-json\/wp\/v2\/media\/69807"}],"wp:attachment":[{"href":"https:\/\/blackbird.store360.it\/de\/wp-json\/wp\/v2\/media?parent=69808"}],"wp:term":[{"taxonomy":"product_brand","embeddable":true,"href":"https:\/\/blackbird.store360.it\/de\/wp-json\/wp\/v2\/product_brand?post=69808"},{"taxonomy":"product_cat","embeddable":true,"href":"https:\/\/blackbird.store360.it\/de\/wp-json\/wp\/v2\/product_cat?post=69808"},{"taxonomy":"product_tag","embeddable":true,"href":"https:\/\/blackbird.store360.it\/de\/wp-json\/wp\/v2\/product_tag?post=69808"}],"curies":[{"name":"wp","href":"https:\/\/api.w.org\/{rel}","templated":true}]}}