{"id":69818,"date":"2025-10-15T21:34:08","date_gmt":"2025-10-15T19:34:08","guid":{"rendered":"https:\/\/blackbird.store360.it\/it\/prodotto\/adesivi-forcellone-yamaha\/"},"modified":"2025-10-21T17:53:00","modified_gmt":"2025-10-21T15:53:00","slug":"adesivi-forcellone-yamaha","status":"publish","type":"product","link":"https:\/\/blackbird.store360.it\/de\/produkt\/adesivi-forcellone-yamaha\/","title":{"rendered":"Crystall Aufkleberpaar  YAMAHA"},"content":{"rendered":"<p>Das Set besteht aus zwei in der R\u00fcckseite gedruckten Schwinge Aufklebern aus gl\u00e4nzendem, 0,5 dickem Crystallstoff. Die Aufkleber werden f\u00fcr das entsprechende Modell speziell geformt.<\/p>","protected":false},"excerpt":{"rendered":"<p>Crystall Aufkleberpaar  YAMAHA<\/p>","protected":false},"featured_media":69817,"comment_status":"open","ping_status":"closed","template":"","meta":[],"product_brand":[],"product_cat":[223,636,638,637,635,630,639,640,634,633],"product_tag":[26],"class_list":{"0":"post-69818","1":"product","2":"type-product","3":"status-publish","4":"has-post-thumbnail","6":"product_cat-adesivi-vari","7":"product_cat-wrf-250-av","8":"product_cat-wrf-250-400-426-av","9":"product_cat-wrf-250-450-av","10":"product_cat-wrf-450-av","11":"product_cat-yamaha-av","12":"product_cat-yz-125-250-av","13":"product_cat-yz-125-250-ufo-av","14":"product_cat-yzf-250-400-426-av","15":"product_cat-yzf-250-450-av","16":"product_tag-blackbird","18":"first","19":"instock","20":"shipping-taxable","21":"purchasable","22":"product-type-simple"},"_links":{"self":[{"href":"https:\/\/blackbird.store360.it\/de\/wp-json\/wp\/v2\/product\/69818","targetHints":{"allow":["GET"]}}],"collection":[{"href":"https:\/\/blackbird.store360.it\/de\/wp-json\/wp\/v2\/product"}],"about":[{"href":"https:\/\/blackbird.store360.it\/de\/wp-json\/wp\/v2\/types\/product"}],"replies":[{"embeddable":true,"href":"https:\/\/blackbird.store360.it\/de\/wp-json\/wp\/v2\/comments?post=69818"}],"wp:featuredmedia":[{"embeddable":true,"href":"https:\/\/blackbird.store360.it\/de\/wp-json\/wp\/v2\/media\/69817"}],"wp:attachment":[{"href":"https:\/\/blackbird.store360.it\/de\/wp-json\/wp\/v2\/media?parent=69818"}],"wp:term":[{"taxonomy":"product_brand","embeddable":true,"href":"https:\/\/blackbird.store360.it\/de\/wp-json\/wp\/v2\/product_brand?post=69818"},{"taxonomy":"product_cat","embeddable":true,"href":"https:\/\/blackbird.store360.it\/de\/wp-json\/wp\/v2\/product_cat?post=69818"},{"taxonomy":"product_tag","embeddable":true,"href":"https:\/\/blackbird.store360.it\/de\/wp-json\/wp\/v2\/product_tag?post=69818"}],"curies":[{"name":"wp","href":"https:\/\/api.w.org\/{rel}","templated":true}]}}