{"id":69822,"date":"2025-10-15T21:34:26","date_gmt":"2025-10-15T19:34:26","guid":{"rendered":"https:\/\/blackbird.store360.it\/it\/prodotto\/kit-adesivi-standard-yamaha\/"},"modified":"2025-11-04T17:50:02","modified_gmt":"2025-11-04T16:50:02","slug":"kit-adesivi-standard-yamaha","status":"publish","type":"product","link":"https:\/\/blackbird.store360.it\/de\/produkt\/kit-adesivi-standard-yamaha\/","title":{"rendered":"Standard Aufkleber Kit YAMAHA"},"content":{"rendered":"<p>Das Set besteht aus einem Blatt aus in der R\u00fcckseite gedrucktem, 0,5 mm dickem Crystallstoff, es enth\u00e4lt vorgestanzte Aufkleber f\u00fcr Schutzbleche und Schwinge, Normgr\u00f6\u00dfe.<\/p>","protected":false},"excerpt":{"rendered":"<p>Standard Aufkleber Kit YAMAHA<\/p>","protected":false},"featured_media":69821,"comment_status":"open","ping_status":"closed","template":"","meta":{"_acf_changed":false},"product_brand":[],"product_cat":[32,764],"product_tag":[26],"class_list":{"0":"post-69822","1":"product","2":"type-product","3":"status-publish","4":"has-post-thumbnail","6":"product_cat-prodotti-blackbird","7":"product_cat-kit-standard","8":"product_tag-blackbird","10":"first","11":"instock","12":"shipping-taxable","13":"purchasable","14":"product-type-simple"},"acf":[],"_links":{"self":[{"href":"https:\/\/blackbird.store360.it\/de\/wp-json\/wp\/v2\/product\/69822","targetHints":{"allow":["GET"]}}],"collection":[{"href":"https:\/\/blackbird.store360.it\/de\/wp-json\/wp\/v2\/product"}],"about":[{"href":"https:\/\/blackbird.store360.it\/de\/wp-json\/wp\/v2\/types\/product"}],"replies":[{"embeddable":true,"href":"https:\/\/blackbird.store360.it\/de\/wp-json\/wp\/v2\/comments?post=69822"}],"wp:featuredmedia":[{"embeddable":true,"href":"https:\/\/blackbird.store360.it\/de\/wp-json\/wp\/v2\/media\/69821"}],"wp:attachment":[{"href":"https:\/\/blackbird.store360.it\/de\/wp-json\/wp\/v2\/media?parent=69822"}],"wp:term":[{"taxonomy":"product_brand","embeddable":true,"href":"https:\/\/blackbird.store360.it\/de\/wp-json\/wp\/v2\/product_brand?post=69822"},{"taxonomy":"product_cat","embeddable":true,"href":"https:\/\/blackbird.store360.it\/de\/wp-json\/wp\/v2\/product_cat?post=69822"},{"taxonomy":"product_tag","embeddable":true,"href":"https:\/\/blackbird.store360.it\/de\/wp-json\/wp\/v2\/product_tag?post=69822"}],"curies":[{"name":"wp","href":"https:\/\/api.w.org\/{rel}","templated":true}]}}