{"id":69856,"date":"2025-10-15T21:35:29","date_gmt":"2025-10-15T19:35:29","guid":{"rendered":"https:\/\/blackbird.store360.it\/it\/prodotto\/adesivo-carter-frizione-kawasaki-3\/"},"modified":"2025-10-21T17:53:09","modified_gmt":"2025-10-21T15:53:09","slug":"adesivo-carter-frizione-kawasaki-3","status":"publish","type":"product","link":"https:\/\/blackbird.store360.it\/de\/produkt\/adesivo-carter-frizione-kawasaki-3\/","title":{"rendered":"Aufkleber F\u00fcr Kupplungsdeckel  KAWASAKI"},"content":{"rendered":"<p>Das Set besteht aus einem Schutz Kupplungsdeckel Aufkleber aus in der R\u00fcckseite gedrucktem, 0,8 mm dickem Crystallstoff,  w\u00e4rmebest\u00e4ndige und abriebfeste Textur Verzierung. Pr\u00e4zises Profil f\u00fcr das Kupplungsdeckel Muster.<\/p>","protected":false},"excerpt":{"rendered":"<p>Aufkleber F\u00fcr Kupplungsdeckel  KAWASAKI<\/p>","protected":false},"featured_media":69855,"comment_status":"open","ping_status":"closed","template":"","meta":[],"product_brand":[],"product_cat":[222,223,662,665,32],"product_tag":[26],"class_list":{"0":"post-69856","1":"product","2":"type-product","3":"status-publish","4":"has-post-thumbnail","6":"product_cat-adesivi-carter-frizione","7":"product_cat-adesivi-vari","8":"product_cat-kawasaki-av","9":"product_cat-kx-125-250-av","10":"product_cat-prodotti-blackbird","11":"product_tag-blackbird","13":"first","14":"instock","15":"shipping-taxable","16":"purchasable","17":"product-type-simple"},"_links":{"self":[{"href":"https:\/\/blackbird.store360.it\/de\/wp-json\/wp\/v2\/product\/69856","targetHints":{"allow":["GET"]}}],"collection":[{"href":"https:\/\/blackbird.store360.it\/de\/wp-json\/wp\/v2\/product"}],"about":[{"href":"https:\/\/blackbird.store360.it\/de\/wp-json\/wp\/v2\/types\/product"}],"replies":[{"embeddable":true,"href":"https:\/\/blackbird.store360.it\/de\/wp-json\/wp\/v2\/comments?post=69856"}],"wp:featuredmedia":[{"embeddable":true,"href":"https:\/\/blackbird.store360.it\/de\/wp-json\/wp\/v2\/media\/69855"}],"wp:attachment":[{"href":"https:\/\/blackbird.store360.it\/de\/wp-json\/wp\/v2\/media?parent=69856"}],"wp:term":[{"taxonomy":"product_brand","embeddable":true,"href":"https:\/\/blackbird.store360.it\/de\/wp-json\/wp\/v2\/product_brand?post=69856"},{"taxonomy":"product_cat","embeddable":true,"href":"https:\/\/blackbird.store360.it\/de\/wp-json\/wp\/v2\/product_cat?post=69856"},{"taxonomy":"product_tag","embeddable":true,"href":"https:\/\/blackbird.store360.it\/de\/wp-json\/wp\/v2\/product_tag?post=69856"}],"curies":[{"name":"wp","href":"https:\/\/api.w.org\/{rel}","templated":true}]}}