{"id":69868,"date":"2025-10-15T21:36:18","date_gmt":"2025-10-15T19:36:18","guid":{"rendered":"https:\/\/blackbird.store360.it\/it\/prodotto\/adesivi-forcellone-kawasaki\/"},"modified":"2025-10-21T17:53:12","modified_gmt":"2025-10-21T15:53:12","slug":"adesivi-forcellone-kawasaki","status":"publish","type":"product","link":"https:\/\/blackbird.store360.it\/de\/produkt\/adesivi-forcellone-kawasaki\/","title":{"rendered":"Crystall Aufkleberpaar  KAWASAKI"},"content":{"rendered":"<p>Das Set besteht aus zwei in der R\u00fcckseite gedruckten Schwinge Aufklebern aus gl\u00e4nzendem, 0,5 dickem Crystallstoff. Die Aufkleber werden f\u00fcr das entsprechende Modell speziell geformt.<\/p>","protected":false},"excerpt":{"rendered":"<p>Crystall Aufkleberpaar  KAWASAKI<\/p>","protected":false},"featured_media":69867,"comment_status":"open","ping_status":"closed","template":"","meta":{"_acf_changed":false},"product_brand":[],"product_cat":[223,662,665,668,667,666,664,663],"product_tag":[26],"class_list":{"0":"post-69868","1":"product","2":"type-product","3":"status-publish","4":"has-post-thumbnail","6":"product_cat-adesivi-vari","7":"product_cat-kawasaki-av","8":"product_cat-kx-125-250-av","9":"product_cat-kx-60-av","10":"product_cat-kx-65-av","11":"product_cat-kx-85-av","12":"product_cat-kxf-250-av","13":"product_cat-kxf-450-av","14":"product_tag-blackbird","16":"first","17":"instock","18":"shipping-taxable","19":"purchasable","20":"product-type-simple"},"acf":[],"_links":{"self":[{"href":"https:\/\/blackbird.store360.it\/de\/wp-json\/wp\/v2\/product\/69868","targetHints":{"allow":["GET"]}}],"collection":[{"href":"https:\/\/blackbird.store360.it\/de\/wp-json\/wp\/v2\/product"}],"about":[{"href":"https:\/\/blackbird.store360.it\/de\/wp-json\/wp\/v2\/types\/product"}],"replies":[{"embeddable":true,"href":"https:\/\/blackbird.store360.it\/de\/wp-json\/wp\/v2\/comments?post=69868"}],"wp:featuredmedia":[{"embeddable":true,"href":"https:\/\/blackbird.store360.it\/de\/wp-json\/wp\/v2\/media\/69867"}],"wp:attachment":[{"href":"https:\/\/blackbird.store360.it\/de\/wp-json\/wp\/v2\/media?parent=69868"}],"wp:term":[{"taxonomy":"product_brand","embeddable":true,"href":"https:\/\/blackbird.store360.it\/de\/wp-json\/wp\/v2\/product_brand?post=69868"},{"taxonomy":"product_cat","embeddable":true,"href":"https:\/\/blackbird.store360.it\/de\/wp-json\/wp\/v2\/product_cat?post=69868"},{"taxonomy":"product_tag","embeddable":true,"href":"https:\/\/blackbird.store360.it\/de\/wp-json\/wp\/v2\/product_tag?post=69868"}],"curies":[{"name":"wp","href":"https:\/\/api.w.org\/{rel}","templated":true}]}}