{"id":69930,"date":"2025-10-15T21:37:58","date_gmt":"2025-10-15T19:37:58","guid":{"rendered":"https:\/\/blackbird.store360.it\/it\/prodotto\/adesivi-forcellone-husqvarna\/"},"modified":"2025-10-21T17:53:29","modified_gmt":"2025-10-21T15:53:29","slug":"adesivi-forcellone-husqvarna","status":"publish","type":"product","link":"https:\/\/blackbird.store360.it\/de\/produkt\/adesivi-forcellone-husqvarna\/","title":{"rendered":"Crystall Aufkleberpaar  HUSQVARNA"},"content":{"rendered":"<p>Das Set besteht aus zwei in der R\u00fcckseite gedruckten Schwinge Aufklebern aus gl\u00e4nzendem, 0,5 dickem Crystallstoff. Die Aufkleber werden f\u00fcr das entsprechende Modell speziell geformt.<\/p>","protected":false},"excerpt":{"rendered":"<p>Crystall Aufkleberpaar  HUSQVARNA<\/p>","protected":false},"featured_media":69929,"comment_status":"open","ping_status":"closed","template":"","meta":{"_acf_changed":false},"product_brand":[],"product_cat":[223,684,683],"product_tag":[26],"class_list":{"0":"post-69930","1":"product","2":"type-product","3":"status-publish","4":"has-post-thumbnail","6":"product_cat-adesivi-vari","7":"product_cat-fc-tc-all-models-av","8":"product_cat-husqvarna-av","9":"product_tag-blackbird","11":"first","12":"instock","13":"shipping-taxable","14":"purchasable","15":"product-type-simple"},"acf":[],"_links":{"self":[{"href":"https:\/\/blackbird.store360.it\/de\/wp-json\/wp\/v2\/product\/69930","targetHints":{"allow":["GET"]}}],"collection":[{"href":"https:\/\/blackbird.store360.it\/de\/wp-json\/wp\/v2\/product"}],"about":[{"href":"https:\/\/blackbird.store360.it\/de\/wp-json\/wp\/v2\/types\/product"}],"replies":[{"embeddable":true,"href":"https:\/\/blackbird.store360.it\/de\/wp-json\/wp\/v2\/comments?post=69930"}],"wp:featuredmedia":[{"embeddable":true,"href":"https:\/\/blackbird.store360.it\/de\/wp-json\/wp\/v2\/media\/69929"}],"wp:attachment":[{"href":"https:\/\/blackbird.store360.it\/de\/wp-json\/wp\/v2\/media?parent=69930"}],"wp:term":[{"taxonomy":"product_brand","embeddable":true,"href":"https:\/\/blackbird.store360.it\/de\/wp-json\/wp\/v2\/product_brand?post=69930"},{"taxonomy":"product_cat","embeddable":true,"href":"https:\/\/blackbird.store360.it\/de\/wp-json\/wp\/v2\/product_cat?post=69930"},{"taxonomy":"product_tag","embeddable":true,"href":"https:\/\/blackbird.store360.it\/de\/wp-json\/wp\/v2\/product_tag?post=69930"}],"curies":[{"name":"wp","href":"https:\/\/api.w.org\/{rel}","templated":true}]}}