{"id":69956,"date":"2025-10-15T21:38:33","date_gmt":"2025-10-15T19:38:33","guid":{"rendered":"https:\/\/blackbird.store360.it\/it\/prodotto\/adesivo-carter-frizione-sherco\/"},"modified":"2025-10-21T17:53:36","modified_gmt":"2025-10-21T15:53:36","slug":"adesivo-carter-frizione-sherco","status":"publish","type":"product","link":"https:\/\/blackbird.store360.it\/de\/produkt\/adesivo-carter-frizione-sherco\/","title":{"rendered":"Aufkleber F\u00fcr Kupplungsdeckel  Sherco"},"content":{"rendered":"<p>Das Set besteht aus einem Schutz Kupplungsdeckel Aufkleber aus in der R\u00fcckseite gedrucktem, 0,8 mm dickem Crystallstoff,  w\u00e4rmebest\u00e4ndige und abriebfeste Textur Verzierung. Pr\u00e4zises Profil f\u00fcr das Kupplungsdeckel Muster.<\/p>","protected":false},"excerpt":{"rendered":"<p>Aufkleber F\u00fcr Kupplungsdeckel  Sherco<\/p>","protected":false},"featured_media":69955,"comment_status":"open","ping_status":"closed","template":"","meta":[],"product_brand":[],"product_cat":[222,223,32,706,705],"product_tag":[26],"class_list":{"0":"post-69956","1":"product","2":"type-product","3":"status-publish","4":"has-post-thumbnail","6":"product_cat-adesivi-carter-frizione","7":"product_cat-adesivi-vari","8":"product_cat-prodotti-blackbird","9":"product_cat-se-sef-all-models-av","10":"product_cat-sherco-av","11":"product_tag-blackbird","13":"first","14":"instock","15":"shipping-taxable","16":"purchasable","17":"product-type-simple"},"_links":{"self":[{"href":"https:\/\/blackbird.store360.it\/de\/wp-json\/wp\/v2\/product\/69956","targetHints":{"allow":["GET"]}}],"collection":[{"href":"https:\/\/blackbird.store360.it\/de\/wp-json\/wp\/v2\/product"}],"about":[{"href":"https:\/\/blackbird.store360.it\/de\/wp-json\/wp\/v2\/types\/product"}],"replies":[{"embeddable":true,"href":"https:\/\/blackbird.store360.it\/de\/wp-json\/wp\/v2\/comments?post=69956"}],"wp:featuredmedia":[{"embeddable":true,"href":"https:\/\/blackbird.store360.it\/de\/wp-json\/wp\/v2\/media\/69955"}],"wp:attachment":[{"href":"https:\/\/blackbird.store360.it\/de\/wp-json\/wp\/v2\/media?parent=69956"}],"wp:term":[{"taxonomy":"product_brand","embeddable":true,"href":"https:\/\/blackbird.store360.it\/de\/wp-json\/wp\/v2\/product_brand?post=69956"},{"taxonomy":"product_cat","embeddable":true,"href":"https:\/\/blackbird.store360.it\/de\/wp-json\/wp\/v2\/product_cat?post=69956"},{"taxonomy":"product_tag","embeddable":true,"href":"https:\/\/blackbird.store360.it\/de\/wp-json\/wp\/v2\/product_tag?post=69956"}],"curies":[{"name":"wp","href":"https:\/\/api.w.org\/{rel}","templated":true}]}}