{"id":70166,"date":"2025-10-15T21:53:18","date_gmt":"2025-10-15T19:53:18","guid":{"rendered":"https:\/\/blackbird.store360.it\/it\/prodotto\/sella-completa-pyramid-color-15mm-yamaha-2\/"},"modified":"2025-10-21T17:54:10","modified_gmt":"2025-10-21T15:54:10","slug":"sella-completa-pyramid-color-15mm-yamaha-2","status":"publish","type":"product","link":"https:\/\/blackbird.store360.it\/de\/produkt\/sella-completa-pyramid-color-15mm-yamaha-2\/","title":{"rendered":"Sitzbank +15mm Pyramide Color YAMAHA"},"content":{"rendered":"<p>Blackbird Racing gelieferte vollst\u00e4ndige Settel. Er ist mit dem Original perfekt austauschbar und er passt an die Dimensionen des Motos mit pr\u00e4zisen L\u00f6chern an. Boden aus erstklassigen Polypropylen, standardhoher Schwamm aus Polyurethan-Hartschaum und Setteldecke aus rutschfesten Material, um ein modernes Image mit einem wirksamen f\u00fcr das Racing spezifischen technischen Material zu verbinden. Die vorzusammengesetzten Teile sind fertig f\u00fcr Gebrauch.<\/p>","protected":false},"excerpt":{"rendered":"<p>Sitzbank +15mm Pyramide Color YAMAHA<\/p>","protected":false},"featured_media":70164,"comment_status":"open","ping_status":"closed","template":"","meta":[],"product_brand":[],"product_cat":[29,55,64,65],"product_tag":[26],"class_list":{"0":"post-70166","1":"product","2":"type-product","3":"status-publish","4":"has-post-thumbnail","6":"product_cat-copertine-sella","7":"product_cat-yamaha-cs","8":"product_cat-yz-125-250-cs","9":"product_cat-yz-125-250-ufo-cs","10":"product_tag-blackbird","12":"first","13":"instock","14":"shipping-taxable","15":"purchasable","16":"product-type-simple"},"_links":{"self":[{"href":"https:\/\/blackbird.store360.it\/de\/wp-json\/wp\/v2\/product\/70166","targetHints":{"allow":["GET"]}}],"collection":[{"href":"https:\/\/blackbird.store360.it\/de\/wp-json\/wp\/v2\/product"}],"about":[{"href":"https:\/\/blackbird.store360.it\/de\/wp-json\/wp\/v2\/types\/product"}],"replies":[{"embeddable":true,"href":"https:\/\/blackbird.store360.it\/de\/wp-json\/wp\/v2\/comments?post=70166"}],"wp:featuredmedia":[{"embeddable":true,"href":"https:\/\/blackbird.store360.it\/de\/wp-json\/wp\/v2\/media\/70164"}],"wp:attachment":[{"href":"https:\/\/blackbird.store360.it\/de\/wp-json\/wp\/v2\/media?parent=70166"}],"wp:term":[{"taxonomy":"product_brand","embeddable":true,"href":"https:\/\/blackbird.store360.it\/de\/wp-json\/wp\/v2\/product_brand?post=70166"},{"taxonomy":"product_cat","embeddable":true,"href":"https:\/\/blackbird.store360.it\/de\/wp-json\/wp\/v2\/product_cat?post=70166"},{"taxonomy":"product_tag","embeddable":true,"href":"https:\/\/blackbird.store360.it\/de\/wp-json\/wp\/v2\/product_tag?post=70166"}],"curies":[{"name":"wp","href":"https:\/\/api.w.org\/{rel}","templated":true}]}}