{"id":70799,"date":"2025-10-18T23:56:04","date_gmt":"2025-10-18T21:56:04","guid":{"rendered":"https:\/\/blackbird.store360.it\/it\/prodotto\/kit-adesivi-retro-semi-configurabile-husqvarna-per-fc-tc-all-models-2019-2022\/"},"modified":"2025-11-12T19:49:49","modified_gmt":"2025-11-12T18:49:49","slug":"kit-adesivi-retro-semi-configurabile-husqvarna-per-fc-tc-all-models-2019-2022","status":"publish","type":"product","link":"https:\/\/blackbird.store360.it\/de\/produkt\/kit-adesivi-retro-semi-configurabile-husqvarna-per-fc-tc-all-models-2019-2022\/","title":{"rendered":"Kit Adesivi Retr\u00f2 Semi Configurabile Husqvarna per FC TC ALL MODELS 2019 &#8211; 2022"},"content":{"rendered":"<p>Das Aufkleber Set enth\u00e4lt: Paar K\u00fchlerverkleidungen, Paar Luftfilterkasten, Paar Gabelschutz, Paar Schwinge, Vorderschutzblech, Hinterschutzblech und Enduro und Motocross Startnummerfelder.<\/p>","protected":false},"excerpt":{"rendered":"<p>Kit Adesivi Retr\u00f2 Semi Configurabile compatibile con Husqvarna FC TC ALL MODELS 2019 &#8211; 2022<\/p>","protected":false},"featured_media":75811,"comment_status":"open","ping_status":"closed","template":"","meta":[],"product_brand":[],"product_cat":[1146,1227,1218],"product_tag":[26],"class_list":{"0":"post-70799","1":"product","2":"type-product","3":"status-publish","4":"has-post-thumbnail","6":"product_cat-kit-adesivi-moto","7":"product_cat-fc-tc-all-models-ka","8":"product_cat-husqvarna-ka","9":"product_tag-blackbird","11":"first","12":"instock","13":"shipping-taxable","14":"purchasable","15":"product-type-simple"},"_links":{"self":[{"href":"https:\/\/blackbird.store360.it\/de\/wp-json\/wp\/v2\/product\/70799","targetHints":{"allow":["GET"]}}],"collection":[{"href":"https:\/\/blackbird.store360.it\/de\/wp-json\/wp\/v2\/product"}],"about":[{"href":"https:\/\/blackbird.store360.it\/de\/wp-json\/wp\/v2\/types\/product"}],"replies":[{"embeddable":true,"href":"https:\/\/blackbird.store360.it\/de\/wp-json\/wp\/v2\/comments?post=70799"}],"wp:featuredmedia":[{"embeddable":true,"href":"https:\/\/blackbird.store360.it\/de\/wp-json\/wp\/v2\/media\/75811"}],"wp:attachment":[{"href":"https:\/\/blackbird.store360.it\/de\/wp-json\/wp\/v2\/media?parent=70799"}],"wp:term":[{"taxonomy":"product_brand","embeddable":true,"href":"https:\/\/blackbird.store360.it\/de\/wp-json\/wp\/v2\/product_brand?post=70799"},{"taxonomy":"product_cat","embeddable":true,"href":"https:\/\/blackbird.store360.it\/de\/wp-json\/wp\/v2\/product_cat?post=70799"},{"taxonomy":"product_tag","embeddable":true,"href":"https:\/\/blackbird.store360.it\/de\/wp-json\/wp\/v2\/product_tag?post=70799"}],"curies":[{"name":"wp","href":"https:\/\/api.w.org\/{rel}","templated":true}]}}