{"id":73333,"date":"2025-10-19T21:32:05","date_gmt":"2025-10-19T19:32:05","guid":{"rendered":"https:\/\/blackbird.store360.it\/it\/prodotto\/file-template-honda-per-crf-250-2025\/"},"modified":"2025-11-26T19:00:04","modified_gmt":"2025-11-26T18:00:04","slug":"file-template-honda-per-crf-250-2025","status":"publish","type":"product","link":"https:\/\/blackbird.store360.it\/de\/produkt\/file-template-honda-per-crf-250-2025\/","title":{"rendered":"Honda-Vorlagendateien f\u00fcr die CRF 250 2025"},"content":{"rendered":"<p>Mit unseren Vektor-Vorlagen k\u00f6nnen Sie die gew\u00fcnschten Grafiken f\u00fcr Ihr Motorrad erstellen. Vektor-Vorlagen im Ma\u00dfstab 1:1 f\u00fcr Skizzen und grafische Kreationen. Die Dateien sind im Vektor-PDF-Format, kompatibel mit den wichtigsten Vektorgrafikprogrammen.<\/p>","protected":false},"excerpt":{"rendered":"<p>Dateivorlage kompatibel mit Honda CRF 250 2025<\/p>","protected":false},"featured_media":78821,"comment_status":"open","ping_status":"closed","template":"","meta":{"_acf_changed":false},"product_brand":[],"product_cat":[1146,1155,1147],"product_tag":[26],"class_list":{"0":"post-73333","1":"product","2":"type-product","3":"status-publish","4":"has-post-thumbnail","6":"product_cat-kit-adesivi-moto","7":"product_cat-crf-250-ka","8":"product_cat-honda-ka","9":"product_tag-blackbird","11":"first","12":"instock","13":"shipping-taxable","14":"purchasable","15":"product-type-simple"},"acf":[],"_links":{"self":[{"href":"https:\/\/blackbird.store360.it\/de\/wp-json\/wp\/v2\/product\/73333","targetHints":{"allow":["GET"]}}],"collection":[{"href":"https:\/\/blackbird.store360.it\/de\/wp-json\/wp\/v2\/product"}],"about":[{"href":"https:\/\/blackbird.store360.it\/de\/wp-json\/wp\/v2\/types\/product"}],"replies":[{"embeddable":true,"href":"https:\/\/blackbird.store360.it\/de\/wp-json\/wp\/v2\/comments?post=73333"}],"wp:featuredmedia":[{"embeddable":true,"href":"https:\/\/blackbird.store360.it\/de\/wp-json\/wp\/v2\/media\/78821"}],"wp:attachment":[{"href":"https:\/\/blackbird.store360.it\/de\/wp-json\/wp\/v2\/media?parent=73333"}],"wp:term":[{"taxonomy":"product_brand","embeddable":true,"href":"https:\/\/blackbird.store360.it\/de\/wp-json\/wp\/v2\/product_brand?post=73333"},{"taxonomy":"product_cat","embeddable":true,"href":"https:\/\/blackbird.store360.it\/de\/wp-json\/wp\/v2\/product_cat?post=73333"},{"taxonomy":"product_tag","embeddable":true,"href":"https:\/\/blackbird.store360.it\/de\/wp-json\/wp\/v2\/product_tag?post=73333"}],"curies":[{"name":"wp","href":"https:\/\/api.w.org\/{rel}","templated":true}]}}