{"id":73912,"date":"2025-10-21T16:11:45","date_gmt":"2025-10-21T14:11:45","guid":{"rendered":"https:\/\/blackbird.store360.it\/it\/prodotto\/adesivo-carter-frizione-ktm-5\/"},"modified":"2025-10-21T17:53:16","modified_gmt":"2025-10-21T15:53:16","slug":"adesivo-carter-frizione-ktm-5","status":"publish","type":"product","link":"https:\/\/blackbird.store360.it\/de\/produkt\/adesivo-carter-frizione-ktm-5\/","title":{"rendered":"Aufkleber F\u00fcr Kupplungsdeckel  KTM"},"content":{"rendered":"<p>Das Set besteht aus einem Schutz Kupplungsdeckel Aufkleber aus in der R\u00fcckseite gedrucktem, 0,8 mm dickem Crystallstoff,  w\u00e4rmebest\u00e4ndige und abriebfeste Textur Verzierung. Pr\u00e4zises Profil f\u00fcr das Kupplungsdeckel Muster.<\/p>","protected":false},"excerpt":{"rendered":"<p>Aufkleber F\u00fcr Kupplungsdeckel  KTM<\/p>","protected":false},"featured_media":73911,"comment_status":"open","ping_status":"closed","template":"","meta":[],"product_brand":[],"product_cat":[222,223,674,672,32,673],"product_tag":[26],"class_list":{"0":"post-73912","1":"product","2":"type-product","3":"status-publish","4":"has-post-thumbnail","6":"product_cat-adesivi-carter-frizione","7":"product_cat-adesivi-vari","8":"product_cat-exc-all-models-av","9":"product_cat-ktm-av","10":"product_cat-prodotti-blackbird","11":"product_cat-sx-sxf-all-models-av","12":"product_tag-blackbird","14":"first","15":"instock","16":"shipping-taxable","17":"purchasable","18":"product-type-simple"},"_links":{"self":[{"href":"https:\/\/blackbird.store360.it\/de\/wp-json\/wp\/v2\/product\/73912","targetHints":{"allow":["GET"]}}],"collection":[{"href":"https:\/\/blackbird.store360.it\/de\/wp-json\/wp\/v2\/product"}],"about":[{"href":"https:\/\/blackbird.store360.it\/de\/wp-json\/wp\/v2\/types\/product"}],"replies":[{"embeddable":true,"href":"https:\/\/blackbird.store360.it\/de\/wp-json\/wp\/v2\/comments?post=73912"}],"wp:featuredmedia":[{"embeddable":true,"href":"https:\/\/blackbird.store360.it\/de\/wp-json\/wp\/v2\/media\/73911"}],"wp:attachment":[{"href":"https:\/\/blackbird.store360.it\/de\/wp-json\/wp\/v2\/media?parent=73912"}],"wp:term":[{"taxonomy":"product_brand","embeddable":true,"href":"https:\/\/blackbird.store360.it\/de\/wp-json\/wp\/v2\/product_brand?post=73912"},{"taxonomy":"product_cat","embeddable":true,"href":"https:\/\/blackbird.store360.it\/de\/wp-json\/wp\/v2\/product_cat?post=73912"},{"taxonomy":"product_tag","embeddable":true,"href":"https:\/\/blackbird.store360.it\/de\/wp-json\/wp\/v2\/product_tag?post=73912"}],"curies":[{"name":"wp","href":"https:\/\/api.w.org\/{rel}","templated":true}]}}