{"id":78328,"date":"2025-11-25T19:27:27","date_gmt":"2025-11-25T18:27:27","guid":{"rendered":"https:\/\/blackbird.store360.it\/it\/prodotto\/kit-adesivi-dream-5-semi-configurabile-honda-per-crf-250-2025\/"},"modified":"2025-11-25T19:27:27","modified_gmt":"2025-11-25T18:27:27","slug":"kit-adesivi-dream-5-semi-configurabile-honda-per-crf-250-2025","status":"publish","type":"product","link":"https:\/\/blackbird.store360.it\/de\/produkt\/kit-adesivi-dream-5-semi-configurabile-honda-per-crf-250-2025\/","title":{"rendered":"Dream 5 Semi-konfigurierbarer Honda Aufklebersatz f\u00fcr CRF 250 2025"},"content":{"rendered":"<p>Das Aufkleber Set enth\u00e4lt: Paar K\u00fchlerverkleidungen, Vorderschutzblech und Hinterschutzblech. Die im Set enthaltenen Teile werden nicht getrennt verkauft.<\/p>","protected":false},"excerpt":{"rendered":"<p>Kit Adesivi Dream 5 Semi Configurabile compatibile con Honda CRF 250 2025<\/p>","protected":false},"featured_media":78327,"comment_status":"open","ping_status":"closed","template":"","meta":{"_acf_changed":false},"product_brand":[],"product_cat":[1146,1155,1147],"product_tag":[26],"class_list":{"0":"post-78328","1":"product","2":"type-product","3":"status-publish","4":"has-post-thumbnail","6":"product_cat-kit-adesivi-moto","7":"product_cat-crf-250-ka","8":"product_cat-honda-ka","9":"product_tag-blackbird","11":"first","12":"instock","13":"shipping-taxable","14":"purchasable","15":"product-type-simple"},"acf":[],"_links":{"self":[{"href":"https:\/\/blackbird.store360.it\/de\/wp-json\/wp\/v2\/product\/78328","targetHints":{"allow":["GET"]}}],"collection":[{"href":"https:\/\/blackbird.store360.it\/de\/wp-json\/wp\/v2\/product"}],"about":[{"href":"https:\/\/blackbird.store360.it\/de\/wp-json\/wp\/v2\/types\/product"}],"replies":[{"embeddable":true,"href":"https:\/\/blackbird.store360.it\/de\/wp-json\/wp\/v2\/comments?post=78328"}],"wp:featuredmedia":[{"embeddable":true,"href":"https:\/\/blackbird.store360.it\/de\/wp-json\/wp\/v2\/media\/78327"}],"wp:attachment":[{"href":"https:\/\/blackbird.store360.it\/de\/wp-json\/wp\/v2\/media?parent=78328"}],"wp:term":[{"taxonomy":"product_brand","embeddable":true,"href":"https:\/\/blackbird.store360.it\/de\/wp-json\/wp\/v2\/product_brand?post=78328"},{"taxonomy":"product_cat","embeddable":true,"href":"https:\/\/blackbird.store360.it\/de\/wp-json\/wp\/v2\/product_cat?post=78328"},{"taxonomy":"product_tag","embeddable":true,"href":"https:\/\/blackbird.store360.it\/de\/wp-json\/wp\/v2\/product_tag?post=78328"}],"curies":[{"name":"wp","href":"https:\/\/api.w.org\/{rel}","templated":true}]}}