{"id":67150,"date":"2025-10-15T19:32:06","date_gmt":"2025-10-15T17:32:06","guid":{"rendered":"https:\/\/blackbird.store360.it\/it\/prodotto\/copertina-sella-repl-gariboldi-2013-honda\/"},"modified":"2025-10-21T17:45:28","modified_gmt":"2025-10-21T15:45:28","slug":"copertina-sella-repl-gariboldi-2013-honda","status":"publish","type":"product","link":"https:\/\/blackbird.store360.it\/en\/product\/copertina-sella-repl-gariboldi-2013-honda\/","title":{"rendered":"Seat Cover Repl Gariboldi 2013 HONDA"},"content":{"rendered":"<p>Copertina sella da sostiuire all&#8217;originale prodotta con le migliori tecnologie presenti sul mercato. Calza perfettamente sulle sagome della tua moto anche su spugnati pi\u00f9 alti di 2 cm circa La parte centrale \u00e8 in materiale crystall ruvido. La parte laterale \u00e8 di materiale tecnico anti-scivolo. Studiata per dare a tutta la livrea una linearit\u00e0 con design al top. -Articolo Fashion ed alla moda<\/p>","protected":false},"excerpt":{"rendered":"<p>Seat Cover Repl Gariboldi 2013 HONDA<\/p>","protected":false},"featured_media":67148,"comment_status":"open","ping_status":"closed","template":"","meta":{"_acf_changed":false},"product_brand":[],"product_cat":[29,34,31,30],"product_tag":[26],"class_list":{"0":"post-67150","1":"product","2":"type-product","3":"status-publish","4":"has-post-thumbnail","6":"product_cat-copertine-sella","7":"product_cat-crf-250-cs","8":"product_cat-crf-450-cs","9":"product_cat-honda-cs","10":"product_tag-blackbird","12":"first","13":"instock","14":"shipping-taxable","15":"purchasable","16":"product-type-simple"},"acf":[],"_links":{"self":[{"href":"https:\/\/blackbird.store360.it\/en\/wp-json\/wp\/v2\/product\/67150","targetHints":{"allow":["GET"]}}],"collection":[{"href":"https:\/\/blackbird.store360.it\/en\/wp-json\/wp\/v2\/product"}],"about":[{"href":"https:\/\/blackbird.store360.it\/en\/wp-json\/wp\/v2\/types\/product"}],"replies":[{"embeddable":true,"href":"https:\/\/blackbird.store360.it\/en\/wp-json\/wp\/v2\/comments?post=67150"}],"wp:featuredmedia":[{"embeddable":true,"href":"https:\/\/blackbird.store360.it\/en\/wp-json\/wp\/v2\/media\/67148"}],"wp:attachment":[{"href":"https:\/\/blackbird.store360.it\/en\/wp-json\/wp\/v2\/media?parent=67150"}],"wp:term":[{"taxonomy":"product_brand","embeddable":true,"href":"https:\/\/blackbird.store360.it\/en\/wp-json\/wp\/v2\/product_brand?post=67150"},{"taxonomy":"product_cat","embeddable":true,"href":"https:\/\/blackbird.store360.it\/en\/wp-json\/wp\/v2\/product_cat?post=67150"},{"taxonomy":"product_tag","embeddable":true,"href":"https:\/\/blackbird.store360.it\/en\/wp-json\/wp\/v2\/product_tag?post=67150"}],"curies":[{"name":"wp","href":"https:\/\/api.w.org\/{rel}","templated":true}]}}