{"id":30689,"date":"2025-07-25T17:29:23","date_gmt":"2025-07-25T15:29:23","guid":{"rendered":"https:\/\/alessiom160.sg-host.com\/?page_id=30689"},"modified":"2025-07-28T17:01:48","modified_gmt":"2025-07-28T15:01:48","slug":"azienda","status":"publish","type":"page","link":"https:\/\/blackbird.store360.it\/es\/azienda\/","title":{"rendered":"Empresa"},"content":{"rendered":"<div data-elementor-type=\"wp-page\" data-elementor-id=\"30689\" class=\"elementor elementor-30689\" data-elementor-post-type=\"page\">\n\t\t\t\t<section class=\"elementor-element elementor-element-bba599f e-con-full section-s e-flex e-con e-parent\" data-id=\"bba599f\" data-element_type=\"container\">\n\t\t<div class=\"elementor-element elementor-element-29438d7 e-con-full e-flex e-con e-child\" data-id=\"29438d7\" data-element_type=\"container\">\n\t\t\t\t<div class=\"elementor-element elementor-element-2a845a6 elementor-widget elementor-widget-heading\" data-id=\"2a845a6\" data-element_type=\"widget\" data-widget_type=\"heading.default\">\n\t\t\t\t\t<h2 class=\"elementor-heading-title elementor-size-default\">Historia<\/h2>\t\t\t\t<\/div>\n\t\t\t\t<div class=\"elementor-element elementor-element-b5428bc elementor-widget elementor-widget-text-editor\" data-id=\"b5428bc\" data-element_type=\"widget\" data-widget_type=\"text-editor.default\">\n\t\t\t\t\t\t\t\t\t<p>Blackbird Racing nace en 1996 con la idea de realizar gr\u00e1ficas adhesivas y fundas de sill\u00edn para motos todoterreno. El gran trabajo inicial de unas pocas personas, altamente apasionadas y cualificadas, lleva a la empresa a un crecimiento exponencial en los a\u00f1os siguientes. Compromiso, calidad, servicio e innovaci\u00f3n han sido siempre nuestros puntos fuertes. Hoy en d\u00eda los campos de aplicaci\u00f3n han aumentado considerablemente, Cross, Enduro, Motard, Freestyle, Quad, Go-Kart, son solo algunos de los sectores en los que operamos. Desde hace tiempo, Blackbird Racing es reconocido como l\u00edder del mercado y se ha convertido en el mayor fabricante de gr\u00e1ficos para casi todos los fabricantes de motocicletas del mundo.<\/p>\t\t\t\t\t\t\t\t<\/div>\n\t\t\t\t<\/div>\n\t\t<div class=\"elementor-element elementor-element-a6b64ce e-con-full e-flex e-con e-child\" data-id=\"a6b64ce\" data-element_type=\"container\">\n\t\t\t\t<div class=\"elementor-element elementor-element-8be531b elementor-widget elementor-widget-heading\" data-id=\"8be531b\" data-element_type=\"widget\" data-widget_type=\"heading.default\">\n\t\t\t\t\t<h2 class=\"elementor-heading-title elementor-size-default\">Misi\u00f3n<\/h2>\t\t\t\t<\/div>\n\t\t\t\t<div class=\"elementor-element elementor-element-3e7dc02 elementor-widget elementor-widget-text-editor\" data-id=\"3e7dc02\" data-element_type=\"widget\" data-widget_type=\"text-editor.default\">\n\t\t\t\t\t\t\t\t\t<p>Nuestra misi\u00f3n es simple: seguir mejorando e innovando el producto. Por lo tanto, no existe un verdadero objetivo o meta a alcanzar. Todo el personal interno (compuesto hasta la fecha por m\u00e1s de 40 personas) contin\u00faa trabajando buscando un objetivo ideal que, al no existir objetivamente, se busca utilizando la pasi\u00f3n y dedicaci\u00f3n personal hacia su trabajo.<\/p>\t\t\t\t\t\t\t\t<\/div>\n\t\t\t\t<div class=\"elementor-element elementor-element-5fdaadd elementor-widget elementor-widget-heading\" data-id=\"5fdaadd\" data-element_type=\"widget\" data-widget_type=\"heading.default\">\n\t\t\t\t\t<div class=\"elementor-heading-title elementor-size-default\">Aqu\u00ed y ahora, todos los d\u00edas!<br>Innovamos y creamos con pasi\u00f3n y lealtad los mejores productos y servicios para nuestros clientes<\/div>\t\t\t\t<\/div>\n\t\t\t\t<\/div>\n\t\t<div class=\"elementor-element elementor-element-17a9d61 e-con-full e-flex e-con e-child\" data-id=\"17a9d61\" data-element_type=\"container\">\n\t\t\t\t<div class=\"elementor-element elementor-element-a272084 elementor-widget elementor-widget-heading\" data-id=\"a272084\" data-element_type=\"widget\" data-widget_type=\"heading.default\">\n\t\t\t\t\t<h2 class=\"elementor-heading-title elementor-size-default\">Visi\u00f3n<\/h2>\t\t\t\t<\/div>\n\t\t\t\t<div class=\"elementor-element elementor-element-8ab71c7 elementor-widget elementor-widget-text-editor\" data-id=\"8ab71c7\" data-element_type=\"widget\" data-widget_type=\"text-editor.default\">\n\t\t\t\t\t\t\t\t\t<p>Acerc\u00e1ndonos a la visi\u00f3n, el segundo pilar de nuestra identidad, hemos abierto el libro de los sue\u00f1os. Nos preguntamos cu\u00e1les eran nuestras ambiciones, no solo desde el punto de vista profesional sino tambi\u00e9n desde el punto de vista humano y de relaciones. Nos hemos liberado de nuestras dudas ampliando los horizontes y nos proyectamos hacia el futuro pensando d\u00f3nde queremos estar, c\u00f3mo queremos ser y c\u00f3mo queremos ser considerados en el futuro por nuestros socios y clientes y por quienes elegir\u00e1n formar parte de nuestra familia.<\/p><p>Abbiamo cos\u00ec immaginato un messaggio che sia fonte di ispirazione per chi incontreremo lungo il nostro cammino.<\/p>\t\t\t\t\t\t\t\t<\/div>\n\t\t\t\t<div class=\"elementor-element elementor-element-52145e1 elementor-widget elementor-widget-heading\" data-id=\"52145e1\" data-element_type=\"widget\" data-widget_type=\"heading.default\">\n\t\t\t\t\t<div class=\"elementor-heading-title elementor-size-default\">Convertirse en el referente de la comunicaci\u00f3n gr\u00e1fica, paso a paso<\/div>\t\t\t\t<\/div>\n\t\t\t\t<\/div>\n\t\t<div class=\"elementor-element elementor-element-51d8538 e-con-full e-flex e-con e-child\" data-id=\"51d8538\" data-element_type=\"container\">\n\t\t\t\t<div class=\"elementor-element elementor-element-b4b36e7 elementor-widget elementor-widget-heading\" data-id=\"b4b36e7\" data-element_type=\"widget\" data-widget_type=\"heading.default\">\n\t\t\t\t\t<h2 class=\"elementor-heading-title elementor-size-default\">valores<\/h2>\t\t\t\t<\/div>\n\t\t\t\t<div class=\"elementor-element elementor-element-7bca191 elementor-widget elementor-widget-text-editor\" data-id=\"7bca191\" data-element_type=\"widget\" data-widget_type=\"text-editor.default\">\n\t\t\t\t\t\t\t\t\t<p>El tercer pilar de nuestra identidad est\u00e1 representado por los valores de referencia de nuestra Cultura. Ocho son los valores que nos caracterizan, que forman parte de nuestro ADN y que gu\u00edan nuestros comportamientos.<\/p>\t\t\t\t\t\t\t\t<\/div>\n\t\t<section class=\"elementor-element elementor-element-cb85e20 e-con-full e-flex e-con e-child\" data-id=\"cb85e20\" data-element_type=\"container\" data-settings=\"{&quot;background_background&quot;:&quot;classic&quot;}\">\n\t\t\t\t<div class=\"elementor-element elementor-element-873a2f8 elementor-widget elementor-widget-text-editor\" data-id=\"873a2f8\" data-element_type=\"widget\" data-widget_type=\"text-editor.default\">\n\t\t\t\t\t\t\t\t\t<ul><li><strong>respeto<br \/><\/strong>\u201c<em>M\u00e1s que un valor es un prerrequisito. Actuamos respetando a nosotros mismos, los dem\u00e1s (colegas, socios, proveedores, clientes), la instrumentaci\u00f3n, el mobiliario y las normas de la empresa<\/em>\u00a0\u201c.<\/li><li><strong>fiabilidad<br \/><\/strong>\u201c<em>Ci comportiamo in modo che la controparte abbia sempre un margine di sicurezza sulla nostra capacit\u00e0 di soddisfare richieste o situazioni simili nel tempo\u201c.<\/em><\/li><li><strong>Responsabilit\u00e0<br \/><\/strong><em>\"Del mismo modo, somos responsables, en cada situaci\u00f3n, porque evaluamos y consideramos las consecuencias de nuestras acciones sobre la relaci\u00f3n y las personas involucradas - y respondemos con conciencia\".<\/em><\/li><li><strong>lealtad<br \/><\/strong>\"Nunca le har\u00edamos a otro lo que no querr\u00edamos que nos hicieran,\u00a0<em>ci comportiamo nei confronti degli altri come se fossero sempre presenti davanti a noi<\/em>\u201c.<\/li><li><strong>pasi\u00f3n<br \/><\/strong>\u201c<em>Nuestro lema es -Haz lo que amas, y no trabajar\u00e1s un d\u00eda de tu vida - (Confucio)\".<\/em><\/li><li><strong>innovaci\u00f3n<br \/><\/strong><em>\"Nos gusta desafiar constantemente el status quo para encontrar las mejores soluciones\".<\/em><\/li><li><strong>colaboraci\u00f3n<br \/><\/strong>\u201c<em>Colaborar es bueno porque se comparten las cargas y se pueden alcanzar objetivos inalcanzables solos\".<\/em><\/li><li><strong>Serenidad del ambiente de trabajo<br \/><\/strong><em>\"Es para nosotros la base sobre la cual construir una jornada productiva y en armon\u00eda con los dem\u00e1s\".<\/em><\/li><\/ul>\t\t\t\t\t\t\t\t<\/div>\n\t\t\t\t<\/section>\n\t\t\t\t<\/div>\n\t\t\t\t<\/section>\n\t\t\t\t<\/div>","protected":false},"excerpt":{"rendered":"<p>Storia Blackbird Racing nasce nel 1996 con l\u2019idea di realizzare grafiche adesive e copertine sella per moto da fuoristrada. Il grande lavoro iniziale di poche persone, altamente appassionate e qualificate, induce l\u2019azienda ad una crescita esponenziale negli anni successivi. Impegno, qualit\u00e0, servizio, innovazione sono sempre stati i nostri punti di forza. Oggi i campi di [&hellip;]<\/p>","protected":false},"author":1,"featured_media":0,"parent":0,"menu_order":0,"comment_status":"closed","ping_status":"closed","template":"","meta":{"footnotes":""},"class_list":["post-30689","page","type-page","status-publish","hentry"],"_links":{"self":[{"href":"https:\/\/blackbird.store360.it\/es\/wp-json\/wp\/v2\/pages\/30689","targetHints":{"allow":["GET"]}}],"collection":[{"href":"https:\/\/blackbird.store360.it\/es\/wp-json\/wp\/v2\/pages"}],"about":[{"href":"https:\/\/blackbird.store360.it\/es\/wp-json\/wp\/v2\/types\/page"}],"author":[{"embeddable":true,"href":"https:\/\/blackbird.store360.it\/es\/wp-json\/wp\/v2\/users\/1"}],"replies":[{"embeddable":true,"href":"https:\/\/blackbird.store360.it\/es\/wp-json\/wp\/v2\/comments?post=30689"}],"version-history":[{"count":13,"href":"https:\/\/blackbird.store360.it\/es\/wp-json\/wp\/v2\/pages\/30689\/revisions"}],"predecessor-version":[{"id":30912,"href":"https:\/\/blackbird.store360.it\/es\/wp-json\/wp\/v2\/pages\/30689\/revisions\/30912"}],"wp:attachment":[{"href":"https:\/\/blackbird.store360.it\/es\/wp-json\/wp\/v2\/media?parent=30689"}],"curies":[{"name":"wp","href":"https:\/\/api.w.org\/{rel}","templated":true}]}}