{"id":67079,"date":"2025-10-15T19:26:42","date_gmt":"2025-10-15T17:26:42","guid":{"rendered":"https:\/\/blackbird.store360.it\/it\/prodotto\/copertina-sella-replica-team-hrc-honda\/"},"modified":"2025-10-21T17:45:15","modified_gmt":"2025-10-21T15:45:15","slug":"copertina-sella-replica-team-hrc-honda","status":"publish","type":"product","link":"https:\/\/blackbird.store360.it\/es\/producto\/copertina-sella-replica-team-hrc-honda\/","title":{"rendered":"Funda Sill\u00ecn Replica Team HRC HONDA"},"content":{"rendered":"<p>Funda para asiento destinada a sustituir la original. Producida con las mejores tecnolog\u00edas del mercado. Encaja perfectamente con los perfiles del asiento de la moto, tambi\u00e9n con tejidos esponjosos m\u00e1s altos, hasta unos 2 cm. Las especiales costuras de esta funda fueron dise\u00f1adas para que el motorista tenga mas adherencia a la moto en las fases de aceleraci\u00f3n y para que pueda al mismo tiempo deslizar hacia adelante cuando sea necesario. Directamente del Campeonato Mudial de Motocross.<\/p>","protected":false},"excerpt":{"rendered":"<p>Funda Sill\u00ecn Replica Team HRC HONDA<\/p>","protected":false},"featured_media":67077,"comment_status":"open","ping_status":"closed","template":"","meta":{"_acf_changed":false},"product_brand":[],"product_cat":[29,1676,38,31,30],"product_tag":[26],"class_list":{"0":"post-67079","1":"product","2":"type-product","3":"status-publish","4":"has-post-thumbnail","6":"product_cat-copertine-sella","7":"product_cat-cr-polisport-cs","8":"product_cat-cr-125-250-cs","9":"product_cat-crf-450-cs","10":"product_cat-honda-cs","11":"product_tag-blackbird","13":"first","14":"instock","15":"shipping-taxable","16":"purchasable","17":"product-type-simple"},"acf":[],"_links":{"self":[{"href":"https:\/\/blackbird.store360.it\/es\/wp-json\/wp\/v2\/product\/67079","targetHints":{"allow":["GET"]}}],"collection":[{"href":"https:\/\/blackbird.store360.it\/es\/wp-json\/wp\/v2\/product"}],"about":[{"href":"https:\/\/blackbird.store360.it\/es\/wp-json\/wp\/v2\/types\/product"}],"replies":[{"embeddable":true,"href":"https:\/\/blackbird.store360.it\/es\/wp-json\/wp\/v2\/comments?post=67079"}],"wp:featuredmedia":[{"embeddable":true,"href":"https:\/\/blackbird.store360.it\/es\/wp-json\/wp\/v2\/media\/67077"}],"wp:attachment":[{"href":"https:\/\/blackbird.store360.it\/es\/wp-json\/wp\/v2\/media?parent=67079"}],"wp:term":[{"taxonomy":"product_brand","embeddable":true,"href":"https:\/\/blackbird.store360.it\/es\/wp-json\/wp\/v2\/product_brand?post=67079"},{"taxonomy":"product_cat","embeddable":true,"href":"https:\/\/blackbird.store360.it\/es\/wp-json\/wp\/v2\/product_cat?post=67079"},{"taxonomy":"product_tag","embeddable":true,"href":"https:\/\/blackbird.store360.it\/es\/wp-json\/wp\/v2\/product_tag?post=67079"}],"curies":[{"name":"wp","href":"https:\/\/api.w.org\/{rel}","templated":true}]}}