{"id":68415,"date":"2025-10-15T20:43:50","date_gmt":"2025-10-15T18:43:50","guid":{"rendered":"https:\/\/blackbird.store360.it\/it\/prodotto\/kit-adesivi-replica-team-yamaha-factory-23-50th-anniversary\/"},"modified":"2025-10-21T17:49:21","modified_gmt":"2025-10-21T15:49:21","slug":"kit-adesivi-replica-team-yamaha-factory-23-50th-anniversary","status":"publish","type":"product","link":"https:\/\/blackbird.store360.it\/es\/producto\/kit-adesivi-replica-team-yamaha-factory-23-50th-anniversary\/","title":{"rendered":"Juego Adhesivos Replica Team Yamaha Factory 23 50th Anniversary"},"content":{"rendered":"<p>El kit de adhesivos incluye: par transmisores, par caja filtro, par horquillas, par horquill\u00f3n, guardabarros delantero, guardabarros trasero y tablas portan\u00fameros. Las piezas del kit no pueden venderse por separado. Una gr\u00e1fica \u00fanica en edici\u00f3n limitada.<\/p>","protected":false},"excerpt":{"rendered":"<p>Juego Adhesivos Replica Team Yamaha Factory 23 50th Anniversary<\/p>","protected":false},"featured_media":68413,"comment_status":"open","ping_status":"closed","template":"","meta":{"_acf_changed":false},"product_brand":[],"product_cat":[1146,1164,1176,1177],"product_tag":[26],"class_list":{"0":"post-68415","1":"product","2":"type-product","3":"status-publish","4":"has-post-thumbnail","6":"product_cat-kit-adesivi-moto","7":"product_cat-yamaha-ka","8":"product_cat-yzf-250-ka","9":"product_cat-yzf-450-ka","10":"product_tag-blackbird","12":"first","13":"instock","14":"shipping-taxable","15":"purchasable","16":"product-type-simple"},"acf":[],"_links":{"self":[{"href":"https:\/\/blackbird.store360.it\/es\/wp-json\/wp\/v2\/product\/68415","targetHints":{"allow":["GET"]}}],"collection":[{"href":"https:\/\/blackbird.store360.it\/es\/wp-json\/wp\/v2\/product"}],"about":[{"href":"https:\/\/blackbird.store360.it\/es\/wp-json\/wp\/v2\/types\/product"}],"replies":[{"embeddable":true,"href":"https:\/\/blackbird.store360.it\/es\/wp-json\/wp\/v2\/comments?post=68415"}],"wp:featuredmedia":[{"embeddable":true,"href":"https:\/\/blackbird.store360.it\/es\/wp-json\/wp\/v2\/media\/68413"}],"wp:attachment":[{"href":"https:\/\/blackbird.store360.it\/es\/wp-json\/wp\/v2\/media?parent=68415"}],"wp:term":[{"taxonomy":"product_brand","embeddable":true,"href":"https:\/\/blackbird.store360.it\/es\/wp-json\/wp\/v2\/product_brand?post=68415"},{"taxonomy":"product_cat","embeddable":true,"href":"https:\/\/blackbird.store360.it\/es\/wp-json\/wp\/v2\/product_cat?post=68415"},{"taxonomy":"product_tag","embeddable":true,"href":"https:\/\/blackbird.store360.it\/es\/wp-json\/wp\/v2\/product_tag?post=68415"}],"curies":[{"name":"wp","href":"https:\/\/api.w.org\/{rel}","templated":true}]}}