{"id":68465,"date":"2025-10-15T20:45:26","date_gmt":"2025-10-15T18:45:26","guid":{"rendered":"https:\/\/blackbird.store360.it\/it\/prodotto\/kit-adesivi-dream-5-suzuki\/"},"modified":"2025-10-21T17:49:30","modified_gmt":"2025-10-21T15:49:30","slug":"kit-adesivi-dream-5-suzuki","status":"publish","type":"product","link":"https:\/\/blackbird.store360.it\/es\/producto\/kit-adesivi-dream-5-suzuki\/","title":{"rendered":"Juego Adhesivos Dream 5 SUZUKI"},"content":{"rendered":"<p>El kit de adhesivos incluye: par dep\u00f3sito, par transmisores, guardabarros delantero, guardabarros trasero y par horquill\u00f3n. Las piezas del kit no pueden venderse por separado. Los adhesivos para el dep\u00f3sito est\u00e1n perforados para que los gases de la gasolina puedan transpirar. Eso no siempre es suficiente para evitar una leve desencoladura en caso de dep\u00f3sitos desgastados. El guardabarros trasero no cubre la superficie por completo sino que es parcial.<\/p>","protected":false},"excerpt":{"rendered":"<p>Juego Adhesivos Dream 5 SUZUKI<\/p>","protected":false},"featured_media":68463,"comment_status":"open","ping_status":"closed","template":"","meta":[],"product_brand":[],"product_cat":[1146,1183,1182],"product_tag":[26],"class_list":{"0":"post-68465","1":"product","2":"type-product","3":"status-publish","4":"has-post-thumbnail","6":"product_cat-kit-adesivi-moto","7":"product_cat-rm-85-ka","8":"product_cat-suzuki-ka","9":"product_tag-blackbird","11":"first","12":"instock","13":"shipping-taxable","14":"purchasable","15":"product-type-simple"},"_links":{"self":[{"href":"https:\/\/blackbird.store360.it\/es\/wp-json\/wp\/v2\/product\/68465","targetHints":{"allow":["GET"]}}],"collection":[{"href":"https:\/\/blackbird.store360.it\/es\/wp-json\/wp\/v2\/product"}],"about":[{"href":"https:\/\/blackbird.store360.it\/es\/wp-json\/wp\/v2\/types\/product"}],"replies":[{"embeddable":true,"href":"https:\/\/blackbird.store360.it\/es\/wp-json\/wp\/v2\/comments?post=68465"}],"wp:featuredmedia":[{"embeddable":true,"href":"https:\/\/blackbird.store360.it\/es\/wp-json\/wp\/v2\/media\/68463"}],"wp:attachment":[{"href":"https:\/\/blackbird.store360.it\/es\/wp-json\/wp\/v2\/media?parent=68465"}],"wp:term":[{"taxonomy":"product_brand","embeddable":true,"href":"https:\/\/blackbird.store360.it\/es\/wp-json\/wp\/v2\/product_brand?post=68465"},{"taxonomy":"product_cat","embeddable":true,"href":"https:\/\/blackbird.store360.it\/es\/wp-json\/wp\/v2\/product_cat?post=68465"},{"taxonomy":"product_tag","embeddable":true,"href":"https:\/\/blackbird.store360.it\/es\/wp-json\/wp\/v2\/product_tag?post=68465"}],"curies":[{"name":"wp","href":"https:\/\/api.w.org\/{rel}","templated":true}]}}