{"id":68470,"date":"2025-10-15T20:45:36","date_gmt":"2025-10-15T18:45:36","guid":{"rendered":"https:\/\/blackbird.store360.it\/it\/prodotto\/kit-adesivi-dream-5-suzuki-2\/"},"modified":"2025-10-21T17:49:31","modified_gmt":"2025-10-21T15:49:31","slug":"kit-adesivi-dream-5-suzuki-2","status":"publish","type":"product","link":"https:\/\/blackbird.store360.it\/es\/producto\/kit-adesivi-dream-5-suzuki-2\/","title":{"rendered":"Juego Adhesivos Dream 5 SUZUKI"},"content":{"rendered":"<p>Il kit adesivi include: coppia serbatoio, coppia convogliatori, parafango anteriore e parafango posteriore. I vari pezzi che compongono il kit non possono esser venduti separatamente. Gli adesivi serbatoio sono forati per lasciare traspirare i gas della benzina. Per i serbatoi usurati questo non \u00e8 sempre sufficiente a non provocare leggeri distacchi. Il parafango posteriore non copre tutta la plastica ma \u00e8 parziale. Per i modelli 96-97-98 l&#8217;adattabilit\u00e0 \u00e8 relativa solamente montando i convogliatori modello 99-00.<\/p>","protected":false},"excerpt":{"rendered":"<p>Juego Adhesivos Dream 5 SUZUKI<\/p>","protected":false},"featured_media":68468,"comment_status":"open","ping_status":"closed","template":"","meta":{"_acf_changed":false},"product_brand":[],"product_cat":[1146,1184,1182],"product_tag":[26],"class_list":{"0":"post-68470","1":"product","2":"type-product","3":"status-publish","4":"has-post-thumbnail","6":"product_cat-kit-adesivi-moto","7":"product_cat-rm-125-250-ka","8":"product_cat-suzuki-ka","9":"product_tag-blackbird","11":"first","12":"instock","13":"shipping-taxable","14":"purchasable","15":"product-type-simple"},"acf":[],"_links":{"self":[{"href":"https:\/\/blackbird.store360.it\/es\/wp-json\/wp\/v2\/product\/68470","targetHints":{"allow":["GET"]}}],"collection":[{"href":"https:\/\/blackbird.store360.it\/es\/wp-json\/wp\/v2\/product"}],"about":[{"href":"https:\/\/blackbird.store360.it\/es\/wp-json\/wp\/v2\/types\/product"}],"replies":[{"embeddable":true,"href":"https:\/\/blackbird.store360.it\/es\/wp-json\/wp\/v2\/comments?post=68470"}],"wp:featuredmedia":[{"embeddable":true,"href":"https:\/\/blackbird.store360.it\/es\/wp-json\/wp\/v2\/media\/68468"}],"wp:attachment":[{"href":"https:\/\/blackbird.store360.it\/es\/wp-json\/wp\/v2\/media?parent=68470"}],"wp:term":[{"taxonomy":"product_brand","embeddable":true,"href":"https:\/\/blackbird.store360.it\/es\/wp-json\/wp\/v2\/product_brand?post=68470"},{"taxonomy":"product_cat","embeddable":true,"href":"https:\/\/blackbird.store360.it\/es\/wp-json\/wp\/v2\/product_cat?post=68470"},{"taxonomy":"product_tag","embeddable":true,"href":"https:\/\/blackbird.store360.it\/es\/wp-json\/wp\/v2\/product_tag?post=68470"}],"curies":[{"name":"wp","href":"https:\/\/api.w.org\/{rel}","templated":true}]}}