{"id":69042,"date":"2025-10-15T21:06:12","date_gmt":"2025-10-15T19:06:12","guid":{"rendered":"https:\/\/blackbird.store360.it\/it\/prodotto\/kit-adesivi-replica-fantic-factory-mxgp-2025-2\/"},"modified":"2025-10-21T17:51:27","modified_gmt":"2025-10-21T15:51:27","slug":"kit-adesivi-replica-fantic-factory-mxgp-2025-2","status":"publish","type":"product","link":"https:\/\/blackbird.store360.it\/es\/producto\/kit-adesivi-replica-fantic-factory-mxgp-2025-2\/","title":{"rendered":"Juego Adhesivos Replica FANTIC Factory MxGP"},"content":{"rendered":"<p>El kit de adhesivos incluye: par transmisores, par caja filtro, par horquillas, par horquill\u00f3n, guardabarros delantero, guardabarros trasero y tablas portan\u00fameros motocross y enduro. Las piezas del kit no pueden venderse por separado. Una gr\u00e1fica \u00fanica en edici\u00f3n limitada.<\/p>","protected":false},"excerpt":{"rendered":"<p>Juego Adhesivos Replica FANTIC Factory MxGP<\/p>","protected":false},"featured_media":69040,"comment_status":"open","ping_status":"closed","template":"","meta":[],"product_brand":[],"product_cat":[1146,1248,1250],"product_tag":[26],"class_list":{"0":"post-69042","1":"product","2":"type-product","3":"status-publish","4":"has-post-thumbnail","6":"product_cat-kit-adesivi-moto","7":"product_cat-fantic-ka","8":"product_cat-xxf-xef-ka","9":"product_tag-blackbird","11":"first","12":"instock","13":"shipping-taxable","14":"purchasable","15":"product-type-simple"},"_links":{"self":[{"href":"https:\/\/blackbird.store360.it\/es\/wp-json\/wp\/v2\/product\/69042","targetHints":{"allow":["GET"]}}],"collection":[{"href":"https:\/\/blackbird.store360.it\/es\/wp-json\/wp\/v2\/product"}],"about":[{"href":"https:\/\/blackbird.store360.it\/es\/wp-json\/wp\/v2\/types\/product"}],"replies":[{"embeddable":true,"href":"https:\/\/blackbird.store360.it\/es\/wp-json\/wp\/v2\/comments?post=69042"}],"wp:featuredmedia":[{"embeddable":true,"href":"https:\/\/blackbird.store360.it\/es\/wp-json\/wp\/v2\/media\/69040"}],"wp:attachment":[{"href":"https:\/\/blackbird.store360.it\/es\/wp-json\/wp\/v2\/media?parent=69042"}],"wp:term":[{"taxonomy":"product_brand","embeddable":true,"href":"https:\/\/blackbird.store360.it\/es\/wp-json\/wp\/v2\/product_brand?post=69042"},{"taxonomy":"product_cat","embeddable":true,"href":"https:\/\/blackbird.store360.it\/es\/wp-json\/wp\/v2\/product_cat?post=69042"},{"taxonomy":"product_tag","embeddable":true,"href":"https:\/\/blackbird.store360.it\/es\/wp-json\/wp\/v2\/product_tag?post=69042"}],"curies":[{"name":"wp","href":"https:\/\/api.w.org\/{rel}","templated":true}]}}