{"id":69058,"date":"2025-10-15T21:07:32","date_gmt":"2025-10-15T19:07:32","guid":{"rendered":"https:\/\/blackbird.store360.it\/it\/prodotto\/kit-adesivi-traction-beta\/"},"modified":"2025-10-21T17:51:30","modified_gmt":"2025-10-21T15:51:30","slug":"kit-adesivi-traction-beta","status":"publish","type":"product","link":"https:\/\/blackbird.store360.it\/es\/producto\/kit-adesivi-traction-beta\/","title":{"rendered":"Juego Adhesivos Traction BETA"},"content":{"rendered":"<p>El kit de adhesivos incluye: dep\u00f3sito, guardabarros delantero, guardabarros trasero y horquill\u00f3n. Las piezas del kit no pueden venderse por separado. Los toques son de textura \u00e1spera.<\/p>","protected":false},"excerpt":{"rendered":"<p>Juego Adhesivos Traction BETA<\/p>","protected":false},"featured_media":69057,"comment_status":"open","ping_status":"closed","template":"","meta":[],"product_brand":[],"product_cat":[218,486],"product_tag":[26],"class_list":{"0":"post-69058","1":"product","2":"type-product","3":"status-publish","4":"has-post-thumbnail","6":"product_cat-kit-adesivi-trial","7":"product_cat-beta-ka-trial","8":"product_tag-blackbird","10":"first","11":"instock","12":"shipping-taxable","13":"purchasable","14":"product-type-simple"},"_links":{"self":[{"href":"https:\/\/blackbird.store360.it\/es\/wp-json\/wp\/v2\/product\/69058","targetHints":{"allow":["GET"]}}],"collection":[{"href":"https:\/\/blackbird.store360.it\/es\/wp-json\/wp\/v2\/product"}],"about":[{"href":"https:\/\/blackbird.store360.it\/es\/wp-json\/wp\/v2\/types\/product"}],"replies":[{"embeddable":true,"href":"https:\/\/blackbird.store360.it\/es\/wp-json\/wp\/v2\/comments?post=69058"}],"wp:featuredmedia":[{"embeddable":true,"href":"https:\/\/blackbird.store360.it\/es\/wp-json\/wp\/v2\/media\/69057"}],"wp:attachment":[{"href":"https:\/\/blackbird.store360.it\/es\/wp-json\/wp\/v2\/media?parent=69058"}],"wp:term":[{"taxonomy":"product_brand","embeddable":true,"href":"https:\/\/blackbird.store360.it\/es\/wp-json\/wp\/v2\/product_brand?post=69058"},{"taxonomy":"product_cat","embeddable":true,"href":"https:\/\/blackbird.store360.it\/es\/wp-json\/wp\/v2\/product_cat?post=69058"},{"taxonomy":"product_tag","embeddable":true,"href":"https:\/\/blackbird.store360.it\/es\/wp-json\/wp\/v2\/product_tag?post=69058"}],"curies":[{"name":"wp","href":"https:\/\/api.w.org\/{rel}","templated":true}]}}