{"id":69076,"date":"2025-10-15T21:07:48","date_gmt":"2025-10-15T19:07:48","guid":{"rendered":"https:\/\/blackbird.store360.it\/it\/prodotto\/kit-adesivi-traction-montesa\/"},"modified":"2025-10-21T17:51:35","modified_gmt":"2025-10-21T15:51:35","slug":"kit-adesivi-traction-montesa","status":"publish","type":"product","link":"https:\/\/blackbird.store360.it\/es\/producto\/kit-adesivi-traction-montesa\/","title":{"rendered":"Kit Adesivi Traction MONTESA"},"content":{"rendered":"<p>El kit de adhesivos incluye: dep\u00f3sito, guardabarros delantero, guardabarros trasero y horquill\u00f3n. Las piezas del kit no pueden venderse por separado. Los toques son de textura \u00e1spera.<\/p>","protected":false},"excerpt":{"rendered":"<p>Kit Adesivi Traction MONTESA<\/p>","protected":false},"featured_media":69075,"comment_status":"open","ping_status":"closed","template":"","meta":{"_acf_changed":false},"product_brand":[],"product_cat":[218,219],"product_tag":[26],"class_list":{"0":"post-69076","1":"product","2":"type-product","3":"status-publish","4":"has-post-thumbnail","6":"product_cat-kit-adesivi-trial","7":"product_cat-montesa-ka-trial","8":"product_tag-blackbird","10":"first","11":"instock","12":"shipping-taxable","13":"purchasable","14":"product-type-simple"},"acf":[],"_links":{"self":[{"href":"https:\/\/blackbird.store360.it\/es\/wp-json\/wp\/v2\/product\/69076","targetHints":{"allow":["GET"]}}],"collection":[{"href":"https:\/\/blackbird.store360.it\/es\/wp-json\/wp\/v2\/product"}],"about":[{"href":"https:\/\/blackbird.store360.it\/es\/wp-json\/wp\/v2\/types\/product"}],"replies":[{"embeddable":true,"href":"https:\/\/blackbird.store360.it\/es\/wp-json\/wp\/v2\/comments?post=69076"}],"wp:featuredmedia":[{"embeddable":true,"href":"https:\/\/blackbird.store360.it\/es\/wp-json\/wp\/v2\/media\/69075"}],"wp:attachment":[{"href":"https:\/\/blackbird.store360.it\/es\/wp-json\/wp\/v2\/media?parent=69076"}],"wp:term":[{"taxonomy":"product_brand","embeddable":true,"href":"https:\/\/blackbird.store360.it\/es\/wp-json\/wp\/v2\/product_brand?post=69076"},{"taxonomy":"product_cat","embeddable":true,"href":"https:\/\/blackbird.store360.it\/es\/wp-json\/wp\/v2\/product_cat?post=69076"},{"taxonomy":"product_tag","embeddable":true,"href":"https:\/\/blackbird.store360.it\/es\/wp-json\/wp\/v2\/product_tag?post=69076"}],"curies":[{"name":"wp","href":"https:\/\/api.w.org\/{rel}","templated":true}]}}