{"id":69117,"date":"2025-10-15T21:10:01","date_gmt":"2025-10-15T19:10:01","guid":{"rendered":"https:\/\/blackbird.store360.it\/it\/prodotto\/spugna-sella-standard-honda-7\/"},"modified":"2025-10-21T17:51:44","modified_gmt":"2025-10-21T15:51:44","slug":"spugna-sella-standard-honda-7","status":"publish","type":"product","link":"https:\/\/blackbird.store360.it\/es\/producto\/spugna-sella-standard-honda-7\/","title":{"rendered":"Goma Espuma Sill\u00ecn Standard HONDA"},"content":{"rendered":"<p>Esponja asiento Blackbird Racing en espuma r\u00edgida de poliuretano impermeable y apta para la base original. Altura est\u00e1ndar pero con una dureza mayor que favorece y acelera el desplazamiento del motorista en el asiento. Apta tambi\u00e9n para el montaje en la funda para asiento original.<\/p>","protected":false},"excerpt":{"rendered":"<p>Goma Espuma Sill\u00ecn Standard HONDA<\/p>","protected":false},"featured_media":69116,"comment_status":"open","ping_status":"closed","template":"","meta":{"_acf_changed":false},"product_brand":[],"product_cat":[29,34,31,35,30],"product_tag":[26],"class_list":{"0":"post-69117","1":"product","2":"type-product","3":"status-publish","4":"has-post-thumbnail","6":"product_cat-copertine-sella","7":"product_cat-crf-250-cs","8":"product_cat-crf-450-cs","9":"product_cat-crf-450x-cs","10":"product_cat-honda-cs","11":"product_tag-blackbird","13":"first","14":"instock","15":"shipping-taxable","16":"purchasable","17":"product-type-simple"},"acf":[],"_links":{"self":[{"href":"https:\/\/blackbird.store360.it\/es\/wp-json\/wp\/v2\/product\/69117","targetHints":{"allow":["GET"]}}],"collection":[{"href":"https:\/\/blackbird.store360.it\/es\/wp-json\/wp\/v2\/product"}],"about":[{"href":"https:\/\/blackbird.store360.it\/es\/wp-json\/wp\/v2\/types\/product"}],"replies":[{"embeddable":true,"href":"https:\/\/blackbird.store360.it\/es\/wp-json\/wp\/v2\/comments?post=69117"}],"wp:featuredmedia":[{"embeddable":true,"href":"https:\/\/blackbird.store360.it\/es\/wp-json\/wp\/v2\/media\/69116"}],"wp:attachment":[{"href":"https:\/\/blackbird.store360.it\/es\/wp-json\/wp\/v2\/media?parent=69117"}],"wp:term":[{"taxonomy":"product_brand","embeddable":true,"href":"https:\/\/blackbird.store360.it\/es\/wp-json\/wp\/v2\/product_brand?post=69117"},{"taxonomy":"product_cat","embeddable":true,"href":"https:\/\/blackbird.store360.it\/es\/wp-json\/wp\/v2\/product_cat?post=69117"},{"taxonomy":"product_tag","embeddable":true,"href":"https:\/\/blackbird.store360.it\/es\/wp-json\/wp\/v2\/product_tag?post=69117"}],"curies":[{"name":"wp","href":"https:\/\/api.w.org\/{rel}","templated":true}]}}