{"id":69251,"date":"2025-10-15T21:14:14","date_gmt":"2025-10-15T19:14:14","guid":{"rendered":"https:\/\/blackbird.store360.it\/it\/prodotto\/spugna-sella-ultra-light-standard-husqvarna\/"},"modified":"2025-10-21T17:52:18","modified_gmt":"2025-10-21T15:52:18","slug":"spugna-sella-ultra-light-standard-husqvarna","status":"publish","type":"product","link":"https:\/\/blackbird.store360.it\/es\/producto\/spugna-sella-ultra-light-standard-husqvarna\/","title":{"rendered":"Spugna Sella Ultra Light Standard HUSQVARNA"},"content":{"rendered":"<p>Esponja asiento Blackbird Racing en espuma r\u00edgida de poliuretano ultra ligero impermeable y apta para la base original. Altura est\u00e1ndar pero con una dureza mayor que favorece y acelera el desplazamiento del motorista en el asiento. Apta tambi\u00e9n para el montaje en la funda para asiento original.<\/p>","protected":false},"excerpt":{"rendered":"<p>Spugna Sella Ultra Light Standard HUSQVARNA<\/p>","protected":false},"featured_media":69250,"comment_status":"open","ping_status":"closed","template":"","meta":{"_acf_changed":false},"product_brand":[],"product_cat":[29,111,110,112],"product_tag":[26],"class_list":{"0":"post-69251","1":"product","2":"type-product","3":"status-publish","4":"has-post-thumbnail","6":"product_cat-copertine-sella","7":"product_cat-fc-tc-all-models-cs","8":"product_cat-husqvarna-cs","9":"product_cat-te-fe-all-models-cs","10":"product_tag-blackbird","12":"first","13":"onbackorder","14":"shipping-taxable","15":"purchasable","16":"product-type-simple"},"acf":[],"_links":{"self":[{"href":"https:\/\/blackbird.store360.it\/es\/wp-json\/wp\/v2\/product\/69251","targetHints":{"allow":["GET"]}}],"collection":[{"href":"https:\/\/blackbird.store360.it\/es\/wp-json\/wp\/v2\/product"}],"about":[{"href":"https:\/\/blackbird.store360.it\/es\/wp-json\/wp\/v2\/types\/product"}],"replies":[{"embeddable":true,"href":"https:\/\/blackbird.store360.it\/es\/wp-json\/wp\/v2\/comments?post=69251"}],"wp:featuredmedia":[{"embeddable":true,"href":"https:\/\/blackbird.store360.it\/es\/wp-json\/wp\/v2\/media\/69250"}],"wp:attachment":[{"href":"https:\/\/blackbird.store360.it\/es\/wp-json\/wp\/v2\/media?parent=69251"}],"wp:term":[{"taxonomy":"product_brand","embeddable":true,"href":"https:\/\/blackbird.store360.it\/es\/wp-json\/wp\/v2\/product_brand?post=69251"},{"taxonomy":"product_cat","embeddable":true,"href":"https:\/\/blackbird.store360.it\/es\/wp-json\/wp\/v2\/product_cat?post=69251"},{"taxonomy":"product_tag","embeddable":true,"href":"https:\/\/blackbird.store360.it\/es\/wp-json\/wp\/v2\/product_tag?post=69251"}],"curies":[{"name":"wp","href":"https:\/\/api.w.org\/{rel}","templated":true}]}}