{"id":69267,"date":"2025-10-15T21:14:46","date_gmt":"2025-10-15T19:14:46","guid":{"rendered":"https:\/\/blackbird.store360.it\/it\/prodotto\/spugna-sella-standard-sherco\/"},"modified":"2025-10-21T17:52:22","modified_gmt":"2025-10-21T15:52:22","slug":"spugna-sella-standard-sherco","status":"publish","type":"product","link":"https:\/\/blackbird.store360.it\/es\/producto\/spugna-sella-standard-sherco\/","title":{"rendered":"Goma Espuma Sill\u00ecn standard SHERCO"},"content":{"rendered":"<p>Esponja asiento Blackbird Racing en espuma r\u00edgida de poliuretano impermeable y apta para la base original. Altura est\u00e1ndar pero con una dureza mayor que favorece y acelera el desplazamiento del motorista en el asiento. Apta tambi\u00e9n para el montaje en la funda para asiento original.<\/p>","protected":false},"excerpt":{"rendered":"<p>Goma Espuma Sill\u00ecn standard SHERCO<\/p>","protected":false},"featured_media":69266,"comment_status":"open","ping_status":"closed","template":"","meta":{"_acf_changed":false},"product_brand":[],"product_cat":[29,132,131],"product_tag":[26],"class_list":{"0":"post-69267","1":"product","2":"type-product","3":"status-publish","4":"has-post-thumbnail","6":"product_cat-copertine-sella","7":"product_cat-se-sef-all-models-cs","8":"product_cat-sherco-cs","9":"product_tag-blackbird","11":"first","12":"instock","13":"shipping-taxable","14":"purchasable","15":"product-type-simple"},"acf":[],"_links":{"self":[{"href":"https:\/\/blackbird.store360.it\/es\/wp-json\/wp\/v2\/product\/69267","targetHints":{"allow":["GET"]}}],"collection":[{"href":"https:\/\/blackbird.store360.it\/es\/wp-json\/wp\/v2\/product"}],"about":[{"href":"https:\/\/blackbird.store360.it\/es\/wp-json\/wp\/v2\/types\/product"}],"replies":[{"embeddable":true,"href":"https:\/\/blackbird.store360.it\/es\/wp-json\/wp\/v2\/comments?post=69267"}],"wp:featuredmedia":[{"embeddable":true,"href":"https:\/\/blackbird.store360.it\/es\/wp-json\/wp\/v2\/media\/69266"}],"wp:attachment":[{"href":"https:\/\/blackbird.store360.it\/es\/wp-json\/wp\/v2\/media?parent=69267"}],"wp:term":[{"taxonomy":"product_brand","embeddable":true,"href":"https:\/\/blackbird.store360.it\/es\/wp-json\/wp\/v2\/product_brand?post=69267"},{"taxonomy":"product_cat","embeddable":true,"href":"https:\/\/blackbird.store360.it\/es\/wp-json\/wp\/v2\/product_cat?post=69267"},{"taxonomy":"product_tag","embeddable":true,"href":"https:\/\/blackbird.store360.it\/es\/wp-json\/wp\/v2\/product_tag?post=69267"}],"curies":[{"name":"wp","href":"https:\/\/api.w.org\/{rel}","templated":true}]}}