{"id":69660,"date":"2025-10-15T21:27:00","date_gmt":"2025-10-15T19:27:00","guid":{"rendered":"https:\/\/blackbird.store360.it\/it\/prodotto\/fsp-protezione-tenute-forcella-corto-blu\/"},"modified":"2025-10-21T17:52:43","modified_gmt":"2025-10-21T15:52:43","slug":"fsp-protezione-tenute-forcella-corto-blu","status":"publish","type":"product","link":"https:\/\/blackbird.store360.it\/es\/producto\/fsp-protezione-tenute-forcella-corto-blu\/","title":{"rendered":"FSP &#8211; Protezione tenute forcella corto &#8211; Blu"},"content":{"rendered":"<p>Par de guardabarros fabricados en tejido t\u00e9cnico y dise\u00f1ados para proteger los guardapolvos y anillos de sellado de las horquillas invertidas con v\u00e1stagos de 45 a 50 mm de di\u00e1metro, aumentando su durabilidad y manteniendo as\u00ed el rendimiento constante del elemento amortiguador.  Para montarlas en la moto es necesario desmontar las horquillas. La parte superior del FSP se fija a los tirantes de la horquilla mediante dos bandas el\u00e1sticas que tienen una tira de silicona en el interior para hacer la fijaci\u00f3n m\u00e1s tenaz. Est\u00e1n disponibles en la versi\u00f3n larga (c\u00f3digo 5090), que cubre el montante de la horquilla en su totalidad, y en la versi\u00f3n corta (c\u00f3digo 5089), que cubre s\u00f3lo la parte m\u00e1s cercana al guardapolvo y se fabrican en negro, rojo, azul, amarillo y naranja fluo. La versi\u00f3n larga tambi\u00e9n est\u00e1 equipada con un anillo de sellado en la parte inferior de la horquilla.<\/p>","protected":false},"excerpt":{"rendered":"<p>FSP &#8211; Protezione tenute forcella corto &#8211; Blu<\/p>","protected":false},"featured_media":69659,"comment_status":"open","ping_status":"closed","template":"","meta":{"_acf_changed":false},"product_brand":[],"product_cat":[881,32],"product_tag":[26],"class_list":{"0":"post-69660","1":"product","2":"type-product","3":"status-publish","4":"has-post-thumbnail","6":"product_cat-accessori-off-road","7":"product_cat-prodotti-blackbird","8":"product_tag-blackbird","10":"first","11":"instock","12":"shipping-taxable","13":"purchasable","14":"product-type-simple"},"acf":[],"_links":{"self":[{"href":"https:\/\/blackbird.store360.it\/es\/wp-json\/wp\/v2\/product\/69660","targetHints":{"allow":["GET"]}}],"collection":[{"href":"https:\/\/blackbird.store360.it\/es\/wp-json\/wp\/v2\/product"}],"about":[{"href":"https:\/\/blackbird.store360.it\/es\/wp-json\/wp\/v2\/types\/product"}],"replies":[{"embeddable":true,"href":"https:\/\/blackbird.store360.it\/es\/wp-json\/wp\/v2\/comments?post=69660"}],"wp:featuredmedia":[{"embeddable":true,"href":"https:\/\/blackbird.store360.it\/es\/wp-json\/wp\/v2\/media\/69659"}],"wp:attachment":[{"href":"https:\/\/blackbird.store360.it\/es\/wp-json\/wp\/v2\/media?parent=69660"}],"wp:term":[{"taxonomy":"product_brand","embeddable":true,"href":"https:\/\/blackbird.store360.it\/es\/wp-json\/wp\/v2\/product_brand?post=69660"},{"taxonomy":"product_cat","embeddable":true,"href":"https:\/\/blackbird.store360.it\/es\/wp-json\/wp\/v2\/product_cat?post=69660"},{"taxonomy":"product_tag","embeddable":true,"href":"https:\/\/blackbird.store360.it\/es\/wp-json\/wp\/v2\/product_tag?post=69660"}],"curies":[{"name":"wp","href":"https:\/\/api.w.org\/{rel}","templated":true}]}}