{"id":69952,"date":"2025-10-15T21:38:27","date_gmt":"2025-10-15T19:38:27","guid":{"rendered":"https:\/\/blackbird.store360.it\/it\/prodotto\/adesivi-forcellone-beta\/"},"modified":"2025-12-02T16:04:59","modified_gmt":"2025-12-02T15:04:59","slug":"adesivi-forcellone-beta","status":"publish","type":"product","link":"https:\/\/blackbird.store360.it\/es\/producto\/adesivi-forcellone-beta\/","title":{"rendered":"Adhesivos Horquill\u00f3n BETA"},"content":{"rendered":"<p>Kit compuesto por dos adhesivos para horquill\u00f3n con imprenta en el reverso de material crystall brillante 0,5. Perfilados espec\u00edficamente para cada modelo.<\/p>","protected":false},"excerpt":{"rendered":"<p>Adhesivos Horquill\u00f3n BETA<\/p>","protected":false},"featured_media":69951,"comment_status":"open","ping_status":"closed","template":"","meta":[],"product_brand":[],"product_cat":[223,702,703],"product_tag":[26],"class_list":{"0":"post-69952","1":"product","2":"type-product","3":"status-publish","4":"has-post-thumbnail","6":"product_cat-adesivi-vari","7":"product_cat-beta-av","8":"product_cat-rr-2t-4t-av","9":"product_tag-blackbird","11":"first","12":"instock","13":"shipping-taxable","14":"purchasable","15":"product-type-simple"},"_links":{"self":[{"href":"https:\/\/blackbird.store360.it\/es\/wp-json\/wp\/v2\/product\/69952","targetHints":{"allow":["GET"]}}],"collection":[{"href":"https:\/\/blackbird.store360.it\/es\/wp-json\/wp\/v2\/product"}],"about":[{"href":"https:\/\/blackbird.store360.it\/es\/wp-json\/wp\/v2\/types\/product"}],"replies":[{"embeddable":true,"href":"https:\/\/blackbird.store360.it\/es\/wp-json\/wp\/v2\/comments?post=69952"}],"wp:featuredmedia":[{"embeddable":true,"href":"https:\/\/blackbird.store360.it\/es\/wp-json\/wp\/v2\/media\/69951"}],"wp:attachment":[{"href":"https:\/\/blackbird.store360.it\/es\/wp-json\/wp\/v2\/media?parent=69952"}],"wp:term":[{"taxonomy":"product_brand","embeddable":true,"href":"https:\/\/blackbird.store360.it\/es\/wp-json\/wp\/v2\/product_brand?post=69952"},{"taxonomy":"product_cat","embeddable":true,"href":"https:\/\/blackbird.store360.it\/es\/wp-json\/wp\/v2\/product_cat?post=69952"},{"taxonomy":"product_tag","embeddable":true,"href":"https:\/\/blackbird.store360.it\/es\/wp-json\/wp\/v2\/product_tag?post=69952"}],"curies":[{"name":"wp","href":"https:\/\/api.w.org\/{rel}","templated":true}]}}