{"id":70609,"date":"2025-10-17T17:43:07","date_gmt":"2025-10-17T15:43:07","guid":{"rendered":"https:\/\/blackbird.store360.it\/it\/prodotto\/copertina-sella-double-grip-3-suzuki-6\/"},"modified":"2025-10-21T17:46:29","modified_gmt":"2025-10-21T15:46:29","slug":"copertina-sella-double-grip-3-suzuki-6","status":"publish","type":"product","link":"https:\/\/blackbird.store360.it\/es\/producto\/copertina-sella-double-grip-3-suzuki-6\/","title":{"rendered":"Funda Sill\u00ecn Double Grip 3 SUZUKI"},"content":{"rendered":"<p>Funda para asiento destinada a sustituir la original. Producida con las mejores tecnolog\u00edas del mercado. Encaja perfectamente con los perfiles del asiento de la moto, tambi\u00e9n con tejidos esponjosos m\u00e1s altos, hasta unos 2 cm. Estudiada para responder a la exigencia de tener mayor adherencia con el asiento de la moto en fase de aceleraci\u00f3n. Las especiales bandas del mismo color que la moto est\u00e1n en realce y tienen un efecto antideslizante. Nuestro test rider del Campeonato del Mundo han hecho hincapi\u00e9 en estas caracter\u00edsticas: - Alto poder antideslizante - Durabilidad en el tiempo - Imagen agresiva y de moda<\/p>","protected":false},"excerpt":{"rendered":"<p>Funda Sill\u00ecn Double Grip 3 SUZUKI<\/p>","protected":false},"featured_media":70607,"comment_status":"open","ping_status":"closed","template":"","meta":[],"product_brand":[],"product_cat":[29,81,86,79],"product_tag":[26],"class_list":{"0":"post-70609","1":"product","2":"type-product","3":"status-publish","4":"has-post-thumbnail","6":"product_cat-copertine-sella","7":"product_cat-rm-z-250-cs","8":"product_cat-rme-sm-50-cs","9":"product_cat-suzuki-cs","10":"product_tag-blackbird","12":"first","13":"instock","14":"shipping-taxable","15":"purchasable","16":"product-type-simple"},"_links":{"self":[{"href":"https:\/\/blackbird.store360.it\/es\/wp-json\/wp\/v2\/product\/70609","targetHints":{"allow":["GET"]}}],"collection":[{"href":"https:\/\/blackbird.store360.it\/es\/wp-json\/wp\/v2\/product"}],"about":[{"href":"https:\/\/blackbird.store360.it\/es\/wp-json\/wp\/v2\/types\/product"}],"replies":[{"embeddable":true,"href":"https:\/\/blackbird.store360.it\/es\/wp-json\/wp\/v2\/comments?post=70609"}],"wp:featuredmedia":[{"embeddable":true,"href":"https:\/\/blackbird.store360.it\/es\/wp-json\/wp\/v2\/media\/70607"}],"wp:attachment":[{"href":"https:\/\/blackbird.store360.it\/es\/wp-json\/wp\/v2\/media?parent=70609"}],"wp:term":[{"taxonomy":"product_brand","embeddable":true,"href":"https:\/\/blackbird.store360.it\/es\/wp-json\/wp\/v2\/product_brand?post=70609"},{"taxonomy":"product_cat","embeddable":true,"href":"https:\/\/blackbird.store360.it\/es\/wp-json\/wp\/v2\/product_cat?post=70609"},{"taxonomy":"product_tag","embeddable":true,"href":"https:\/\/blackbird.store360.it\/es\/wp-json\/wp\/v2\/product_tag?post=70609"}],"curies":[{"name":"wp","href":"https:\/\/api.w.org\/{rel}","templated":true}]}}