{"id":70694,"date":"2025-10-17T18:26:03","date_gmt":"2025-10-17T16:26:03","guid":{"rendered":"https:\/\/blackbird.store360.it\/it\/prodotto\/kit-adesivi-replica-ktm-factory-mxgp-2025-2\/"},"modified":"2025-12-02T10:38:54","modified_gmt":"2025-12-02T09:38:54","slug":"kit-adesivi-replica-ktm-factory-mxgp-2025-2","status":"publish","type":"product","link":"https:\/\/blackbird.store360.it\/es\/producto\/kit-adesivi-replica-ktm-factory-mxgp-2025-2\/","title":{"rendered":"Juego Adhesivos Replica KTM Factory MxGP"},"content":{"rendered":"<p>El kit de adhesivos incluye: par transmisores, par caja filtro, par horquillas, par horquill\u00f3n, guardabarros delantero, guardabarros trasero y tablas portan\u00fameros motocross y enduro. Las piezas del kit no pueden venderse por separado. Una gr\u00e1fica \u00fanica en edici\u00f3n limitada.<\/p>","protected":false},"excerpt":{"rendered":"<p>Juego Adhesivos Replica KTM Factory MxGP<\/p>","protected":false},"featured_media":81574,"comment_status":"open","ping_status":"closed","template":"","meta":[],"product_brand":[],"product_cat":[1146,1201,1200,1203],"product_tag":[26],"class_list":{"0":"post-70694","1":"product","2":"type-product","3":"status-publish","4":"has-post-thumbnail","6":"product_cat-kit-adesivi-moto","7":"product_cat-exc-all-models-ka","8":"product_cat-ktm-ka","9":"product_cat-sx-sxf-all-models-ka","10":"product_tag-blackbird","12":"first","13":"instock","14":"shipping-taxable","15":"purchasable","16":"product-type-simple"},"_links":{"self":[{"href":"https:\/\/blackbird.store360.it\/es\/wp-json\/wp\/v2\/product\/70694","targetHints":{"allow":["GET"]}}],"collection":[{"href":"https:\/\/blackbird.store360.it\/es\/wp-json\/wp\/v2\/product"}],"about":[{"href":"https:\/\/blackbird.store360.it\/es\/wp-json\/wp\/v2\/types\/product"}],"replies":[{"embeddable":true,"href":"https:\/\/blackbird.store360.it\/es\/wp-json\/wp\/v2\/comments?post=70694"}],"wp:featuredmedia":[{"embeddable":true,"href":"https:\/\/blackbird.store360.it\/es\/wp-json\/wp\/v2\/media\/81574"}],"wp:attachment":[{"href":"https:\/\/blackbird.store360.it\/es\/wp-json\/wp\/v2\/media?parent=70694"}],"wp:term":[{"taxonomy":"product_brand","embeddable":true,"href":"https:\/\/blackbird.store360.it\/es\/wp-json\/wp\/v2\/product_brand?post=70694"},{"taxonomy":"product_cat","embeddable":true,"href":"https:\/\/blackbird.store360.it\/es\/wp-json\/wp\/v2\/product_cat?post=70694"},{"taxonomy":"product_tag","embeddable":true,"href":"https:\/\/blackbird.store360.it\/es\/wp-json\/wp\/v2\/product_tag?post=70694"}],"curies":[{"name":"wp","href":"https:\/\/api.w.org\/{rel}","templated":true}]}}