{"id":73337,"date":"2025-10-19T21:32:07","date_gmt":"2025-10-19T19:32:07","guid":{"rendered":"https:\/\/blackbird.store360.it\/it\/prodotto\/file-template-husqvarna-per-fc-tc-all-models-2025\/"},"modified":"2025-10-29T18:39:56","modified_gmt":"2025-10-29T17:39:56","slug":"husqvarna-archivo-de-plantilla-para-fc-tc-todos-los-modelos-2025","status":"publish","type":"product","link":"https:\/\/blackbird.store360.it\/es\/producto\/husqvarna-archivo-de-plantilla-para-fc-tc-todos-los-modelos-2025\/","title":{"rendered":"Husqvarna Archivos de plantilla para FC TC TODOS LOS MODELOS 2025"},"content":{"rendered":"<p>Con nuestras plantillas vectoriales podr\u00e1 crear los gr\u00e1ficos que desee para su moto. Plantillas vectoriales a escala 1:1 para bocetos y creaciones gr\u00e1ficas. Los archivos est\u00e1n en formato PDF vectorial, compatible con los principales programas de gr\u00e1ficos vectoriales.<\/p>","protected":false},"excerpt":{"rendered":"<p>Archivo Plantilla compatible con Husqvarna FC TC TODOS LOS MODELOS 2025<\/p>","protected":false},"featured_media":74968,"comment_status":"open","ping_status":"closed","template":"","meta":[],"product_brand":[],"product_cat":[1146,1227,1218],"product_tag":[26],"class_list":{"0":"post-73337","1":"product","2":"type-product","3":"status-publish","4":"has-post-thumbnail","6":"product_cat-kit-adesivi-moto","7":"product_cat-fc-tc-all-models-ka","8":"product_cat-husqvarna-ka","9":"product_tag-blackbird","11":"first","12":"instock","13":"shipping-taxable","14":"purchasable","15":"product-type-simple"},"_links":{"self":[{"href":"https:\/\/blackbird.store360.it\/es\/wp-json\/wp\/v2\/product\/73337","targetHints":{"allow":["GET"]}}],"collection":[{"href":"https:\/\/blackbird.store360.it\/es\/wp-json\/wp\/v2\/product"}],"about":[{"href":"https:\/\/blackbird.store360.it\/es\/wp-json\/wp\/v2\/types\/product"}],"replies":[{"embeddable":true,"href":"https:\/\/blackbird.store360.it\/es\/wp-json\/wp\/v2\/comments?post=73337"}],"wp:featuredmedia":[{"embeddable":true,"href":"https:\/\/blackbird.store360.it\/es\/wp-json\/wp\/v2\/media\/74968"}],"wp:attachment":[{"href":"https:\/\/blackbird.store360.it\/es\/wp-json\/wp\/v2\/media?parent=73337"}],"wp:term":[{"taxonomy":"product_brand","embeddable":true,"href":"https:\/\/blackbird.store360.it\/es\/wp-json\/wp\/v2\/product_brand?post=73337"},{"taxonomy":"product_cat","embeddable":true,"href":"https:\/\/blackbird.store360.it\/es\/wp-json\/wp\/v2\/product_cat?post=73337"},{"taxonomy":"product_tag","embeddable":true,"href":"https:\/\/blackbird.store360.it\/es\/wp-json\/wp\/v2\/product_tag?post=73337"}],"curies":[{"name":"wp","href":"https:\/\/api.w.org\/{rel}","templated":true}]}}