{"id":74983,"date":"2025-10-30T12:19:48","date_gmt":"2025-10-30T11:19:48","guid":{"rendered":"https:\/\/blackbird.store360.it\/?post_type=product&#038;p=74983"},"modified":"2025-11-27T01:05:57","modified_gmt":"2025-11-27T00:05:57","slug":"fogli-macchina-65x75-cm","status":"publish","type":"product","link":"https:\/\/blackbird.store360.it\/es\/producto\/fogli-macchina-65x75-cm\/","title":{"rendered":"Hojas para m\u00e1quina 65\u00d775 cm"},"content":{"rendered":"<p>Con nuestras plantillas vectoriales podr\u00e1 crear los gr\u00e1ficos que desee para su moto. Plantillas vectoriales a escala 1:1 para bocetos y creaciones gr\u00e1ficas. Los archivos est\u00e1n en formato PDF vectorial, compatible con los principales programas de gr\u00e1ficos vectoriales.<\/p>","protected":false},"excerpt":{"rendered":"<p>Hojas para m\u00e1quina 65\u00d775 cm<\/p>","protected":false},"featured_media":75751,"comment_status":"open","ping_status":"closed","template":"","meta":{"_acf_changed":false},"product_brand":[],"product_cat":[2053,32],"product_tag":[26,2095],"class_list":{"0":"post-74983","1":"product","2":"type-product","3":"status-publish","4":"has-post-thumbnail","6":"product_cat-foglio-macchina","7":"product_cat-prodotti-blackbird","8":"product_tag-blackbird","9":"product_tag-foglio","11":"first","12":"instock","13":"shipping-taxable","14":"purchasable","15":"product-type-variable","16":"has-default-attributes"},"acf":[],"_links":{"self":[{"href":"https:\/\/blackbird.store360.it\/es\/wp-json\/wp\/v2\/product\/74983","targetHints":{"allow":["GET"]}}],"collection":[{"href":"https:\/\/blackbird.store360.it\/es\/wp-json\/wp\/v2\/product"}],"about":[{"href":"https:\/\/blackbird.store360.it\/es\/wp-json\/wp\/v2\/types\/product"}],"replies":[{"embeddable":true,"href":"https:\/\/blackbird.store360.it\/es\/wp-json\/wp\/v2\/comments?post=74983"}],"wp:featuredmedia":[{"embeddable":true,"href":"https:\/\/blackbird.store360.it\/es\/wp-json\/wp\/v2\/media\/75751"}],"wp:attachment":[{"href":"https:\/\/blackbird.store360.it\/es\/wp-json\/wp\/v2\/media?parent=74983"}],"wp:term":[{"taxonomy":"product_brand","embeddable":true,"href":"https:\/\/blackbird.store360.it\/es\/wp-json\/wp\/v2\/product_brand?post=74983"},{"taxonomy":"product_cat","embeddable":true,"href":"https:\/\/blackbird.store360.it\/es\/wp-json\/wp\/v2\/product_cat?post=74983"},{"taxonomy":"product_tag","embeddable":true,"href":"https:\/\/blackbird.store360.it\/es\/wp-json\/wp\/v2\/product_tag?post=74983"}],"curies":[{"name":"wp","href":"https:\/\/api.w.org\/{rel}","templated":true}]}}