{"id":30730,"date":"2025-07-25T18:04:21","date_gmt":"2025-07-25T16:04:21","guid":{"rendered":"https:\/\/alessiom160.sg-host.com\/?page_id=30730"},"modified":"2025-11-24T17:51:15","modified_gmt":"2025-11-24T16:51:15","slug":"oem","status":"publish","type":"page","link":"https:\/\/blackbird.store360.it\/fr\/oem\/","title":{"rendered":"OEM"},"content":{"rendered":"<div data-elementor-type=\"wp-page\" data-elementor-id=\"30730\" class=\"elementor elementor-30730\" data-elementor-post-type=\"page\">\n\t\t\t\t<section class=\"elementor-element elementor-element-bba599f e-con-full section-s e-flex e-con e-parent\" data-id=\"bba599f\" data-element_type=\"container\">\n\t\t<div class=\"elementor-element elementor-element-29438d7 e-con-full e-flex e-con e-child\" data-id=\"29438d7\" data-element_type=\"container\">\n\t\t\t\t<div class=\"elementor-element elementor-element-2a845a6 elementor-widget elementor-widget-heading\" data-id=\"2a845a6\" data-element_type=\"widget\" data-widget_type=\"heading.default\">\n\t\t\t\t\t<h2 class=\"elementor-heading-title elementor-size-default\">Mission<\/h2>\t\t\t\t<\/div>\n\t\t\t\t<div class=\"elementor-element elementor-element-b5428bc elementor-widget elementor-widget-text-editor\" data-id=\"b5428bc\" data-element_type=\"widget\" data-widget_type=\"text-editor.default\">\n\t\t\t\t\t\t\t\t\t<p>BBr o.e.m. veut offrir un service complet et qualifi\u00e9 adapt\u00e9 aux besoins de chaque client, tant dans la phase de conception que dans celle de production pour la d\u00e9coration, \u00e0 l\u2019aide d\u2019autocollants, des v\u00e9hicules \u00e0 deux et quatre roues.<\/p><p>A partir de l\u2019industrialisation des fichiers graphiques jusqu\u2019\u00e0 l\u2019emballage et l\u2019exp\u00e9dition des produits, BBr o.e.m. g\u00e8re en interne toutes les op\u00e9rations interm\u00e9diaires.<br \/>Cela nous garantit toujours un contr\u00f4le total de la qualit\u00e9 et de la productivit\u00e9 de chaque article produit.<\/p>\t\t\t\t\t\t\t\t<\/div>\n\t\t<section class=\"elementor-element elementor-element-acca076 e-con-full e-flex e-con e-child\" data-id=\"acca076\" data-element_type=\"container\">\n\t\t<div class=\"elementor-element elementor-element-8ff7438 e-con-full section-left-s e-flex e-con e-child\" data-id=\"8ff7438\" data-element_type=\"container\" data-settings=\"{&quot;background_background&quot;:&quot;classic&quot;}\">\n\t\t<div class=\"elementor-element elementor-element-202c580 e-con-full e-flex e-con e-child\" data-id=\"202c580\" data-element_type=\"container\">\n\t\t\t\t<div class=\"elementor-element elementor-element-27621b4 elementor-widget elementor-widget-heading\" data-id=\"27621b4\" data-element_type=\"widget\" data-widget_type=\"heading.default\">\n\t\t\t\t\t<h3 class=\"elementor-heading-title elementor-size-default\">objectifs<\/h3>\t\t\t\t<\/div>\n\t\t\t\t<\/div>\n\t\t\t\t<div class=\"elementor-element elementor-element-a9cf205 elementor-widget elementor-widget-text-editor\" data-id=\"a9cf205\" data-element_type=\"widget\" data-widget_type=\"text-editor.default\">\n\t\t\t\t\t\t\t\t\t<p>Nous aimons r\u00e9sumer nos objectifs par le mot <strong>RISS<\/strong><\/p><ul><li class=\"translation-block\"><strong>Recherche, de la plus haute qualit\u00e9 sur nos produits.<\/li><li><strong>I<\/strong>ndustrializzazione, della produzione mediante la continua ricerca di attrezzature tecnologicamente avanzate.<\/li><li><strong>S<\/strong>viluppo, di nuovi materiali in collaborazione con i clienti stessi.<\/li><li><strong>S<\/strong>oddisfazione del cliente.<\/li><\/ul>\t\t\t\t\t\t\t\t<\/div>\n\t\t\t\t<\/div>\n\t\t<div class=\"elementor-element elementor-element-d1d5e49 e-con-full section-right-s e-flex e-con e-child\" data-id=\"d1d5e49\" data-element_type=\"container\" data-settings=\"{&quot;background_background&quot;:&quot;classic&quot;}\">\n\t\t\t\t<\/div>\n\t\t\t\t<\/section>\n\t\t\t\t<\/div>\n\t\t<div class=\"elementor-element elementor-element-a6b64ce e-con-full e-flex e-con e-child\" data-id=\"a6b64ce\" data-element_type=\"container\">\n\t\t\t\t<div class=\"elementor-element elementor-element-8be531b elementor-widget elementor-widget-heading\" data-id=\"8be531b\" data-element_type=\"widget\" data-widget_type=\"heading.default\">\n\t\t\t\t\t<h2 class=\"elementor-heading-title elementor-size-default\">BBR O.E.M. production de kits adh\u00e9sifs<\/h2>\t\t\t\t<\/div>\n\t\t<div class=\"elementor-element elementor-element-2cf3298 e-con-full e-flex e-con e-child\" data-id=\"2cf3298\" data-element_type=\"container\">\n\t\t\t\t<div class=\"elementor-element elementor-element-55c0dda elementor-widget elementor-widget-heading\" data-id=\"55c0dda\" data-element_type=\"widget\" data-widget_type=\"heading.default\">\n\t\t\t\t\t<h3 class=\"elementor-heading-title elementor-size-default\">Progettazione ed elaborazione file\n<\/h3>\t\t\t\t<\/div>\n\t\t\t\t<div class=\"elementor-element elementor-element-3e7dc02 elementor-widget elementor-widget-text-editor\" data-id=\"3e7dc02\" data-element_type=\"widget\" data-widget_type=\"text-editor.default\">\n\t\t\t\t\t\t\t\t\t<p>BBr o.e.m., en collaboration avec des centres de stylisme et\/ou des agences graphiques s\u2019occupe de:<\/p><ul><li>\u00c9tude et choix du mat\u00e9riel le plus appropri\u00e9 en fonction du type de support sur lequel faire l\u2019application.<\/li><li>Dessinez les contours des emporte-pi\u00e8ces directement sur le v\u00e9hicule, en calculant les espaces d\u2019encombrement par rapport \u00e0 la meilleure applicabilit\u00e9 possible.<\/li><li>Fournir une pr\u00e9-s\u00e9rie fa\u00e7onn\u00e9e pour v\u00e9rifier l\u2019applicabilit\u00e9.<\/li><li>Modifier et r\u00e9aliser les surmoulages sur les fichiers ex\u00e9cutifs pour les rendre industrialisables en fonction du type d\u2019impression et des mat\u00e9riaux choisis.<\/li><li>R\u00e9aliser les installations n\u00e9cessaires \u00e0 l\u2019impression s\u00e9rigraphique d\u00e9finitive.<\/li><\/ul>\t\t\t\t\t\t\t\t<\/div>\n\t\t\t\t<\/div>\n\t\t<div class=\"elementor-element elementor-element-ad8bff6 e-con-full e-flex e-con e-child\" data-id=\"ad8bff6\" data-element_type=\"container\">\n\t\t\t\t<div class=\"elementor-element elementor-element-da7734f elementor-widget elementor-widget-heading\" data-id=\"da7734f\" data-element_type=\"widget\" data-widget_type=\"heading.default\">\n\t\t\t\t\t<h3 class=\"elementor-heading-title elementor-size-default\">Pr\u00e9paration de prototypes pour foires ou pr\u00e9sentations<\/h3>\t\t\t\t<\/div>\n\t\t\t\t<div class=\"elementor-element elementor-element-966bc34 elementor-widget elementor-widget-text-editor\" data-id=\"966bc34\" data-element_type=\"widget\" data-widget_type=\"text-editor.default\">\n\t\t\t\t\t\t\t\t\t<p>BBr o.e.m, s\u2019occupe de l\u2019impression, du d\u00e9coupage et de l\u2019application de tout type de prototype \u00e0 utiliser pour des foires, des manifestations, des s\u00e9ances photos ou m\u00eame simplement pour la vision compl\u00e8te du produit fini.<br \/>Ces prototypes sont r\u00e9alis\u00e9s par nous en utilisant les meilleures technologies d\u2019impression num\u00e9rique disponibles sur le march\u00e9.<\/p>\t\t\t\t\t\t\t\t<\/div>\n\t\t\t\t<\/div>\n\t\t<div class=\"elementor-element elementor-element-0984d51 e-con-full e-flex e-con e-child\" data-id=\"0984d51\" data-element_type=\"container\">\n\t\t\t\t<div class=\"elementor-element elementor-element-e663f2d elementor-widget elementor-widget-heading\" data-id=\"e663f2d\" data-element_type=\"widget\" data-widget_type=\"heading.default\">\n\t\t\t\t\t<h3 class=\"elementor-heading-title elementor-size-default\">Production des stickers<\/h3>\t\t\t\t<\/div>\n\t\t\t\t<div class=\"elementor-element elementor-element-a1d6bc9 elementor-widget elementor-widget-text-editor\" data-id=\"a1d6bc9\" data-element_type=\"widget\" data-widget_type=\"text-editor.default\">\n\t\t\t\t\t\t\t\t\t<p>BBr o.e.m, effectue 100% des travaux \u00e0 l\u2019int\u00e9rieur de son site de production de G\u00eanes, en utilisant un personnel hautement sp\u00e9cialis\u00e9 avec une excellente exp\u00e9rience dans le secteur et les meilleurs syst\u00e8mes d\u2019impression s\u00e9rigraphique automatis\u00e9s.<\/p>\t\t\t\t\t\t\t\t<\/div>\n\t\t<div class=\"elementor-element elementor-element-733713e e-con-full e-flex e-con e-child\" data-id=\"733713e\" data-element_type=\"container\" data-settings=\"{&quot;background_background&quot;:&quot;classic&quot;}\">\n\t\t\t\t<div class=\"elementor-element elementor-element-54a9783 elementor-widget elementor-widget-heading\" data-id=\"54a9783\" data-element_type=\"widget\" data-widget_type=\"heading.default\">\n\t\t\t\t\t<h4 class=\"elementor-heading-title elementor-size-default\">BBR O.E.M. production de housses de selle<\/h4>\t\t\t\t<\/div>\n\t\t\t\t<div class=\"elementor-element elementor-element-9291d66 elementor-widget elementor-widget-text-editor\" data-id=\"9291d66\" data-element_type=\"widget\" data-widget_type=\"text-editor.default\">\n\t\t\t\t\t\t\t\t\t<div>Un autre service que BBr o.e.m met \u00e0 disposition de ses clients est la conception et l\u2019industrialisation des housses de selle.<br \/>Le d\u00e9partement de recherche et d\u00e9veloppement de ce secteur travaille constamment avec toutes les \u00e9quipes de course que nous soutenons pour am\u00e9liorer et innover les mat\u00e9riaux n\u00e9cessaires \u00e0 la r\u00e9alisation du produit fini.<br \/>In collaborazione con tutte le pi\u00f9 prestigiose societ\u00e0 che si occupano della produzione delle selle complete, BBr o.e.m. si pu\u00f2 occupare della personalizzazione fornendo le parti laterali stampate sia in materiale antiscivolo che in materiale lucido. Un servizio veramente innovativo che sfrutta le conoscenze tecniche di una azienda grafica applicate ad un prodotto tecnico.<\/div>\t\t\t\t\t\t\t\t<\/div>\n\t\t\t\t<div class=\"elementor-element elementor-element-e84c835 elementor-widget elementor-widget-heading\" data-id=\"e84c835\" data-element_type=\"widget\" data-widget_type=\"heading.default\">\n\t\t\t\t\t<h4 class=\"elementor-heading-title elementor-size-default\">Packaging e controllo qualit\u00e0<\/h4>\t\t\t\t<\/div>\n\t\t\t\t<div class=\"elementor-element elementor-element-9a0ac47 elementor-widget elementor-widget-text-editor\" data-id=\"9a0ac47\" data-element_type=\"widget\" data-widget_type=\"text-editor.default\">\n\t\t\t\t\t\t\t\t\t<div>BBr o.e.m pu\u00f2 confezionare, anche singolarmente in blister, tutti gli stickers.<br \/>I blister possono essere standard o personalizzati, possono essere dotati di etichette con qualsiasi sistema di riconoscimento richiesto dal cliente.<br \/>Tutti gli stickers da noi prodotti passano dal reparto controllo qualit\u00e0 e vengono controllati singolarmente, scartando tutti quelli ritenuto non idonei.<\/div>\t\t\t\t\t\t\t\t<\/div>\n\t\t\t\t<div class=\"elementor-element elementor-element-6a349da elementor-widget elementor-widget-heading\" data-id=\"6a349da\" data-element_type=\"widget\" data-widget_type=\"heading.default\">\n\t\t\t\t\t<h4 class=\"elementor-heading-title elementor-size-default\">Ricerca e sviluppo<\/h4>\t\t\t\t<\/div>\n\t\t\t\t<div class=\"elementor-element elementor-element-6575ac6 elementor-widget elementor-widget-text-editor\" data-id=\"6575ac6\" data-element_type=\"widget\" data-widget_type=\"text-editor.default\">\n\t\t\t\t\t\t\t\t\t<div>Cervello e cuore della BBr o.e.m. \u00e8 certamente il reparto di Ricerca e Sviluppo strutturato per rispondere in tempo reale a tutte le richieste ed esigenze dei clienti.<br \/>Il reparto mantiene stretti contatti con tutti i nostri principali fornitori di materie prime oltre ad essere dotato di tutte quelle attrezzature che permettono l\u2019invecchiamento accelerato dei prodotti finiti per poter, in seguito, certificare una garanzia.<br \/>Il reparto ricerca e sviluppo \u00e8 la vera anima del Gruppo Blackbird, il fiore all\u2019occhiello di un\u2019azienda che ha fatto dell\u2019innovazione il proprio marchio di fabbrica.<\/div>\t\t\t\t\t\t\t\t<\/div>\n\t\t\t\t<\/div>\n\t\t\t\t<\/div>\n\t\t\t\t<\/div>\n\t\t\t\t<\/section>\n\t\t\t\t<\/div>","protected":false},"excerpt":{"rendered":"<p>Mission BBr o.e.m. vuole offrire un servizio completo e qualificato adatto alle esigenze di ogni cliente sia nella fase di progettazione che in quella di produzione per la decorazione, tramite stickers, dei veicoli a due e quattro ruote. Partendo dall\u2019industrializzazione dei file grafici fino ad arrivare alla confezione e spedizione dei prodotti, la BBr o.e.m. [&hellip;]<\/p>","protected":false},"author":1,"featured_media":77138,"parent":0,"menu_order":0,"comment_status":"closed","ping_status":"closed","template":"","meta":{"_acf_changed":false,"footnotes":""},"class_list":["post-30730","page","type-page","status-publish","has-post-thumbnail","hentry"],"acf":[],"_links":{"self":[{"href":"https:\/\/blackbird.store360.it\/fr\/wp-json\/wp\/v2\/pages\/30730","targetHints":{"allow":["GET"]}}],"collection":[{"href":"https:\/\/blackbird.store360.it\/fr\/wp-json\/wp\/v2\/pages"}],"about":[{"href":"https:\/\/blackbird.store360.it\/fr\/wp-json\/wp\/v2\/types\/page"}],"author":[{"embeddable":true,"href":"https:\/\/blackbird.store360.it\/fr\/wp-json\/wp\/v2\/users\/1"}],"replies":[{"embeddable":true,"href":"https:\/\/blackbird.store360.it\/fr\/wp-json\/wp\/v2\/comments?post=30730"}],"version-history":[{"count":10,"href":"https:\/\/blackbird.store360.it\/fr\/wp-json\/wp\/v2\/pages\/30730\/revisions"}],"predecessor-version":[{"id":31159,"href":"https:\/\/blackbird.store360.it\/fr\/wp-json\/wp\/v2\/pages\/30730\/revisions\/31159"}],"wp:featuredmedia":[{"embeddable":true,"href":"https:\/\/blackbird.store360.it\/fr\/wp-json\/wp\/v2\/media\/77138"}],"wp:attachment":[{"href":"https:\/\/blackbird.store360.it\/fr\/wp-json\/wp\/v2\/media?parent=30730"}],"curies":[{"name":"wp","href":"https:\/\/api.w.org\/{rel}","templated":true}]}}