{"id":30810,"date":"2025-07-28T12:27:50","date_gmt":"2025-07-28T10:27:50","guid":{"rendered":"https:\/\/alessiom160.sg-host.com\/?page_id=30810"},"modified":"2025-11-24T17:49:16","modified_gmt":"2025-11-24T16:49:16","slug":"karting","status":"publish","type":"page","link":"https:\/\/blackbird.store360.it\/fr\/karting\/","title":{"rendered":"Karting"},"content":{"rendered":"<div data-elementor-type=\"wp-page\" data-elementor-id=\"30810\" class=\"elementor elementor-30810\" data-elementor-post-type=\"page\">\n\t\t\t\t<section class=\"elementor-element elementor-element-bba599f e-con-full section-s e-flex e-con e-parent\" data-id=\"bba599f\" data-element_type=\"container\">\n\t\t<div class=\"elementor-element elementor-element-29438d7 e-con-full e-flex e-con e-child\" data-id=\"29438d7\" data-element_type=\"container\">\n\t\t\t\t<div class=\"elementor-element elementor-element-6f59cec elementor-widget elementor-widget-text-editor\" data-id=\"6f59cec\" data-element_type=\"widget\" data-widget_type=\"text-editor.default\">\n\t\t\t\t\t\t\t\t\t<div>Blackbird Racing est \u00e9galement sp\u00e9cialis\u00e9 dans la production de kits d\u2019autocollants pour tous les mod\u00e8les de kart sur le march\u00e9. Le grand professionnalisme et l\u2019exp\u00e9rience acquise dans la collaboration pluriannuelle avec les principales entreprises de production, a conduit notre entreprise \u00e0 \u00eatre leader sur le march\u00e9 mondial.<\/div>\t\t\t\t\t\t\t\t<\/div>\n\t\t\t\t<div class=\"elementor-element elementor-element-2a845a6 elementor-widget elementor-widget-heading\" data-id=\"2a845a6\" data-element_type=\"widget\" data-widget_type=\"heading.default\">\n\t\t\t\t\t<h2 class=\"elementor-heading-title elementor-size-default\">caract\u00e9ristiques techniques<\/h2>\t\t\t\t<\/div>\n\t\t\t\t<div class=\"elementor-element elementor-element-b5428bc elementor-widget elementor-widget-text-editor\" data-id=\"b5428bc\" data-element_type=\"widget\" data-widget_type=\"text-editor.default\">\n\t\t\t\t\t\t\t\t\t<p>Tous les kits autocollants que nous produisons sont r\u00e9alis\u00e9s avec s\u00e9rigraphie multicolore sur le dos du mat\u00e9riel.<br \/>Ce syst\u00e8me garantit une excellente r\u00e9sistance \u00e0 tout type d\u2019abrasion superficielle.<\/p><ul><li><strong>CRYSTALL<br \/><\/strong>Nous utilisons un crystall produit selon nos sp\u00e9cifications, d\u2019une \u00e9paisseur de 0,5 mm, constitu\u00e9 avec des plastifiants polym\u00e8res tr\u00e8s flexible et facile \u00e0 appliquer.<\/li><li><strong>adh\u00e9sif<br \/><\/strong>L\u2019adh\u00e9sif positionn\u00e9 sur le dos est \u00e9galement de notre production car il a \u00e9t\u00e9 sp\u00e9cialement con\u00e7u pour \u00eatre appliqu\u00e9 sur des plastiques en polypropyl\u00e8ne.<\/li><li><strong>impression<br \/><\/strong>L\u2019impression est r\u00e9alis\u00e9e en s\u00e9rigraphie avec des encres \u00e0 tr\u00e8s haute r\u00e9sistance aux agents atmosph\u00e9riques, tr\u00e8s brillantes et bien d\u00e9finies dans les d\u00e9tails. Nous pouvons utiliser des encres fluorescentes, argent\u00e9es et dor\u00e9es \u00e0 paillettes, ainsi que divers effets de miroir.<\/li><li><strong>coupe<br \/><\/strong>Tous les kits de notre production sont d\u00e9coup\u00e9s avec des traceurs plats \u00e0 contr\u00f4le \u00e9lectronique qui garantissent non seulement une excellente pr\u00e9cision, mais \u00e9galement la compensation d\u2019\u00e9ventuelles dilatations du mat\u00e9riau lui-m\u00eame.<\/li><li><strong>emballage<br \/><\/strong>Nous pouvons emballer les kits, sur demande sp\u00e9cifique, \u00e9galement individuellement. Nous utilisons un syst\u00e8me de plastique thermor\u00e9tract\u00e9, qui en plus de rendre le produit esth\u00e9tiquement agr\u00e9able, \u00e9vite que les diff\u00e9rentes parties du kit ne se d\u00e9placent \u00e0 l\u2019int\u00e9rieur.<\/li><\/ul>\t\t\t\t\t\t\t\t<\/div>\n\t\t<section class=\"elementor-element elementor-element-acca076 e-con-full e-flex e-con e-child\" data-id=\"acca076\" data-element_type=\"container\">\n\t\t<div class=\"elementor-element elementor-element-8ff7438 e-con-full section-left-s e-flex e-con e-child\" data-id=\"8ff7438\" data-element_type=\"container\" data-settings=\"{&quot;background_background&quot;:&quot;classic&quot;}\">\n\t\t\t\t<div class=\"elementor-element elementor-element-27621b4 elementor-widget elementor-widget-heading\" data-id=\"27621b4\" data-element_type=\"widget\" data-widget_type=\"heading.default\">\n\t\t\t\t\t<h3 class=\"elementor-heading-title elementor-size-default\">TECHNOLOGIE D\u2019IMPRESSION DE POINTE\n<\/h3>\t\t\t\t<\/div>\n\t\t\t\t<div class=\"elementor-element elementor-element-a9cf205 elementor-widget elementor-widget-text-editor\" data-id=\"a9cf205\" data-element_type=\"widget\" data-widget_type=\"text-editor.default\">\n\t\t\t\t\t\t\t\t\t<div>Tous nos kits sont r\u00e9alis\u00e9s en s\u00e9rigraphie, nous pouvons \u00e9galement ajouter les technologies d\u2019impression suivantes\u00a0:<\/div><ul><li><strong>EFFET B-CROME<br \/><\/strong>Cette technique d\u2019impression consiste en la r\u00e9alisation de couleurs \u00e0 effet miroir et chrome.<br \/>Abbiamo molteplici soluzioni grafiche da proporre e personalizzare.<\/li><li><strong>EFFETTO GLITTER<br \/><\/strong>Questa tecnica di stampa consiste nella realizzazione di colori con effetto metalizzato perlato.<br \/>Dans ce cas \u00e9galement, nous pouvons personnaliser les couleurs en utilisant toujours le m\u00eame effet.<\/li><li><strong>EFFET FLUO<br \/><\/strong>Cette technique d\u2019impression consiste \u00e0 utiliser des encres fluorescentes.<br \/>Ceux-ci garantissent une excellente visibilit\u00e9 et brillance du kit lui-m\u00eame.<\/li><li><strong>EFFET IRRITANT<br \/><\/strong>Nous pouvons utiliser des encres qui changent le reflet de la couleur en fonction de la r\u00e9fraction de la lumi\u00e8re elle-m\u00eame.<\/li><\/ul>\t\t\t\t\t\t\t\t<\/div>\n\t\t\t\t<\/div>\n\t\t<div class=\"elementor-element elementor-element-d1d5e49 e-con-full section-right-s e-flex e-con e-child\" data-id=\"d1d5e49\" data-element_type=\"container\" data-settings=\"{&quot;background_background&quot;:&quot;classic&quot;}\">\n\t\t\t\t<\/div>\n\t\t\t\t<\/section>\n\t\t\t\t<\/div>\n\t\t<div class=\"elementor-element elementor-element-a6b64ce e-con-full e-flex e-con e-child\" data-id=\"a6b64ce\" data-element_type=\"container\">\n\t\t\t\t<div class=\"elementor-element elementor-element-8be531b elementor-widget elementor-widget-heading\" data-id=\"8be531b\" data-element_type=\"widget\" data-widget_type=\"heading.default\">\n\t\t\t\t\t<h2 class=\"elementor-heading-title elementor-size-default\">studio graphique<\/h2>\t\t\t\t<\/div>\n\t\t\t\t<div class=\"elementor-element elementor-element-3e7dc02 elementor-widget elementor-widget-text-editor\" data-id=\"3e7dc02\" data-element_type=\"widget\" data-widget_type=\"text-editor.default\">\n\t\t\t\t\t\t\t\t\t<p>Au sein de notre entreprise, une \u00e9quipe compl\u00e8te de personnes sp\u00e9cialis\u00e9es dans le secteur est toujours disponible pour la cr\u00e9ation de tout projet graphique ou pour aider \u00e0 industrialiser un projet existant.<br \/>Nous pouvons donc nous occuper \u00e0 la fois du projet complet et, en collaboration avec le centre de style des entreprises, uniquement de la partie technique concernant les ajustements et la cr\u00e9ation de surmontages d\u2019impression.<\/p>\t\t\t\t\t\t\t\t<\/div>\n\t\t\t\t<div class=\"elementor-element elementor-element-9a865ae elementor-widget elementor-widget-heading\" data-id=\"9a865ae\" data-element_type=\"widget\" data-widget_type=\"heading.default\">\n\t\t\t\t\t<h2 class=\"elementor-heading-title elementor-size-default\">pr\u00e9ventifs<\/h2>\t\t\t\t<\/div>\n\t\t\t\t<div class=\"elementor-element elementor-element-966bc34 elementor-widget elementor-widget-text-editor\" data-id=\"966bc34\" data-element_type=\"widget\" data-widget_type=\"text-editor.default\">\n\t\t\t\t\t\t\t\t\t<p>Nous avons les gabarits de tous les principaux fabricants de plastique pour kart, nous pouvons donc r\u00e9aliser gratuitement tout type de devis requis.<\/p>\t\t\t\t\t\t\t\t<\/div>\n\t\t\t\t<\/div>\n\t\t\t\t<\/section>\n\t\t\t\t<\/div>","protected":false},"excerpt":{"rendered":"<p>Blackbird Racing \u00e8 specializzata anche nella produzione di kit adesivi per tutti i modelli di go-kart in commercio. La grande professionalit\u00e0 ed esperienza maturata nella collaborazione pluriennale con le maggiori aziende produttrici, ha portato la nostra azienda ad essere leader nel mercato mondiale. CARATTERISTICHE TECNICHE Tutti i kit adesivi da noi prodotti vengono realizzati con [&hellip;]<\/p>","protected":false},"author":1,"featured_media":77130,"parent":0,"menu_order":0,"comment_status":"closed","ping_status":"closed","template":"","meta":{"_acf_changed":false,"footnotes":""},"class_list":["post-30810","page","type-page","status-publish","has-post-thumbnail","hentry"],"acf":[],"_links":{"self":[{"href":"https:\/\/blackbird.store360.it\/fr\/wp-json\/wp\/v2\/pages\/30810","targetHints":{"allow":["GET"]}}],"collection":[{"href":"https:\/\/blackbird.store360.it\/fr\/wp-json\/wp\/v2\/pages"}],"about":[{"href":"https:\/\/blackbird.store360.it\/fr\/wp-json\/wp\/v2\/types\/page"}],"author":[{"embeddable":true,"href":"https:\/\/blackbird.store360.it\/fr\/wp-json\/wp\/v2\/users\/1"}],"replies":[{"embeddable":true,"href":"https:\/\/blackbird.store360.it\/fr\/wp-json\/wp\/v2\/comments?post=30810"}],"version-history":[{"count":13,"href":"https:\/\/blackbird.store360.it\/fr\/wp-json\/wp\/v2\/pages\/30810\/revisions"}],"predecessor-version":[{"id":31156,"href":"https:\/\/blackbird.store360.it\/fr\/wp-json\/wp\/v2\/pages\/30810\/revisions\/31156"}],"wp:featuredmedia":[{"embeddable":true,"href":"https:\/\/blackbird.store360.it\/fr\/wp-json\/wp\/v2\/media\/77130"}],"wp:attachment":[{"href":"https:\/\/blackbird.store360.it\/fr\/wp-json\/wp\/v2\/media?parent=30810"}],"curies":[{"name":"wp","href":"https:\/\/api.w.org\/{rel}","templated":true}]}}