{"id":67147,"date":"2025-10-15T19:31:55","date_gmt":"2025-10-15T17:31:55","guid":{"rendered":"https:\/\/blackbird.store360.it\/it\/prodotto\/copertina-sella-replica-team-hrc-honda-3\/"},"modified":"2025-10-21T17:45:28","modified_gmt":"2025-10-21T15:45:28","slug":"copertina-sella-replica-team-hrc-honda-3","status":"publish","type":"product","link":"https:\/\/blackbird.store360.it\/fr\/produit\/copertina-sella-replica-team-hrc-honda-3\/","title":{"rendered":"Housse de Selle Replica Team HRC HONDA"},"content":{"rendered":"<p>Housse de selle destin\u00e9e \u00e0 remplacer l'originale. Elle est produite \u00e0 l'aide des meilleures technologies pr\u00e9sentes sur le march\u00e9. Elle va parfaitement avec les gabarits de la selle de la moto, m\u00eame avec les mousse selles plus hautes jusqu'\u00e0 environ 2 cm. Les sp\u00e9ciales coutures sur cette housse de selle ont \u00e9t\u00e9 projet\u00e9es dans le but de retenir le pilote dans les phases d'acc\u00e9l\u00e9ration de la moto et, au m\u00eame temps, de lui permettre ais\u00e9ment de glisser en avant quand n\u00e9cessaire. Directement du Championnat du Monde de Motocross<\/p>","protected":false},"excerpt":{"rendered":"<p>Housse de Selle Replica Team HRC HONDA<\/p>","protected":false},"featured_media":67145,"comment_status":"open","ping_status":"closed","template":"","meta":{"_acf_changed":false},"product_brand":[],"product_cat":[29,34,31,30],"product_tag":[26],"class_list":{"0":"post-67147","1":"product","2":"type-product","3":"status-publish","4":"has-post-thumbnail","6":"product_cat-copertine-sella","7":"product_cat-crf-250-cs","8":"product_cat-crf-450-cs","9":"product_cat-honda-cs","10":"product_tag-blackbird","12":"first","13":"instock","14":"shipping-taxable","15":"purchasable","16":"product-type-simple"},"acf":[],"_links":{"self":[{"href":"https:\/\/blackbird.store360.it\/fr\/wp-json\/wp\/v2\/product\/67147","targetHints":{"allow":["GET"]}}],"collection":[{"href":"https:\/\/blackbird.store360.it\/fr\/wp-json\/wp\/v2\/product"}],"about":[{"href":"https:\/\/blackbird.store360.it\/fr\/wp-json\/wp\/v2\/types\/product"}],"replies":[{"embeddable":true,"href":"https:\/\/blackbird.store360.it\/fr\/wp-json\/wp\/v2\/comments?post=67147"}],"wp:featuredmedia":[{"embeddable":true,"href":"https:\/\/blackbird.store360.it\/fr\/wp-json\/wp\/v2\/media\/67145"}],"wp:attachment":[{"href":"https:\/\/blackbird.store360.it\/fr\/wp-json\/wp\/v2\/media?parent=67147"}],"wp:term":[{"taxonomy":"product_brand","embeddable":true,"href":"https:\/\/blackbird.store360.it\/fr\/wp-json\/wp\/v2\/product_brand?post=67147"},{"taxonomy":"product_cat","embeddable":true,"href":"https:\/\/blackbird.store360.it\/fr\/wp-json\/wp\/v2\/product_cat?post=67147"},{"taxonomy":"product_tag","embeddable":true,"href":"https:\/\/blackbird.store360.it\/fr\/wp-json\/wp\/v2\/product_tag?post=67147"}],"curies":[{"name":"wp","href":"https:\/\/api.w.org\/{rel}","templated":true}]}}