{"id":67593,"date":"2025-10-15T19:58:52","date_gmt":"2025-10-15T17:58:52","guid":{"rendered":"https:\/\/blackbird.store360.it\/it\/prodotto\/copertina-sella-double-grip-3-kawasaki-3\/"},"modified":"2025-10-21T17:46:48","modified_gmt":"2025-10-21T15:46:48","slug":"copertina-sella-double-grip-3-kawasaki-3","status":"publish","type":"product","link":"https:\/\/blackbird.store360.it\/fr\/produit\/copertina-sella-double-grip-3-kawasaki-3\/","title":{"rendered":"Housse de Selle Double Grip 3 KAWASAKI"},"content":{"rendered":"<p>Housse de selle destin\u00e9e \u00e0 remplacer l'originale. Elle est produite \u00e0 l'aide des meilleures technologies pr\u00e9sentes sur le march\u00e9. Elle va parfaitement avec les gabarits de la selle de la moto, m\u00eame avec les mousse selles plus hautes jusqu'\u00e0 environ 2 cm. Etudi\u00e9e pour faire face \u00e0 l'exigence d'avoir plus d'adh\u00e9rence sur la selle dans la phase d'acc\u00e9l\u00e9ration. Les sp\u00e9ciales bandes, de la couleur de la moto, sont en relief et ont un effet antid\u00e9rapant. Nos test-riders du Championnat du Monde en ont exalt\u00e9 les suivantes caract\u00e9ristiques  :  - Haut pouvoir antid\u00e9rapant - Forte durabilit\u00e9 dans le temps - Au look agressif et \u00e0 la mode<\/p>","protected":false},"excerpt":{"rendered":"<p>Housse de Selle Double Grip 3 KAWASAKI<\/p>","protected":false},"featured_media":67591,"comment_status":"open","ping_status":"closed","template":"","meta":[],"product_brand":[],"product_cat":[29,89,91,90],"product_tag":[26],"class_list":{"0":"post-67593","1":"product","2":"type-product","3":"status-publish","4":"has-post-thumbnail","6":"product_cat-copertine-sella","7":"product_cat-kawasaki-cs","8":"product_cat-kxf-250-cs","9":"product_cat-kxf-450-cs","10":"product_tag-blackbird","12":"first","13":"instock","14":"shipping-taxable","15":"purchasable","16":"product-type-simple"},"_links":{"self":[{"href":"https:\/\/blackbird.store360.it\/fr\/wp-json\/wp\/v2\/product\/67593","targetHints":{"allow":["GET"]}}],"collection":[{"href":"https:\/\/blackbird.store360.it\/fr\/wp-json\/wp\/v2\/product"}],"about":[{"href":"https:\/\/blackbird.store360.it\/fr\/wp-json\/wp\/v2\/types\/product"}],"replies":[{"embeddable":true,"href":"https:\/\/blackbird.store360.it\/fr\/wp-json\/wp\/v2\/comments?post=67593"}],"wp:featuredmedia":[{"embeddable":true,"href":"https:\/\/blackbird.store360.it\/fr\/wp-json\/wp\/v2\/media\/67591"}],"wp:attachment":[{"href":"https:\/\/blackbird.store360.it\/fr\/wp-json\/wp\/v2\/media?parent=67593"}],"wp:term":[{"taxonomy":"product_brand","embeddable":true,"href":"https:\/\/blackbird.store360.it\/fr\/wp-json\/wp\/v2\/product_brand?post=67593"},{"taxonomy":"product_cat","embeddable":true,"href":"https:\/\/blackbird.store360.it\/fr\/wp-json\/wp\/v2\/product_cat?post=67593"},{"taxonomy":"product_tag","embeddable":true,"href":"https:\/\/blackbird.store360.it\/fr\/wp-json\/wp\/v2\/product_tag?post=67593"}],"curies":[{"name":"wp","href":"https:\/\/api.w.org\/{rel}","templated":true}]}}